{"id":710,"date":"2025-07-24T07:22:30","date_gmt":"2025-07-24T04:22:30","guid":{"rendered":"https:\/\/bossmetal.net\/?page_id=710"},"modified":"2025-08-28T16:15:57","modified_gmt":"2025-08-28T13:15:57","slug":"gizlilik-politikasi","status":"publish","type":"page","link":"https:\/\/bossmetal.net\/tr\/gizlilik-politikasi\/","title":{"rendered":"Gizlilik Politikas\u0131"},"content":{"rendered":"<div data-elementor-type=\"wp-page\" data-elementor-id=\"710\" class=\"elementor elementor-710\" data-elementor-post-type=\"page\">\n\t\t\t\t<div class=\"elementor-element elementor-element-c9c7911 e-con-full e-flex e-con e-parent\" data-id=\"c9c7911\" data-element_type=\"container\" data-e-type=\"container\">\n\t\t\t\t<div class=\"elementor-element elementor-element-fe30687 elementor-widget__width-initial elementor-widget elementor-widget-heading\" data-id=\"fe30687\" data-element_type=\"widget\" data-e-type=\"widget\" data-widget_type=\"heading.default\">\n\t\t\t\t\t<h2 class=\"elementor-heading-title elementor-size-default\">Gizlilik Politikas\u0131<\/h2>\t\t\t\t<\/div>\n\t\t\t\t<div class=\"elementor-element elementor-element-b2fc090 elementor-widget__width-initial elementor-widget-mobile__width-inherit elementor-widget elementor-widget-text-editor\" data-id=\"b2fc090\" data-element_type=\"widget\" data-e-type=\"widget\" data-widget_type=\"text-editor.default\">\n\t\t\t\t\t\t\t\t\t<p>Son G\u00fcncelleme 28\/08\/2025<\/p>\t\t\t\t\t\t\t\t<\/div>\n\t\t\t\t<\/div>\n\t\t<div class=\"elementor-element elementor-element-2981868 e-con-full e-flex e-con e-parent\" data-id=\"2981868\" data-element_type=\"container\" data-e-type=\"container\">\n\t\t\t\t<div class=\"elementor-element elementor-element-bb17069 elementor-widget__width-initial elementor-widget-mobile__width-inherit elementor-widget elementor-widget-text-editor\" data-id=\"bb17069\" data-element_type=\"widget\" data-e-type=\"widget\" data-widget_type=\"text-editor.default\">\n\t\t\t\t\t\t\t\t\t<p data-start=\"379\" data-end=\"664\">At <strong data-start=\"382\" data-end=\"396\">Patron Metal<\/strong> (\"biz\", \"bizim\", \"bize\") olarak, gizlili\u011finize sayg\u0131 duyuyoruz ve bizimle payla\u015ft\u0131\u011f\u0131n\u0131z ki\u015fisel bilgileri korumay\u0131 taahh\u00fct ediyoruz. Bu Gizlilik Politikas\u0131, web sitemizi ziyaret etti\u011finizde bilgilerinizi nas\u0131l toplad\u0131\u011f\u0131m\u0131z\u0131, kulland\u0131\u011f\u0131m\u0131z\u0131 ve korudu\u011fumuzu a\u00e7\u0131klamaktad\u0131r <strong data-start=\"624\" data-end=\"649\"><a class=\"decorated-link\" href=\"https:\/\/bossmetal.net\/tr\/?utm_source=chatgpt.com\" target=\"_new\" rel=\"noopener\" data-start=\"626\" data-end=\"647\">https:\/\/bossmetal.net<\/a><\/strong> (\"Web Sitesi\").<\/p><p data-start=\"666\" data-end=\"795\">Bu Web Sitesini kullanarak, bu Gizlilik Politikas\u0131n\u0131n \u015fartlar\u0131n\u0131 kabul etmi\u015f olursunuz. Kabul etmiyorsan\u0131z, l\u00fctfen Web Sitemizi kullanmay\u0131 b\u0131rak\u0131n.<\/p><p data-start=\"802\" data-end=\"830\"><strong>1. Toplad\u0131\u011f\u0131m\u0131z Bilgiler<\/strong><\/p><p data-start=\"831\" data-end=\"955\">Web sitemizle etkile\u015fime girdi\u011finizde, \u00f6zellikle de a\u015fa\u011f\u0131daki bilgileri kulland\u0131\u011f\u0131n\u0131zda a\u015fa\u011f\u0131daki bilgileri toplayabiliriz <strong data-start=\"936\" data-end=\"952\">\u0130leti\u015fim Formu<\/strong>:<\/p><ul data-start=\"957\" data-end=\"1116\"><li data-start=\"957\" data-end=\"970\"><p data-start=\"959\" data-end=\"970\">Ad Soyad<\/p><\/li><li data-start=\"971\" data-end=\"987\"><p data-start=\"973\" data-end=\"987\">\u015eirket Ad\u0131<\/p><\/li><li data-start=\"988\" data-end=\"1005\"><p data-start=\"990\" data-end=\"1005\">E-posta Adresi<\/p><\/li><li data-start=\"1006\" data-end=\"1022\"><p data-start=\"1008\" data-end=\"1022\">Telefon Numaras\u0131<\/p><\/li><li data-start=\"1023\" data-end=\"1041\"><p data-start=\"1025\" data-end=\"1041\">\u00dclke\/B\u00f6lge<\/p><\/li><li data-start=\"1042\" data-end=\"1116\"><p data-start=\"1044\" data-end=\"1116\">Mesaj detaylar\u0131 ve gereksinimleri (se\u00e7ilen \u00fcr\u00fcn kategorisi dahil)<\/p><\/li><\/ul><p data-start=\"1118\" data-end=\"1222\">Ayr\u0131ca, \u00e7o\u011fu web sitesi gibi, otomatik olarak s\u0131n\u0131rl\u0131 teknik bilgi toplayabiliriz, \u00f6rne\u011fin:<\/p><ul data-start=\"1223\" data-end=\"1376\"><li data-start=\"1223\" data-end=\"1242\"><p data-start=\"1225\" data-end=\"1242\">IP adresiniz<\/p><\/li><li data-start=\"1243\" data-end=\"1271\"><p data-start=\"1245\" data-end=\"1271\">Taray\u0131c\u0131 t\u00fcr\u00fc ve s\u00fcr\u00fcm\u00fc<\/p><\/li><li data-start=\"1272\" data-end=\"1308\"><p data-start=\"1274\" data-end=\"1308\">Cihaz tipi ve i\u015fletim sistemi<\/p><\/li><li data-start=\"1309\" data-end=\"1376\"><p data-start=\"1311\" data-end=\"1376\">Temel \u00e7erezler (Web sitesi i\u015flevselli\u011fini \u00f6nbelle\u011fe almak ve geli\u015ftirmek i\u00e7in)<\/p><\/li><\/ul><p data-start=\"1383\" data-end=\"1416\"><strong>2. Bilgilerinizi Nas\u0131l Kullan\u0131yoruz<\/strong><\/p><p data-start=\"1417\" data-end=\"1472\">Toplanan verileri a\u015fa\u011f\u0131daki ama\u00e7lar i\u00e7in kullan\u0131r\u0131z:<\/p><ul data-start=\"1474\" data-end=\"1728\"><li data-start=\"1474\" data-end=\"1519\"><p data-start=\"1476\" data-end=\"1519\">Sorular\u0131n\u0131za veya taleplerinize yan\u0131t vermek i\u00e7in.<\/p><\/li><li data-start=\"1520\" data-end=\"1579\"><p data-start=\"1522\" data-end=\"1579\">\u00dcr\u00fcnlerimiz ve hizmetlerimiz hakk\u0131nda bilgi vermek i\u00e7in.<\/p><\/li><li data-start=\"1580\" data-end=\"1666\"><p data-start=\"1582\" data-end=\"1666\">Potansiyel ve mevcut m\u00fc\u015fterilerle ileti\u015fimin dahili kay\u0131tlar\u0131n\u0131 tutmak.<\/p><\/li><li data-start=\"1667\" data-end=\"1728\"><p data-start=\"1669\" data-end=\"1728\">Web sitemizin i\u015flevselli\u011fini ve kullan\u0131c\u0131 deneyimini geli\u015ftirmek i\u00e7in.<\/p><\/li><\/ul><p data-start=\"1730\" data-end=\"1828\">Biz yapaca\u011f\u0131z <strong data-start=\"1738\" data-end=\"1768\">asla satmay\u0131n, kiralamay\u0131n veya takas etmeyin<\/strong> bilgilerinizi pazarlama amac\u0131yla \u00fc\u00e7\u00fcnc\u00fc taraflara vermek.<\/p><p data-start=\"1835\" data-end=\"1881\"><strong>3. \u0130\u015flemenin Yasal Dayana\u011f\u0131 (GDPR Bildirimi)<\/strong><\/p><p data-start=\"1882\" data-end=\"1979\">Avrupa'dan gelen ziyaret\u00e7iler i\u00e7in <strong data-start=\"1904\" data-end=\"1927\">Avrupa Birli\u011fi (AB)<\/strong>ki\u015fisel verileri i\u015flemek i\u00e7in yasal dayana\u011f\u0131m\u0131zd\u0131r:<\/p><ul data-start=\"1980\" data-end=\"2214\"><li data-start=\"1980\" data-end=\"2089\"><p data-start=\"1982\" data-end=\"2089\"><strong data-start=\"1982\" data-end=\"1993\">R\u0131za<\/strong>: Formu g\u00f6ndermeden \u00f6nce veri izni kutusunu i\u015faretleyerek a\u00e7\u0131k onay verirsiniz.<\/p><\/li><li data-start=\"2090\" data-end=\"2214\"><p data-start=\"2092\" data-end=\"2214\"><strong data-start=\"2092\" data-end=\"2115\">Me\u015fru Menfaat<\/strong>: Sorgular\u0131 i\u015fliyor ve i\u015f y\u00fcr\u00fctmek amac\u0131yla ileti\u015fim kay\u0131tlar\u0131n\u0131 tutuyoruz.<\/p><\/li><\/ul><p data-start=\"2221\" data-end=\"2241\"><strong>4. Veri Saklama<\/strong><\/p><p data-start=\"2242\" data-end=\"2302\">Ki\u015fisel verilerinizi yaln\u0131zca a\u015fa\u011f\u0131dakiler i\u00e7in gerekli oldu\u011fu s\u00fcrece saklar\u0131z:<\/p><ul data-start=\"2303\" data-end=\"2413\"><li data-start=\"2303\" data-end=\"2333\"><p data-start=\"2305\" data-end=\"2333\">Sorular\u0131n\u0131za yan\u0131t verin.<\/p><\/li><li data-start=\"2334\" data-end=\"2368\"><p data-start=\"2336\" data-end=\"2368\">Yasal y\u00fck\u00fcml\u00fcl\u00fcklere uymak.<\/p><\/li><li data-start=\"2369\" data-end=\"2413\"><p data-start=\"2371\" data-end=\"2413\">Devam eden i\u015f ileti\u015fimlerini destekleyin.<\/p><\/li><\/ul><p data-start=\"2415\" data-end=\"2478\">Veriler art\u0131k gerekli olmad\u0131\u011f\u0131nda g\u00fcvenli bir \u015fekilde silinecektir.<\/p><p data-start=\"2485\" data-end=\"2511\"><strong>5. \u00c7erezler ve \u0130zleme<\/strong><\/p><p data-start=\"2512\" data-end=\"2592\">Web Sitemiz \u015funlar\u0131 kullan\u0131r <strong data-start=\"2529\" data-end=\"2546\">temel \u00e7erezler<\/strong> site performans\u0131n\u0131 ve y\u00fckleme s\u00fcrelerini iyile\u015ftirmek i\u00e7in.<\/p><ul data-start=\"2593\" data-end=\"2769\"><li data-start=\"2593\" data-end=\"2657\"><p data-start=\"2595\" data-end=\"2657\">Bu \u00e7erezler hassas ki\u015fisel bilgiler toplamaz.<\/p><\/li><li data-start=\"2658\" data-end=\"2769\"><p data-start=\"2660\" data-end=\"2769\">Taray\u0131c\u0131 ayarlar\u0131n\u0131zdan \u00e7erezleri devre d\u0131\u015f\u0131 b\u0131rakabilirsiniz; ancak baz\u0131 Web Sitesi \u00f6zellikleri d\u00fczg\u00fcn \u00e7al\u0131\u015fmayabilir.<\/p><\/li><\/ul><p data-start=\"2771\" data-end=\"2827\">Reklam i\u00e7in geli\u015fmi\u015f izleme ara\u00e7lar\u0131 kullanm\u0131yoruz.<\/p><p data-start=\"2834\" data-end=\"2862\"><strong>6. Bilgi Payla\u015f\u0131m\u0131<\/strong><\/p><p data-start=\"2863\" data-end=\"2925\">Ki\u015fisel verilerinizi yaln\u0131zca a\u015fa\u011f\u0131daki durumlarda payla\u015fabiliriz:<\/p><ul data-start=\"2926\" data-end=\"3145\"><li data-start=\"2926\" data-end=\"3005\"><p data-start=\"2928\" data-end=\"3005\">\u015eirket i\u00e7i yetkili personel ile <strong data-start=\"2966\" data-end=\"2980\">Patron Metal<\/strong> i\u015f ama\u00e7l\u0131.<\/p><\/li><li data-start=\"3006\" data-end=\"3059\"><p data-start=\"3008\" data-end=\"3059\">Yasa, y\u00f6netmelik veya yasal s\u00fcre\u00e7 gerektiriyorsa.<\/p><\/li><li data-start=\"3060\" data-end=\"3145\"><p data-start=\"3062\" data-end=\"3145\">Boss Metal'in, m\u00fc\u015fterilerimizin veya ba\u015fkalar\u0131n\u0131n haklar\u0131n\u0131, m\u00fclkiyetini veya g\u00fcvenli\u011fini korumak i\u00e7in.<\/p><\/li><\/ul><p data-start=\"3147\" data-end=\"3208\">Ki\u015fisel verileri ilgisiz \u00fc\u00e7\u00fcnc\u00fc taraflarla payla\u015fmay\u0131z.<\/p><p data-start=\"3215\" data-end=\"3234\"><strong>7. Veri G\u00fcvenli\u011fi<\/strong><\/p><p data-start=\"3235\" data-end=\"3512\">Ki\u015fisel verilerinizi yetkisiz eri\u015fim, kay\u0131p, k\u00f6t\u00fcye kullan\u0131m veya de\u011fi\u015fikli\u011fe kar\u015f\u0131 korumak i\u00e7in makul teknik ve organizasyonel \u00f6nlemler al\u0131yoruz.<br data-start=\"3379\" data-end=\"3382\" \/>Ancak, \u0130nternet \u00fczerinden hi\u00e7bir iletim y\u00f6nteminin 100% g\u00fcvenli olmad\u0131\u011f\u0131n\u0131 ve mutlak g\u00fcvenli\u011fi garanti edemeyece\u011fimizi l\u00fctfen unutmay\u0131n.<\/p><p data-start=\"3519\" data-end=\"3540\"><strong>8. Ya\u015f K\u0131s\u0131tlamas\u0131<\/strong><\/p><p data-start=\"3541\" data-end=\"3686\">Web sitemiz bireyler i\u00e7in tasarlanm\u0131\u015ft\u0131r <strong data-start=\"3581\" data-end=\"3603\">18 ya\u015f ve \u00fcst\u00fc<\/strong>.<br data-start=\"3604\" data-end=\"3607\" \/>Bilerek 18 ya\u015f\u0131n alt\u0131ndaki bireylerden bilgi toplam\u0131yoruz.<\/p><p data-start=\"3693\" data-end=\"3721\"><strong>9. Uluslararas\u0131 Ziyaret\u00e7iler<\/strong><\/p><p data-start=\"3722\" data-end=\"3796\">Web Sitemiz d\u00fcnya \u00e7ap\u0131nda eri\u015filebilir oldu\u011fundan, M\u0131s\u0131r d\u0131\u015f\u0131ndaki kullan\u0131c\u0131lar dikkat etmelidir:<\/p><ul data-start=\"3797\" data-end=\"3926\"><li data-start=\"3797\" data-end=\"3852\"><p data-start=\"3799\" data-end=\"3852\">Verileriniz a\u015fa\u011f\u0131daki ortamlarda i\u015flenebilir ve saklanabilir <strong data-start=\"3840\" data-end=\"3849\">M\u0131s\u0131r<\/strong>.<\/p><\/li><li data-start=\"3853\" data-end=\"3926\"><p data-start=\"3855\" data-end=\"3926\">Verilerinizi g\u00f6ndererek, bu aktar\u0131ma ve i\u015flemeye izin vermi\u015f olursunuz.<\/p><\/li><\/ul><p data-start=\"3933\" data-end=\"3951\"><strong>10. Sizin Haklar\u0131n\u0131z<\/strong><\/p><p data-start=\"3952\" data-end=\"4016\">Bulundu\u011funuz yere ba\u011fl\u0131 olarak a\u015fa\u011f\u0131daki haklara sahip olabilirsiniz:<\/p><ul data-start=\"4018\" data-end=\"4269\"><li data-start=\"4018\" data-end=\"4079\"><p data-start=\"4020\" data-end=\"4079\"><strong data-start=\"4020\" data-end=\"4030\">Eri\u015fim<\/strong>: Hakk\u0131n\u0131zda tuttu\u011fumuz verilerin bir kopyas\u0131n\u0131 talep edin.<\/p><\/li><li data-start=\"4080\" data-end=\"4142\"><p data-start=\"4082\" data-end=\"4142\"><strong data-start=\"4082\" data-end=\"4096\">D\u00fczeltme<\/strong>: Ki\u015fisel verilerinizin d\u00fczeltilmesini talep edebilirsiniz.<\/p><\/li><li data-start=\"4143\" data-end=\"4203\"><p data-start=\"4145\" data-end=\"4203\"><strong data-start=\"4145\" data-end=\"4157\">Silme<\/strong>: Ki\u015fisel verilerinizi silmemizi talep edin.<\/p><\/li><li data-start=\"4204\" data-end=\"4269\"><p data-start=\"4206\" data-end=\"4269\"><strong data-start=\"4206\" data-end=\"4231\">Onay\u0131n Geri \u00c7ekilmesi<\/strong>: Daha \u00f6nce verilen onay\u0131 geri \u00e7ekin.<\/p><\/li><\/ul><p data-start=\"4271\" data-end=\"4328\">Haklar\u0131n\u0131z\u0131 kullanmak i\u00e7in a\u015fa\u011f\u0131daki e-posta adresinden bizimle ileti\u015fime ge\u00e7in.<\/p><p data-start=\"4335\" data-end=\"4372\"><strong>11. Bu Gizlilik Politikas\u0131ndaki De\u011fi\u015fiklikler<\/strong><\/p><p data-start=\"4373\" data-end=\"4427\">Bu Gizlilik Politikas\u0131n\u0131 zaman zaman g\u00fcncelleyebiliriz.<\/p><ul data-start=\"4428\" data-end=\"4596\"><li data-start=\"4428\" data-end=\"4505\"><p data-start=\"4430\" data-end=\"4505\">G\u00fcncellemeler, \"Son G\u00fcncelleme\" tarihi de\u011fi\u015ftirilerek bu sayfada yay\u0131nlanacakt\u0131r.<\/p><\/li><li data-start=\"4506\" data-end=\"4596\"><p data-start=\"4508\" data-end=\"4596\">De\u011fi\u015fikliklerden sonra Web Sitesinin kullan\u0131lmaya devam edilmesi, revize edilen politikan\u0131n kabul edildi\u011fini g\u00f6sterir.<\/p><\/li><\/ul><p data-start=\"4603\" data-end=\"4620\"><strong>12. Bize Ula\u015f\u0131n<\/strong><\/p><p data-start=\"4621\" data-end=\"4737\">Bu Gizlilik Politikas\u0131 veya verilerinizin nas\u0131l i\u015flendi\u011fi hakk\u0131nda herhangi bir sorunuz veya talebiniz varsa, l\u00fctfen bizimle \u015fu adresten ileti\u015fime ge\u00e7in:<\/p><p data-start=\"4739\" data-end=\"4863\"><strong data-start=\"4739\" data-end=\"4753\">Patron Metal<\/strong><br data-start=\"4753\" data-end=\"4756\" \/>E-posta: <a href=\"mailto:info@bossmetal.net\">info@bossmetal.net<\/a><br data-start=\"4785\" data-end=\"4788\" \/>Web sitesi: <a class=\"decorated-link\" href=\"https:\/\/bossmetal.net\/tr\/?utm_source=chatgpt.com\" target=\"_new\" rel=\"noopener\" data-start=\"4797\" data-end=\"4843\">https:\/\/bossmetal.net<\/a><br data-start=\"4843\" data-end=\"4846\" \/>Konum: M\u0131s\u0131r<\/p>\t\t\t\t\t\t\t\t<\/div>\n\t\t\t\t<\/div>\n\t\t\t\t<\/div>","protected":false},"excerpt":{"rendered":"<p>Privacy Policy Last Updated: 28\/08\/2025 At Boss Metal (&#8220;we,&#8221; &#8220;our,&#8221; &#8220;us&#8221;), we respect your privacy and are committed to protecting the personal information you share with us. This Privacy Policy explains how we collect, use, and protect your information when you visit our website https:\/\/bossmetal.net (&#8220;Website&#8221;). By using this Website, you agree to the terms [&hellip;]<\/p>\n","protected":false},"author":1,"featured_media":0,"parent":0,"menu_order":0,"comment_status":"closed","ping_status":"closed","template":"","meta":{"_acf_changed":false,"footnotes":""},"class_list":["post-710","page","type-page","status-publish","hentry"],"blocksy_meta":[],"acf":[],"_links":{"self":[{"href":"https:\/\/bossmetal.net\/tr\/wp-json\/wp\/v2\/pages\/710","targetHints":{"allow":["GET"]}}],"collection":[{"href":"https:\/\/bossmetal.net\/tr\/wp-json\/wp\/v2\/pages"}],"about":[{"href":"https:\/\/bossmetal.net\/tr\/wp-json\/wp\/v2\/types\/page"}],"author":[{"embeddable":true,"href":"https:\/\/bossmetal.net\/tr\/wp-json\/wp\/v2\/users\/1"}],"replies":[{"embeddable":true,"href":"https:\/\/bossmetal.net\/tr\/wp-json\/wp\/v2\/comments?post=710"}],"version-history":[{"count":4,"href":"https:\/\/bossmetal.net\/tr\/wp-json\/wp\/v2\/pages\/710\/revisions"}],"predecessor-version":[{"id":1125,"href":"https:\/\/bossmetal.net\/tr\/wp-json\/wp\/v2\/pages\/710\/revisions\/1125"}],"wp:attachment":[{"href":"https:\/\/bossmetal.net\/tr\/wp-json\/wp\/v2\/media?parent=710"}],"curies":[{"name":"wp","href":"https:\/\/api.w.org\/{rel}","templated":true}]}}