{"id":708,"date":"2025-07-24T07:22:20","date_gmt":"2025-07-24T04:22:20","guid":{"rendered":"https:\/\/bossmetal.net\/?page_id=708"},"modified":"2025-08-28T16:12:40","modified_gmt":"2025-08-28T13:12:40","slug":"sartlar-kosullar","status":"publish","type":"page","link":"https:\/\/bossmetal.net\/tr\/sartlar-kosullar\/","title":{"rendered":"\u015eartlar ve Ko\u015fullar"},"content":{"rendered":"<div data-elementor-type=\"wp-page\" data-elementor-id=\"708\" class=\"elementor elementor-708\" data-elementor-post-type=\"page\">\n\t\t\t\t<div class=\"elementor-element elementor-element-cc0c6bf e-con-full e-flex e-con e-parent\" data-id=\"cc0c6bf\" data-element_type=\"container\" data-e-type=\"container\">\n\t\t\t\t<div class=\"elementor-element elementor-element-43434bb elementor-widget__width-initial elementor-widget elementor-widget-heading\" data-id=\"43434bb\" data-element_type=\"widget\" data-e-type=\"widget\" data-widget_type=\"heading.default\">\n\t\t\t\t\t<h2 class=\"elementor-heading-title elementor-size-default\">\u015eartlar ve Ko\u015fullar<\/h2>\t\t\t\t<\/div>\n\t\t\t\t<div class=\"elementor-element elementor-element-9e7da20 elementor-widget__width-initial elementor-widget-mobile__width-inherit elementor-widget elementor-widget-text-editor\" data-id=\"9e7da20\" data-element_type=\"widget\" data-e-type=\"widget\" data-widget_type=\"text-editor.default\">\n\t\t\t\t\t\t\t\t\t<p>Son G\u00fcncelleme 28\/08\/2025<\/p>\t\t\t\t\t\t\t\t<\/div>\n\t\t\t\t<\/div>\n\t\t<div class=\"elementor-element elementor-element-43a995c e-con-full e-flex e-con e-parent\" data-id=\"43a995c\" data-element_type=\"container\" data-e-type=\"container\">\n\t\t\t\t<div class=\"elementor-element elementor-element-5ec582a elementor-widget__width-initial elementor-widget-mobile__width-inherit elementor-widget elementor-widget-text-editor\" data-id=\"5ec582a\" data-element_type=\"widget\" data-e-type=\"widget\" data-widget_type=\"text-editor.default\">\n\t\t\t\t\t\t\t\t\t<p data-start=\"340\" data-end=\"624\" class=\"translation-block\"><strong data-start=\"351\" data-end=\"365\">Boss Metal<\/strong>'e ho\u015f geldiniz. Bu H\u00fck\u00fcm ve Ko\u015fullar (\"Ko\u015fullar\") web sitemizi <a href=\"https:\/\/bossmetal.net\/tr\/\" target=\"_self\"><strong data-start=\"435\" data-end=\"460\">https:\/\/bossmetal.net<\/strong><\/a> (\"Web Sitesi\") kullan\u0131m\u0131n\u0131z\u0131 y\u00f6netir. Bu Web Sitesine eri\u015ferek veya bu Web Sitesini kullanarak, bu Ko\u015fullara uymay\u0131 ve bu Ko\u015fullarla ba\u011fl\u0131 olmay\u0131 kabul edersiniz. Kabul etmiyorsan\u0131z, derhal kullanmay\u0131 b\u0131rakmal\u0131s\u0131n\u0131z.<\/p><p data-start=\"631\" data-end=\"656\"><strong>1. \u015eirket Bilgileri<\/strong><\/p><p data-start=\"657\" data-end=\"862\" class=\"translation-block\">Web sitesi, <strong data-start=\"684\" data-end=\"698\">Boss Metal<\/strong>, <strong data-start=\"739\" data-end=\"748\">M\u0131s\u0131r<\/strong> merkezli bir fabrika ve ticari kurulu\u015f taraf\u0131ndan i\u015fletilmektedir.<br data-start=\"749\" data-end=\"752\">Bu Web sitesi, \u015firketimiz, \u00fcr\u00fcnlerimiz ve faaliyetlerimiz hakk\u0131nda genel bilgi sa\u011flamak amac\u0131yla haz\u0131rlanm\u0131\u015ft\u0131r.<\/p><p data-start=\"864\" data-end=\"1062\">Boss Metal, bu Web Sitesi \u00fczerinden do\u011frudan \u00e7evrimi\u00e7i sat\u0131n alma sunmamaktad\u0131r. T\u00fcm sat\u0131\u015f ve ticari i\u015flemler bu Web sitesi \u00fczerinden de\u011fil, geleneksel ileti\u015fim kanallar\u0131 \u00fczerinden ger\u00e7ekle\u015ftirilir.<\/p><p data-start=\"1069\" data-end=\"1093\"><strong>2. Web Sitesinin Kullan\u0131m\u0131<\/strong><\/p><ul data-start=\"1094\" data-end=\"1637\"><li data-start=\"1094\" data-end=\"1158\"><p data-start=\"1096\" data-end=\"1158\" class=\"translation-block\">Web sitesi <strong data-start=\"1124\" data-end=\"1155\">sadece bilgilendirme ama\u00e7l\u0131<\/strong> olarak sunulmaktad\u0131r.<\/p><\/li><li data-start=\"1159\" data-end=\"1227\"><p data-start=\"1161\" data-end=\"1227\">Sa\u011flanan formlar arac\u0131l\u0131\u011f\u0131yla g\u00f6r\u00fcnt\u00fcleyebilir, g\u00f6z atabilir ve bizimle ileti\u015fime ge\u00e7ebilirsiniz.<\/p><\/li><li data-start=\"1228\" data-end=\"1531\"><p data-start=\"1230\" data-end=\"1297\">A\u015fa\u011f\u0131dakiler dahil ancak bunlarla s\u0131n\u0131rl\u0131 olmamak \u00fczere, bu Web Sitesini k\u00f6t\u00fcye kullanmamay\u0131 kabul edersiniz:<\/p><ul data-start=\"1300\" data-end=\"1531\"><li data-start=\"1300\" data-end=\"1368\"><p data-start=\"1302\" data-end=\"1368\">Zararl\u0131 kod (vir\u00fcsler, k\u00f6t\u00fc ama\u00e7l\u0131 yaz\u0131l\u0131mlar, vb.) y\u00fcklemek veya iletmek.<\/p><\/li><li data-start=\"1371\" data-end=\"1434\"><p data-start=\"1373\" data-end=\"1434\">K\u0131s\u0131tl\u0131 alanlara yetkisiz eri\u015fim sa\u011flamaya \u00e7al\u0131\u015fmak.<\/p><\/li><li data-start=\"1437\" data-end=\"1531\"><p data-start=\"1439\" data-end=\"1531\">Web sitesi i\u00e7eri\u011finin izinsiz kopyalanmas\u0131, yeniden da\u011f\u0131t\u0131lmas\u0131 veya ticari olarak kullan\u0131lmas\u0131.<\/p><\/li><\/ul><\/li><li data-start=\"1532\" data-end=\"1637\"><p data-start=\"1534\" data-end=\"1637\">Bu Web Sitesine eri\u015fiminizin y\u00fcr\u00fcrl\u00fckteki t\u00fcm yerel yasalara uygun olmas\u0131n\u0131 sa\u011flamak sizin sorumlulu\u011funuzdad\u0131r.<\/p><\/li><\/ul><p data-start=\"1644\" data-end=\"1678\"><strong>3. Fikri M\u00fclkiyet Haklar\u0131<\/strong><\/p><ul data-start=\"1679\" data-end=\"2345\"><li data-start=\"1679\" data-end=\"1959\"><p data-start=\"1681\" data-end=\"1959\" class=\"translation-block\">Aksi belirtilmedik\u00e7e, bu Web Sitesindeki<\/strong> t\u00fcm <strong data-start=\"1713\" data-end=\"1740\">i\u00e7erikler - metinler, \u00fcr\u00fcn a\u00e7\u0131klamalar\u0131, foto\u011fraflar, g\u00f6r\u00fcnt\u00fcler, grafikler, tasar\u0131mlar ve logolar dahil - <strong data-start=\"1840\" data-end=\"1866\">Boss Metal<\/strong>'in m\u00fclkiyetindedir ve telif hakk\u0131, ticari marka ve di\u011fer ge\u00e7erli fikri m\u00fclkiyet yasalar\u0131 kapsam\u0131nda korunmaktad\u0131r.<\/p><\/li><li data-start=\"1960\" data-end=\"2084\"><p data-start=\"1962\" data-end=\"2084\">Boss Metal'e ait olmayan i\u00e7erik, izin veya lisans alt\u0131nda kullan\u0131l\u0131r ve uygun yerlerde bu \u015fekilde belirtilir.<\/p><\/li><li data-start=\"2085\" data-end=\"2257\"><p data-start=\"2087\" data-end=\"2257\" class=\"translation-block\"><strong data-start=\"2087\" data-end=\"2110\">Kesin Yasak:<\/strong> Boss Metal'in \u00f6nceden yaz\u0131l\u0131 izni olmadan hi\u00e7bir i\u00e7erik kopyalanamaz, \u00e7o\u011falt\u0131lamaz, da\u011f\u0131t\u0131lamaz, iletilemez, g\u00f6r\u00fcnt\u00fclenemez veya ba\u015fka bir \u015fekilde kullan\u0131lamaz.<\/p><\/li><li data-start=\"2258\" data-end=\"2345\"><p data-start=\"2260\" data-end=\"2345\">Ticari ad\u0131m\u0131z\u0131, ticari markalar\u0131m\u0131z\u0131 veya logolar\u0131m\u0131z\u0131 a\u00e7\u0131k yetki olmadan kullanamazs\u0131n\u0131z.<\/p><\/li><\/ul><p data-start=\"2352\" data-end=\"2383\"><strong>4. Veri Toplama ve Gizlilik<\/strong><\/p><p data-start=\"2384\" data-end=\"2414\"><strong>4.1 Toplad\u0131\u011f\u0131m\u0131z Bilgiler<\/strong><\/p><p data-start=\"2415\" data-end=\"2530\">Web sitemizle etkile\u015fime girdi\u011finizde, a\u015fa\u011f\u0131daki ki\u015fisel bilgileri a\u015fa\u011f\u0131daki yollarla toplayabiliriz <strong data-start=\"2513\" data-end=\"2529\">\u0130leti\u015fim Formu<\/strong>:<\/p><ul data-start=\"2531\" data-end=\"2744\"><li data-start=\"2531\" data-end=\"2544\"><p data-start=\"2533\" data-end=\"2544\">Ad Soyad<\/p><\/li><li data-start=\"2545\" data-end=\"2561\"><p data-start=\"2547\" data-end=\"2561\">\u015eirket Ad\u0131<\/p><\/li><li data-start=\"2562\" data-end=\"2579\"><p data-start=\"2564\" data-end=\"2579\">E-posta Adresi<\/p><\/li><li data-start=\"2580\" data-end=\"2596\"><p data-start=\"2582\" data-end=\"2596\">Telefon Numaras\u0131<\/p><\/li><li data-start=\"2597\" data-end=\"2615\"><p data-start=\"2599\" data-end=\"2615\">\u00dclke\/B\u00f6lge<\/p><\/li><li data-start=\"2616\" data-end=\"2744\"><p data-start=\"2618\" data-end=\"2744\">Mesaj ayr\u0131nt\u0131lar\u0131 ve gereksinimleri (al\u00fcminyum yard\u0131mc\u0131lar, ekipman, hammaddeler veya profiller gibi \u00fcr\u00fcn ilgisi dahil).<\/p><\/li><\/ul><p data-start=\"2746\" data-end=\"2781\"><strong>4.2 Bu Bilgileri Nas\u0131l Kullan\u0131yoruz<\/strong><\/p><p data-start=\"2782\" data-end=\"2837\">G\u00f6nderdi\u011finiz verileri yaln\u0131zca a\u015fa\u011f\u0131daki ama\u00e7lar i\u00e7in kullan\u0131r\u0131z:<\/p><ul data-start=\"2838\" data-end=\"2995\"><li data-start=\"2838\" data-end=\"2871\"><p data-start=\"2840\" data-end=\"2871\">Sorular\u0131n\u0131za yan\u0131t veriyorum.<\/p><\/li><li data-start=\"2872\" data-end=\"2930\"><p data-start=\"2874\" data-end=\"2930\">\u00dcr\u00fcnlerimiz ve hizmetlerimiz hakk\u0131nda bilgi vermek.<\/p><\/li><li data-start=\"2931\" data-end=\"2995\"><p data-start=\"2933\" data-end=\"2995\">\u0130\u015f ama\u00e7l\u0131 ileti\u015fim kay\u0131tlar\u0131n\u0131n tutulmas\u0131.<\/p><\/li><\/ul><p data-start=\"2997\" data-end=\"3086\">Biz yapaca\u011f\u0131z <strong data-start=\"3005\" data-end=\"3035\">asla satmay\u0131n, kiralamay\u0131n veya takas etmeyin<\/strong> verilerinizi pazarlama amac\u0131yla \u00fc\u00e7\u00fcnc\u00fc taraflara iletmek.<\/p><p data-start=\"3088\" data-end=\"3111\"><strong>4.3 Veri \u0130zni<\/strong><\/p><p data-start=\"3112\" data-end=\"3275\">Bilgilerinizi Web Sitesi arac\u0131l\u0131\u011f\u0131yla g\u00f6ndererek, a\u015fa\u011f\u0131dakileri a\u00e7\u0131k\u00e7a kabul etmi\u015f olursunuz <strong data-start=\"3180\" data-end=\"3194\">Patron Metal<\/strong> verilerinizi yukar\u0131da belirtilen ama\u00e7lar do\u011frultusunda saklama, i\u015fleme ve kullanma izni.<\/p><p data-start=\"3277\" data-end=\"3300\"><strong>4.4 Ya\u015f K\u0131s\u0131tlamas\u0131<\/strong><\/p><p data-start=\"3301\" data-end=\"3446\">Formu g\u00f6ndererek, a\u015fa\u011f\u0131daki \u00f6zelliklere sahip oldu\u011funuzu onaylars\u0131n\u0131z <strong data-start=\"3350\" data-end=\"3374\">18 ya\u015f \u00fcst\u00fc<\/strong>. Bilerek 18 ya\u015f\u0131n alt\u0131ndaki bireylerden veri toplam\u0131yor veya i\u015flemiyoruz.<\/p><p data-start=\"3448\" data-end=\"3476\"><strong>4.5 \u00c7erezler ve \u0130zleme<\/strong><\/p><p data-start=\"3477\" data-end=\"3584\">Web sitemiz \u015funlar\u0131 kullanabilir <strong data-start=\"3497\" data-end=\"3514\">temel \u00e7erezler<\/strong> i\u015flevselli\u011fi geli\u015ftirmek i\u00e7in (\u00f6rne\u011fin, sayfalar\u0131 \u00f6nbelle\u011fe alma, tercihleri kaydetme).<\/p><ul data-start=\"3585\" data-end=\"3819\"><li data-start=\"3585\" data-end=\"3642\"><p data-start=\"3587\" data-end=\"3642\">Bu \u00e7erezler ki\u015fisel finansal veri toplamaz.<\/p><\/li><li data-start=\"3643\" data-end=\"3716\"><p data-start=\"3645\" data-end=\"3716\">Web sitesini kullanarak, \u00e7erezlerin a\u00e7\u0131kland\u0131\u011f\u0131 \u015fekilde kullan\u0131lmas\u0131na izin vermi\u015f olursunuz.<\/p><\/li><li data-start=\"3717\" data-end=\"3819\"><p data-start=\"3719\" data-end=\"3819\">Taray\u0131c\u0131 ayarlar\u0131n\u0131zdan \u00e7erezleri devre d\u0131\u015f\u0131 b\u0131rakabilirsiniz, ancak baz\u0131 Web Sitesi \u00f6zellikleri etkilenebilir.<\/p><\/li><\/ul><p data-start=\"3821\" data-end=\"3851\"><strong>4.6 K\u00fcresel Ziyaret\u00e7iler ve GDPR<\/strong><\/p><p data-start=\"3852\" data-end=\"4091\">Web sitemize k\u00fcresel olarak eri\u015filebildi\u011finden, kullan\u0131c\u0131lar <strong data-start=\"3906\" data-end=\"3929\">Avrupa Birli\u011fi (AB)<\/strong> veya di\u011fer yarg\u0131 b\u00f6lgeleri kapsam\u0131nda ek veri koruma haklar\u0131na tabi olabilir. <strong data-start=\"4011\" data-end=\"4019\">GDPR<\/strong> veya benzer yasalar.<br data-start=\"4036\" data-end=\"4039\" \/>AB'de ikamet ediyorsan\u0131z, \u015fu haklara sahipsiniz:<\/p><ul data-start=\"4092\" data-end=\"4233\"><li data-start=\"4092\" data-end=\"4141\"><p data-start=\"4094\" data-end=\"4141\">Ki\u015fisel verilerinize eri\u015febilir, bunlar\u0131 de\u011fi\u015ftirebilir veya silebilirsiniz.<\/p><\/li><li data-start=\"4142\" data-end=\"4233\"><p data-start=\"4144\" data-end=\"4233\">\u0130stedi\u011finiz zaman onay\u0131n\u0131z\u0131 geri \u00e7ekebilirsiniz.<br data-start=\"4173\" data-end=\"4176\" \/>Talepler a\u015fa\u011f\u0131da listelenen ileti\u015fim e-posta adresimize g\u00f6nderilebilir.<\/p><\/li><\/ul><p data-start=\"4240\" data-end=\"4263\"><strong>5. \u00dc\u00e7\u00fcnc\u00fc Taraf Ba\u011flant\u0131lar\u0131<\/strong><\/p><ul data-start=\"4264\" data-end=\"4559\"><li data-start=\"4264\" data-end=\"4323\"><p data-start=\"4266\" data-end=\"4323\">Bu Web Sitesi \u00fc\u00e7\u00fcnc\u00fc taraf web sitelerine ba\u011flant\u0131lar i\u00e7erebilir.<\/p><\/li><li data-start=\"4324\" data-end=\"4433\"><p data-start=\"4326\" data-end=\"4433\">Boss Metal <strong data-start=\"4340\" data-end=\"4369\">sorumlu veya y\u00fck\u00fcml\u00fc de\u011fildir<\/strong> harici web sitelerinin i\u00e7eri\u011fi, do\u011frulu\u011fu veya uygulamalar\u0131ndan sorumlu de\u011fildir.<\/p><\/li><li data-start=\"4434\" data-end=\"4559\"><p data-start=\"4436\" data-end=\"4559\">\u00dc\u00e7\u00fcnc\u00fc taraf web sitelerine eri\u015fim riski size aittir ve bu sitelerin \u015fartlar\u0131n\u0131 ve gizlilik politikalar\u0131n\u0131 ba\u011f\u0131ms\u0131z olarak incelemelisiniz.<\/p><\/li><\/ul><p data-start=\"4566\" data-end=\"4596\"><strong>6. Garantilerin Reddi<\/strong><\/p><ul data-start=\"4597\" data-end=\"5103\"><li data-start=\"4597\" data-end=\"4685\"><p data-start=\"4599\" data-end=\"4685\">Web sitesi ve i\u00e7eri\u011fi a\u015fa\u011f\u0131daki ko\u015fullarda sa\u011flanmaktad\u0131r <strong data-start=\"4646\" data-end=\"4676\">\"oldu\u011fu gibi\" ve \"mevcut oldu\u011fu gibi\"<\/strong> temel.<\/p><\/li><li data-start=\"4686\" data-end=\"4937\"><p data-start=\"4688\" data-end=\"4752\">Boss Metal yapar <strong data-start=\"4705\" data-end=\"4722\">GARANT\u0130 YOK<\/strong> veya ilgili temsiller:<\/p><ul data-start=\"4755\" data-end=\"4937\"><li data-start=\"4755\" data-end=\"4821\"><p data-start=\"4757\" data-end=\"4821\">Web sitesi i\u00e7eri\u011finin do\u011frulu\u011fu, g\u00fcvenilirli\u011fi veya eksiksizli\u011fi.<\/p><\/li><li data-start=\"4824\" data-end=\"4881\"><p data-start=\"4826\" data-end=\"4881\">Web sitesinin kesintisiz veya hatas\u0131z \u00e7al\u0131\u015fmas\u0131.<\/p><\/li><li data-start=\"4884\" data-end=\"4937\"><p data-start=\"4886\" data-end=\"4937\">Vir\u00fcs veya di\u011fer zararl\u0131 bile\u015fenlerden ar\u0131nm\u0131\u015fl\u0131k.<\/p><\/li><\/ul><\/li><li data-start=\"4938\" data-end=\"5103\"><p data-start=\"4940\" data-end=\"5103\">Web Sitesindeki bilgiler \u015fu ama\u00e7larla sa\u011flanmaktad\u0131r <strong data-start=\"4983\" data-end=\"5022\">sadece genel bi\u0307lgi\u0307lendi\u0307rme ama\u00e7li<\/strong> ve profesyonel, finansal veya teknik tavsiye olarak g\u00fcvenilmemelidir.<\/p><\/li><\/ul><p data-start=\"5110\" data-end=\"5139\"><strong>7. Sorumlulu\u011fun S\u0131n\u0131rland\u0131r\u0131lmas\u0131<\/strong><\/p><p data-start=\"5140\" data-end=\"5181\">Yasalar\u0131n izin verdi\u011fi en geni\u015f \u00f6l\u00e7\u00fcde:<\/p><ul data-start=\"5182\" data-end=\"5610\"><li data-start=\"5182\" data-end=\"5484\"><p data-start=\"5184\" data-end=\"5263\">Boss Metal, a\u015fa\u011f\u0131dakilerden kaynaklanan herhangi bir hasar, kay\u0131p veya talepten sorumlu olmayacakt\u0131r:<\/p><ul data-start=\"5266\" data-end=\"5484\"><li data-start=\"5266\" data-end=\"5304\"><p data-start=\"5268\" data-end=\"5304\">Web Sitesine eri\u015fiminiz veya Web Sitesini kullan\u0131m\u0131n\u0131z.<\/p><\/li><li data-start=\"5307\" data-end=\"5365\"><p data-start=\"5309\" data-end=\"5365\">Web sitesi i\u00e7eri\u011findeki yanl\u0131\u015fl\u0131klar, eksiklikler veya hatalar.<\/p><\/li><li data-start=\"5368\" data-end=\"5419\"><p data-start=\"5370\" data-end=\"5419\">Kesinti s\u00fcreleri, kesintiler veya teknik ar\u0131zalar.<\/p><\/li><li data-start=\"5422\" data-end=\"5484\"><p data-start=\"5424\" data-end=\"5484\">Web Sitesi arac\u0131l\u0131\u011f\u0131yla sa\u011flanan bilgilere g\u00fcvenmeniz.<\/p><\/li><\/ul><\/li><li data-start=\"5485\" data-end=\"5610\"><p data-start=\"5487\" data-end=\"5610\">Bu s\u0131n\u0131rlama, s\u00f6zle\u015fme, haks\u0131z fiil, ihmal, kusursuz sorumluluk veya ba\u015fka bir \u015fekilde olsun, her t\u00fcrl\u00fc sorumluluk i\u00e7in ge\u00e7erlidir.<\/p><\/li><\/ul><p data-start=\"5617\" data-end=\"5651\"><strong>8. Ge\u00e7erli Hukuk ve Yarg\u0131 Yetkisi<\/strong><\/p><p data-start=\"5652\" data-end=\"5872\">Bu Ko\u015fullar, a\u015fa\u011f\u0131daki \u00fclkelerin yasalar\u0131na g\u00f6re y\u00f6netilecek ve yorumlanacakt\u0131r <strong data-start=\"5730\" data-end=\"5739\">M\u0131s\u0131r<\/strong>.<br data-start=\"5740\" data-end=\"5743\" \/>Bu Ko\u015fullar kapsam\u0131nda veya bunlarla ilgili olarak ortaya \u00e7\u0131kan her t\u00fcrl\u00fc ihtilaf, a\u015fa\u011f\u0131daki h\u00fck\u00fcmlere tabi olacakt\u0131r <strong data-start=\"5820\" data-end=\"5869\">M\u0131s\u0131r mahkemelerinin m\u00fcnhas\u0131r yarg\u0131 yetkisi<\/strong>.<\/p><p data-start=\"5879\" data-end=\"5905\"><strong>9. \u015eartlarda Yap\u0131lan De\u011fi\u015fiklikler<\/strong><\/p><p data-start=\"5906\" data-end=\"5992\">Boss Metal, bu \u015eartlar\u0131 istedi\u011fi zaman g\u00fcncelleme, de\u011fi\u015ftirme veya yerine yenisini koyma hakk\u0131n\u0131 sakl\u0131 tutar.<\/p><ul data-start=\"5993\" data-end=\"6175\"><li data-start=\"5993\" data-end=\"6074\"><p data-start=\"5995\" data-end=\"6074\">Herhangi bir de\u011fi\u015fiklik, \"Son G\u00fcncelleme\" tarihi revize edilerek bu sayfada yay\u0131nlanacakt\u0131r.<\/p><\/li><li data-start=\"6075\" data-end=\"6175\"><p data-start=\"6077\" data-end=\"6175\">Bu t\u00fcr de\u011fi\u015fikliklerin ard\u0131ndan Web Sitesinin kullan\u0131lmaya devam edilmesi, g\u00fcncellenmi\u015f \u015eartlar\u0131n kabul edildi\u011fi anlam\u0131na gelir.<\/p><\/li><\/ul><p data-start=\"6182\" data-end=\"6199\"><strong>10. Bize Ula\u015f\u0131n<\/strong><\/p><p data-start=\"6200\" data-end=\"6280\">Bu \u015eartlar hakk\u0131nda herhangi bir sorunuz veya endi\u015feniz varsa, l\u00fctfen bizimle \u015fu adresten ileti\u015fime ge\u00e7in:<\/p><p data-start=\"6282\" data-end=\"6406\"><strong data-start=\"6282\" data-end=\"6296\">Patron Metal<\/strong><br data-start=\"6296\" data-end=\"6299\" \/>E-posta: <a href=\"mailto:info@bossmetal.net\">info@bossmetal.net<\/a><br data-start=\"6328\" data-end=\"6331\" \/>Web sitesi: <a class=\"decorated-link\" href=\"https:\/\/bossmetal.net\/tr\/?utm_source=chatgpt.com\" target=\"_new\" rel=\"noopener\" data-start=\"6340\" data-end=\"6386\">https:\/\/bossmetal.net<\/a><br data-start=\"6386\" data-end=\"6389\" \/>Konum: M\u0131s\u0131r<\/p>\t\t\t\t\t\t\t\t<\/div>\n\t\t\t\t<\/div>\n\t\t\t\t<\/div>","protected":false},"excerpt":{"rendered":"<p>Terms &amp; Conditions Last Updated: 28\/08\/2025 Welcome to Boss Metal. These Terms and Conditions (&#8220;Terms&#8221;) govern your use of our website https:\/\/bossmetal.net (&#8220;Website&#8221;). By accessing or using this Website, you agree to comply with and be bound by these Terms. If you do not agree, you should discontinue use immediately. 1. Company Information The Website [&hellip;]<\/p>\n","protected":false},"author":1,"featured_media":0,"parent":0,"menu_order":0,"comment_status":"closed","ping_status":"closed","template":"","meta":{"_acf_changed":false,"footnotes":""},"class_list":["post-708","page","type-page","status-publish","hentry"],"blocksy_meta":[],"acf":[],"_links":{"self":[{"href":"https:\/\/bossmetal.net\/tr\/wp-json\/wp\/v2\/pages\/708","targetHints":{"allow":["GET"]}}],"collection":[{"href":"https:\/\/bossmetal.net\/tr\/wp-json\/wp\/v2\/pages"}],"about":[{"href":"https:\/\/bossmetal.net\/tr\/wp-json\/wp\/v2\/types\/page"}],"author":[{"embeddable":true,"href":"https:\/\/bossmetal.net\/tr\/wp-json\/wp\/v2\/users\/1"}],"replies":[{"embeddable":true,"href":"https:\/\/bossmetal.net\/tr\/wp-json\/wp\/v2\/comments?post=708"}],"version-history":[{"count":7,"href":"https:\/\/bossmetal.net\/tr\/wp-json\/wp\/v2\/pages\/708\/revisions"}],"predecessor-version":[{"id":1122,"href":"https:\/\/bossmetal.net\/tr\/wp-json\/wp\/v2\/pages\/708\/revisions\/1122"}],"wp:attachment":[{"href":"https:\/\/bossmetal.net\/tr\/wp-json\/wp\/v2\/media?parent=708"}],"curies":[{"name":"wp","href":"https:\/\/api.w.org\/{rel}","templated":true}]}}