{"id":710,"date":"2025-07-24T07:22:30","date_gmt":"2025-07-24T04:22:30","guid":{"rendered":"https:\/\/bossmetal.net\/?page_id=710"},"modified":"2025-08-28T16:15:57","modified_gmt":"2025-08-28T13:15:57","slug":"politica-de-privacidade","status":"publish","type":"page","link":"https:\/\/bossmetal.net\/pt\/politica-de-privacidade\/","title":{"rendered":"Pol\u00edtica de privacidade"},"content":{"rendered":"<div data-elementor-type=\"wp-page\" data-elementor-id=\"710\" class=\"elementor elementor-710\" data-elementor-post-type=\"page\">\n\t\t\t\t<div class=\"elementor-element elementor-element-c9c7911 e-con-full e-flex e-con e-parent\" data-id=\"c9c7911\" data-element_type=\"container\" data-e-type=\"container\">\n\t\t\t\t<div class=\"elementor-element elementor-element-fe30687 elementor-widget__width-initial elementor-widget elementor-widget-heading\" data-id=\"fe30687\" data-element_type=\"widget\" data-e-type=\"widget\" data-widget_type=\"heading.default\">\n\t\t\t\t\t<h2 class=\"elementor-heading-title elementor-size-default\">Pol\u00edtica de privacidade<\/h2>\t\t\t\t<\/div>\n\t\t\t\t<div class=\"elementor-element elementor-element-b2fc090 elementor-widget__width-initial elementor-widget-mobile__width-inherit elementor-widget elementor-widget-text-editor\" data-id=\"b2fc090\" data-element_type=\"widget\" data-e-type=\"widget\" data-widget_type=\"text-editor.default\">\n\t\t\t\t\t\t\t\t\t<p>\u00daltima atualiza\u00e7\u00e3o: 28\/08\/2025<\/p>\t\t\t\t\t\t\t\t<\/div>\n\t\t\t\t<\/div>\n\t\t<div class=\"elementor-element elementor-element-2981868 e-con-full e-flex e-con e-parent\" data-id=\"2981868\" data-element_type=\"container\" data-e-type=\"container\">\n\t\t\t\t<div class=\"elementor-element elementor-element-bb17069 elementor-widget__width-initial elementor-widget-mobile__width-inherit elementor-widget elementor-widget-text-editor\" data-id=\"bb17069\" data-element_type=\"widget\" data-e-type=\"widget\" data-widget_type=\"text-editor.default\">\n\t\t\t\t\t\t\t\t\t<p data-start=\"379\" data-end=\"664\">Em <strong data-start=\"382\" data-end=\"396\">Boss Metal<\/strong> (\"n\u00f3s\", \"nosso\", \"nos\"), respeitamos a sua privacidade e estamos empenhados em proteger as informa\u00e7\u00f5es pessoais que partilha connosco. Esta Pol\u00edtica de Privacidade explica como recolhemos, utilizamos e protegemos as suas informa\u00e7\u00f5es quando visita o nosso s\u00edtio Web <strong data-start=\"624\" data-end=\"649\"><a class=\"decorated-link\" href=\"https:\/\/bossmetal.net\/pt\/?utm_source=chatgpt.com\" target=\"_new\" rel=\"noopener\" data-start=\"626\" data-end=\"647\">https:\/\/bossmetal.net<\/a><\/strong> (\"S\u00edtio Web\").<\/p><p data-start=\"666\" data-end=\"795\">Ao utilizar este s\u00edtio Web, o utilizador concorda com os termos da presente Pol\u00edtica de Privacidade. Se n\u00e3o concordar, interrompa a utiliza\u00e7\u00e3o do nosso s\u00edtio Web.<\/p><p data-start=\"802\" data-end=\"830\"><strong>1. Informa\u00e7\u00f5es que recolhemos<\/strong><\/p><p data-start=\"831\" data-end=\"955\">Podemos recolher as seguintes informa\u00e7\u00f5es quando o utilizador interage com o nosso s\u00edtio Web, especialmente quando utiliza o <strong data-start=\"936\" data-end=\"952\">formul\u00e1rio de contacto<\/strong>:<\/p><ul data-start=\"957\" data-end=\"1116\"><li data-start=\"957\" data-end=\"970\"><p data-start=\"959\" data-end=\"970\">Nome completo<\/p><\/li><li data-start=\"971\" data-end=\"987\"><p data-start=\"973\" data-end=\"987\">Nome da empresa<\/p><\/li><li data-start=\"988\" data-end=\"1005\"><p data-start=\"990\" data-end=\"1005\">Endere\u00e7o de correio eletr\u00f3nico<\/p><\/li><li data-start=\"1006\" data-end=\"1022\"><p data-start=\"1008\" data-end=\"1022\">N\u00famero de telefone<\/p><\/li><li data-start=\"1023\" data-end=\"1041\"><p data-start=\"1025\" data-end=\"1041\">Pa\u00eds\/Regi\u00e3o<\/p><\/li><li data-start=\"1042\" data-end=\"1116\"><p data-start=\"1044\" data-end=\"1116\">Detalhes e requisitos da mensagem (incluindo a categoria de produto selecionada)<\/p><\/li><\/ul><p data-start=\"1118\" data-end=\"1222\">Al\u00e9m disso, tal como a maioria dos s\u00edtios Web, podemos recolher automaticamente informa\u00e7\u00f5es t\u00e9cnicas limitadas, tais como:<\/p><ul data-start=\"1223\" data-end=\"1376\"><li data-start=\"1223\" data-end=\"1242\"><p data-start=\"1225\" data-end=\"1242\">O seu endere\u00e7o IP<\/p><\/li><li data-start=\"1243\" data-end=\"1271\"><p data-start=\"1245\" data-end=\"1271\">Tipo e vers\u00e3o do navegador<\/p><\/li><li data-start=\"1272\" data-end=\"1308\"><p data-start=\"1274\" data-end=\"1308\">Tipo de dispositivo e sistema operativo<\/p><\/li><li data-start=\"1309\" data-end=\"1376\"><p data-start=\"1311\" data-end=\"1376\">Cookies b\u00e1sicos (para armazenamento em cache e melhoria da funcionalidade do s\u00edtio Web)<\/p><\/li><\/ul><p data-start=\"1383\" data-end=\"1416\"><strong>2. Como utilizamos as suas informa\u00e7\u00f5es<\/strong><\/p><p data-start=\"1417\" data-end=\"1472\">Utilizamos os dados recolhidos para os seguintes fins:<\/p><ul data-start=\"1474\" data-end=\"1728\"><li data-start=\"1474\" data-end=\"1519\"><p data-start=\"1476\" data-end=\"1519\">Para responder \u00e0s suas perguntas ou pedidos.<\/p><\/li><li data-start=\"1520\" data-end=\"1579\"><p data-start=\"1522\" data-end=\"1579\">Para fornecer informa\u00e7\u00f5es sobre os nossos produtos e servi\u00e7os.<\/p><\/li><li data-start=\"1580\" data-end=\"1666\"><p data-start=\"1582\" data-end=\"1666\">Manter registos internos de comunica\u00e7\u00e3o com clientes potenciais e actuais.<\/p><\/li><li data-start=\"1667\" data-end=\"1728\"><p data-start=\"1669\" data-end=\"1728\">Para melhorar a funcionalidade do nosso s\u00edtio Web e a experi\u00eancia do utilizador.<\/p><\/li><\/ul><p data-start=\"1730\" data-end=\"1828\">Iremos <strong data-start=\"1738\" data-end=\"1768\">nunca vender, alugar ou trocar<\/strong> as suas informa\u00e7\u00f5es a terceiros para fins de marketing.<\/p><p data-start=\"1835\" data-end=\"1881\"><strong>3. Base jur\u00eddica para o processamento (Aviso do RGPD)<\/strong><\/p><p data-start=\"1882\" data-end=\"1979\">Para os visitantes do <strong data-start=\"1904\" data-end=\"1927\">Uni\u00e3o Europeia (UE)<\/strong>A nossa base jur\u00eddica para o tratamento de dados pessoais \u00e9:<\/p><ul data-start=\"1980\" data-end=\"2214\"><li data-start=\"1980\" data-end=\"2089\"><p data-start=\"1982\" data-end=\"2089\"><strong data-start=\"1982\" data-end=\"1993\">Consentimento<\/strong>: O utilizador d\u00e1 o seu consentimento expl\u00edcito assinalando a caixa de autoriza\u00e7\u00e3o de dados antes de submeter o formul\u00e1rio.<\/p><\/li><li data-start=\"2090\" data-end=\"2214\"><p data-start=\"2092\" data-end=\"2214\"><strong data-start=\"2092\" data-end=\"2115\">Interesse leg\u00edtimo<\/strong>: Processamos os pedidos de informa\u00e7\u00e3o e mantemos registos de comunica\u00e7\u00e3o para efeitos de realiza\u00e7\u00e3o de neg\u00f3cios.<\/p><\/li><\/ul><p data-start=\"2221\" data-end=\"2241\"><strong>4. Reten\u00e7\u00e3o de dados<\/strong><\/p><p data-start=\"2242\" data-end=\"2302\">Conservamos os seus dados pessoais apenas durante o tempo necess\u00e1rio para:<\/p><ul data-start=\"2303\" data-end=\"2413\"><li data-start=\"2303\" data-end=\"2333\"><p data-start=\"2305\" data-end=\"2333\">Responder aos seus pedidos de informa\u00e7\u00e3o.<\/p><\/li><li data-start=\"2334\" data-end=\"2368\"><p data-start=\"2336\" data-end=\"2368\">Cumprir as obriga\u00e7\u00f5es legais.<\/p><\/li><li data-start=\"2369\" data-end=\"2413\"><p data-start=\"2371\" data-end=\"2413\">Apoiar as comunica\u00e7\u00f5es comerciais em curso.<\/p><\/li><\/ul><p data-start=\"2415\" data-end=\"2478\">Quando os dados j\u00e1 n\u00e3o forem necess\u00e1rios, ser\u00e3o eliminados de forma segura.<\/p><p data-start=\"2485\" data-end=\"2511\"><strong>5. Cookies e rastreio<\/strong><\/p><p data-start=\"2512\" data-end=\"2592\">O nosso s\u00edtio Web utiliza <strong data-start=\"2529\" data-end=\"2546\">biscoitos b\u00e1sicos<\/strong> para melhorar o desempenho do s\u00edtio e os tempos de carregamento.<\/p><ul data-start=\"2593\" data-end=\"2769\"><li data-start=\"2593\" data-end=\"2657\"><p data-start=\"2595\" data-end=\"2657\">Estes cookies n\u00e3o recolhem informa\u00e7\u00f5es pessoais sens\u00edveis.<\/p><\/li><li data-start=\"2658\" data-end=\"2769\"><p data-start=\"2660\" data-end=\"2769\">Pode desativar os cookies nas defini\u00e7\u00f5es do seu browser; no entanto, algumas funcionalidades do Website podem n\u00e3o funcionar corretamente.<\/p><\/li><\/ul><p data-start=\"2771\" data-end=\"2827\">N\u00e3o utilizamos ferramentas avan\u00e7adas de rastreio para publicidade.<\/p><p data-start=\"2834\" data-end=\"2862\"><strong>6. Partilha de informa\u00e7\u00f5es<\/strong><\/p><p data-start=\"2863\" data-end=\"2925\">Podemos partilhar os seus dados pessoais apenas nos seguintes casos:<\/p><ul data-start=\"2926\" data-end=\"3145\"><li data-start=\"2926\" data-end=\"3005\"><p data-start=\"2928\" data-end=\"3005\">Com o pessoal interno autorizado da <strong data-start=\"2966\" data-end=\"2980\">Boss Metal<\/strong> para fins comerciais.<\/p><\/li><li data-start=\"3006\" data-end=\"3059\"><p data-start=\"3008\" data-end=\"3059\">Se exigido por lei, regulamento ou processo legal.<\/p><\/li><li data-start=\"3060\" data-end=\"3145\"><p data-start=\"3062\" data-end=\"3145\">Para proteger os direitos, a propriedade ou a seguran\u00e7a da Boss Metal, dos nossos clientes ou de outros.<\/p><\/li><\/ul><p data-start=\"3147\" data-end=\"3208\">N\u00e3o partilhamos dados pessoais com terceiros n\u00e3o relacionados.<\/p><p data-start=\"3215\" data-end=\"3234\"><strong>7. Seguran\u00e7a dos dados<\/strong><\/p><p data-start=\"3235\" data-end=\"3512\">Tomamos medidas t\u00e9cnicas e organizacionais razo\u00e1veis para proteger os seus dados pessoais contra acesso n\u00e3o autorizado, perda, utiliza\u00e7\u00e3o indevida ou altera\u00e7\u00e3o.<br data-start=\"3379\" data-end=\"3382\" \/>No entanto, tenha em aten\u00e7\u00e3o que nenhum m\u00e9todo de transmiss\u00e3o atrav\u00e9s da Internet \u00e9 100% seguro e n\u00e3o podemos garantir uma seguran\u00e7a absoluta.<\/p><p data-start=\"3519\" data-end=\"3540\"><strong>8. Restri\u00e7\u00e3o de idade<\/strong><\/p><p data-start=\"3541\" data-end=\"3686\">O nosso s\u00edtio Web destina-se a indiv\u00edduos <strong data-start=\"3581\" data-end=\"3603\">18 anos ou mais<\/strong>.<br data-start=\"3604\" data-end=\"3607\" \/>N\u00e3o recolhemos intencionalmente informa\u00e7\u00f5es de indiv\u00edduos com idade inferior a 18 anos.<\/p><p data-start=\"3693\" data-end=\"3721\"><strong>9. Visitantes internacionais<\/strong><\/p><p data-start=\"3722\" data-end=\"3796\">Uma vez que o nosso s\u00edtio Web est\u00e1 acess\u00edvel em todo o mundo, os utilizadores fora do Egito devem ter em aten\u00e7\u00e3o:<\/p><ul data-start=\"3797\" data-end=\"3926\"><li data-start=\"3797\" data-end=\"3852\"><p data-start=\"3799\" data-end=\"3852\">Os seus dados podem ser processados e armazenados em <strong data-start=\"3840\" data-end=\"3849\">Egito<\/strong>.<\/p><\/li><li data-start=\"3853\" data-end=\"3926\"><p data-start=\"3855\" data-end=\"3926\">Ao enviar os seus dados, est\u00e1 a dar o seu consentimento a esta transfer\u00eancia e tratamento.<\/p><\/li><\/ul><p data-start=\"3933\" data-end=\"3951\"><strong>10. Os seus direitos<\/strong><\/p><p data-start=\"3952\" data-end=\"4016\">Consoante o local onde se encontra, pode ter os seguintes direitos:<\/p><ul data-start=\"4018\" data-end=\"4269\"><li data-start=\"4018\" data-end=\"4079\"><p data-start=\"4020\" data-end=\"4079\"><strong data-start=\"4020\" data-end=\"4030\">Acesso<\/strong>: Pedir uma c\u00f3pia dos dados que temos sobre si.<\/p><\/li><li data-start=\"4080\" data-end=\"4142\"><p data-start=\"4082\" data-end=\"4142\"><strong data-start=\"4082\" data-end=\"4096\">Corre\u00e7\u00e3o<\/strong>: Solicitar correc\u00e7\u00f5es aos seus dados pessoais.<\/p><\/li><li data-start=\"4143\" data-end=\"4203\"><p data-start=\"4145\" data-end=\"4203\"><strong data-start=\"4145\" data-end=\"4157\">Elimina\u00e7\u00e3o<\/strong>: Solicitar a elimina\u00e7\u00e3o dos seus dados pessoais.<\/p><\/li><li data-start=\"4204\" data-end=\"4269\"><p data-start=\"4206\" data-end=\"4269\"><strong data-start=\"4206\" data-end=\"4231\">Retirada de consentimento<\/strong>: Retirar o consentimento previamente dado.<\/p><\/li><\/ul><p data-start=\"4271\" data-end=\"4328\">Para exercer os seus direitos, contacte-nos atrav\u00e9s do e-mail abaixo indicado.<\/p><p data-start=\"4335\" data-end=\"4372\"><strong>11. Altera\u00e7\u00f5es \u00e0 presente pol\u00edtica de privacidade<\/strong><\/p><p data-start=\"4373\" data-end=\"4427\">Poderemos atualizar esta Pol\u00edtica de Privacidade ocasionalmente.<\/p><ul data-start=\"4428\" data-end=\"4596\"><li data-start=\"4428\" data-end=\"4505\"><p data-start=\"4430\" data-end=\"4505\">As actualiza\u00e7\u00f5es ser\u00e3o publicadas nesta p\u00e1gina com a data da \"\u00daltima atualiza\u00e7\u00e3o\" alterada.<\/p><\/li><li data-start=\"4506\" data-end=\"4596\"><p data-start=\"4508\" data-end=\"4596\">A utiliza\u00e7\u00e3o continuada do s\u00edtio Web ap\u00f3s as altera\u00e7\u00f5es indica a aceita\u00e7\u00e3o da pol\u00edtica revista.<\/p><\/li><\/ul><p data-start=\"4603\" data-end=\"4620\"><strong>12. Contactar-nos<\/strong><\/p><p data-start=\"4621\" data-end=\"4737\">Se tiver quaisquer quest\u00f5es ou pedidos sobre esta Pol\u00edtica de Privacidade ou sobre a forma como os seus dados s\u00e3o tratados, contacte-nos atrav\u00e9s de<\/p><p data-start=\"4739\" data-end=\"4863\"><strong data-start=\"4739\" data-end=\"4753\">Boss Metal<\/strong><br data-start=\"4753\" data-end=\"4756\" \/>Correio eletr\u00f3nico: <a href=\"mailto:info@bossmetal.net\">info@bossmetal.net<\/a><br data-start=\"4785\" data-end=\"4788\" \/>S\u00edtio Web: <a class=\"decorated-link\" href=\"https:\/\/bossmetal.net\/pt\/?utm_source=chatgpt.com\" target=\"_new\" rel=\"noopener\" data-start=\"4797\" data-end=\"4843\">https:\/\/bossmetal.net<\/a><br data-start=\"4843\" data-end=\"4846\" \/>Localiza\u00e7\u00e3o: Egito<\/p>\t\t\t\t\t\t\t\t<\/div>\n\t\t\t\t<\/div>\n\t\t\t\t<\/div>","protected":false},"excerpt":{"rendered":"<p>Privacy Policy Last Updated: 28\/08\/2025 At Boss Metal (&#8220;we,&#8221; &#8220;our,&#8221; &#8220;us&#8221;), we respect your privacy and are committed to protecting the personal information you share with us. This Privacy Policy explains how we collect, use, and protect your information when you visit our website https:\/\/bossmetal.net (&#8220;Website&#8221;). By using this Website, you agree to the terms [&hellip;]<\/p>\n","protected":false},"author":1,"featured_media":0,"parent":0,"menu_order":0,"comment_status":"closed","ping_status":"closed","template":"","meta":{"_acf_changed":false,"footnotes":""},"class_list":["post-710","page","type-page","status-publish","hentry"],"blocksy_meta":[],"acf":[],"_links":{"self":[{"href":"https:\/\/bossmetal.net\/pt\/wp-json\/wp\/v2\/pages\/710","targetHints":{"allow":["GET"]}}],"collection":[{"href":"https:\/\/bossmetal.net\/pt\/wp-json\/wp\/v2\/pages"}],"about":[{"href":"https:\/\/bossmetal.net\/pt\/wp-json\/wp\/v2\/types\/page"}],"author":[{"embeddable":true,"href":"https:\/\/bossmetal.net\/pt\/wp-json\/wp\/v2\/users\/1"}],"replies":[{"embeddable":true,"href":"https:\/\/bossmetal.net\/pt\/wp-json\/wp\/v2\/comments?post=710"}],"version-history":[{"count":4,"href":"https:\/\/bossmetal.net\/pt\/wp-json\/wp\/v2\/pages\/710\/revisions"}],"predecessor-version":[{"id":1125,"href":"https:\/\/bossmetal.net\/pt\/wp-json\/wp\/v2\/pages\/710\/revisions\/1125"}],"wp:attachment":[{"href":"https:\/\/bossmetal.net\/pt\/wp-json\/wp\/v2\/media?parent=710"}],"curies":[{"name":"wp","href":"https:\/\/api.w.org\/{rel}","templated":true}]}}