{"id":708,"date":"2025-07-24T07:22:20","date_gmt":"2025-07-24T04:22:20","guid":{"rendered":"https:\/\/bossmetal.net\/?page_id=708"},"modified":"2025-08-28T16:12:40","modified_gmt":"2025-08-28T13:12:40","slug":"termos-e-condicoes","status":"publish","type":"page","link":"https:\/\/bossmetal.net\/pt\/termos-e-condicoes\/","title":{"rendered":"Termos e condi\u00e7\u00f5es"},"content":{"rendered":"<div data-elementor-type=\"wp-page\" data-elementor-id=\"708\" class=\"elementor elementor-708\" data-elementor-post-type=\"page\">\n\t\t\t\t<div class=\"elementor-element elementor-element-cc0c6bf e-con-full e-flex e-con e-parent\" data-id=\"cc0c6bf\" data-element_type=\"container\" data-e-type=\"container\">\n\t\t\t\t<div class=\"elementor-element elementor-element-43434bb elementor-widget__width-initial elementor-widget elementor-widget-heading\" data-id=\"43434bb\" data-element_type=\"widget\" data-e-type=\"widget\" data-widget_type=\"heading.default\">\n\t\t\t\t\t<h2 class=\"elementor-heading-title elementor-size-default\">Termos e condi\u00e7\u00f5es<\/h2>\t\t\t\t<\/div>\n\t\t\t\t<div class=\"elementor-element elementor-element-9e7da20 elementor-widget__width-initial elementor-widget-mobile__width-inherit elementor-widget elementor-widget-text-editor\" data-id=\"9e7da20\" data-element_type=\"widget\" data-e-type=\"widget\" data-widget_type=\"text-editor.default\">\n\t\t\t\t\t\t\t\t\t<p>\u00daltima atualiza\u00e7\u00e3o: 28\/08\/2025<\/p>\t\t\t\t\t\t\t\t<\/div>\n\t\t\t\t<\/div>\n\t\t<div class=\"elementor-element elementor-element-43a995c e-con-full e-flex e-con e-parent\" data-id=\"43a995c\" data-element_type=\"container\" data-e-type=\"container\">\n\t\t\t\t<div class=\"elementor-element elementor-element-5ec582a elementor-widget__width-initial elementor-widget-mobile__width-inherit elementor-widget elementor-widget-text-editor\" data-id=\"5ec582a\" data-element_type=\"widget\" data-e-type=\"widget\" data-widget_type=\"text-editor.default\">\n\t\t\t\t\t\t\t\t\t<p data-start=\"340\" data-end=\"624\" class=\"translation-block\">Bem-vindo \u00e0 <strong data-start=\"351\" data-end=\"365\">Boss Metal<\/strong>. Estes Termos e Condi\u00e7\u00f5es (\"Termos\") regem a sua utiliza\u00e7\u00e3o do nosso site <a href=\"https:\/\/bossmetal.net\/pt\/\" target=\"_self\"><strong data-start=\"435\" data-end=\"460\">https:\/\/bossmetal.net<\/strong><\/a> (\"Site\"). Ao aceder ou utilizar este Website, o utilizador concorda em cumprir e ficar vinculado a estes Termos. Se n\u00e3o concordar, o utilizador deve interromper imediatamente a utiliza\u00e7\u00e3o.<\/p><p data-start=\"631\" data-end=\"656\"><strong>1. Informa\u00e7\u00f5es sobre a empresa<\/strong><\/p><p data-start=\"657\" data-end=\"862\" class=\"translation-block\">O Website \u00e9 operado pela <strong data-start=\"684\" data-end=\"698\">Boss Metal<\/strong>, uma f\u00e1brica e entidade comercial sediada no <strong data-start=\"739\" data-end=\"748\">Egito<\/strong>.<br data-start=\"749\" data-end=\"752\">Este Website destina-se a fornecer informa\u00e7\u00f5es gerais sobre a nossa empresa, os nossos produtos e as nossas opera\u00e7\u00f5es.<\/p><p data-start=\"864\" data-end=\"1062\">A Boss Metal n\u00e3o oferece compras diretas online atrav\u00e9s deste Website. Todas as vendas e transac\u00e7\u00f5es comerciais s\u00e3o realizadas atrav\u00e9s dos canais tradicionais de comunica\u00e7\u00e3o e n\u00e3o atrav\u00e9s deste Website.<\/p><p data-start=\"1069\" data-end=\"1093\"><strong>2. Utiliza\u00e7\u00e3o do s\u00edtio Web<\/strong><\/p><ul data-start=\"1094\" data-end=\"1637\"><li data-start=\"1094\" data-end=\"1158\"><p data-start=\"1096\" data-end=\"1158\" class=\"translation-block\">O Website \u00e9 fornecido apenas para fins <strong data-start=\"1124\" data-end=\"1155\">informativos<\/strong>.<\/p><\/li><li data-start=\"1159\" data-end=\"1227\"><p data-start=\"1161\" data-end=\"1227\">Pode ver, navegar e contactar-nos atrav\u00e9s dos formul\u00e1rios fornecidos.<\/p><\/li><li data-start=\"1228\" data-end=\"1531\"><p data-start=\"1230\" data-end=\"1297\">O utilizador concorda em n\u00e3o utilizar indevidamente este s\u00edtio Web, incluindo, mas n\u00e3o se limitando a:<\/p><ul data-start=\"1300\" data-end=\"1531\"><li data-start=\"1300\" data-end=\"1368\"><p data-start=\"1302\" data-end=\"1368\">Carregar ou transmitir c\u00f3digo nocivo (v\u00edrus, malware, etc.).<\/p><\/li><li data-start=\"1371\" data-end=\"1434\"><p data-start=\"1373\" data-end=\"1434\">Tentativa de obter acesso n\u00e3o autorizado a \u00e1reas restritas.<\/p><\/li><li data-start=\"1437\" data-end=\"1531\"><p data-start=\"1439\" data-end=\"1531\">Copiar, redistribuir ou explorar comercialmente o conte\u00fado do s\u00edtio Web sem autoriza\u00e7\u00e3o.<\/p><\/li><\/ul><\/li><li data-start=\"1532\" data-end=\"1637\"><p data-start=\"1534\" data-end=\"1637\">O utilizador \u00e9 respons\u00e1vel por garantir que o seu acesso a este Website est\u00e1 em conformidade com todas as leis locais aplic\u00e1veis.<\/p><\/li><\/ul><p data-start=\"1644\" data-end=\"1678\"><strong>3. Direitos de propriedade intelectual<\/strong><\/p><ul data-start=\"1679\" data-end=\"2345\"><li data-start=\"1679\" data-end=\"1959\"><p data-start=\"1681\" data-end=\"1959\" class=\"translation-block\">Salvo indica\u00e7\u00e3o em contr\u00e1rio, todo o <strong data-start=\"1713\" data-end=\"1740\">conte\u00fado deste Website<\/strong> - incluindo texto, descri\u00e7\u00f5es de produtos, fotografias, imagens, gr\u00e1ficos, desenhos e log\u00f3tipos - \u00e9 propriedade da <strong data-start=\"1840\" data-end=\"1866\"> Boss Metal<\/strong> e est\u00e1 protegido por direitos de autor, marcas registadas e outras leis de propriedade intelectual aplic\u00e1veis.<\/p><\/li><li data-start=\"1960\" data-end=\"2084\"><p data-start=\"1962\" data-end=\"2084\">O conte\u00fado que n\u00e3o \u00e9 propriedade da Boss Metal \u00e9 utilizado sob permiss\u00e3o ou licen\u00e7a e \u00e9 identificado como tal quando apropriado.<\/p><\/li><li data-start=\"2085\" data-end=\"2257\"><p data-start=\"2087\" data-end=\"2257\" class=\"translation-block\"><strong data-start=\"2087\" data-end=\"2110\">Proibi\u00e7\u00e3o estrita:<\/strong> Nenhum conte\u00fado pode ser copiado, reproduzido, distribu\u00eddo, transmitido, exibido ou de outra forma explorado sem o consentimento pr\u00e9vio por escrito da Boss Metal.<\/p><\/li><li data-start=\"2258\" data-end=\"2345\"><p data-start=\"2260\" data-end=\"2345\">O utilizador n\u00e3o pode utilizar o nosso nome comercial, marcas comerciais ou log\u00f3tipos sem autoriza\u00e7\u00e3o expressa.<\/p><\/li><\/ul><p data-start=\"2352\" data-end=\"2383\"><strong>4. Recolha de dados e privacidade<\/strong><\/p><p data-start=\"2384\" data-end=\"2414\"><strong>4.1 Informa\u00e7\u00f5es que recolhemos<\/strong><\/p><p data-start=\"2415\" data-end=\"2530\">Quando o utilizador interage com o nosso s\u00edtio Web, podemos recolher as seguintes informa\u00e7\u00f5es pessoais atrav\u00e9s do <strong data-start=\"2513\" data-end=\"2529\">formul\u00e1rio de contacto<\/strong>:<\/p><ul data-start=\"2531\" data-end=\"2744\"><li data-start=\"2531\" data-end=\"2544\"><p data-start=\"2533\" data-end=\"2544\">Nome completo<\/p><\/li><li data-start=\"2545\" data-end=\"2561\"><p data-start=\"2547\" data-end=\"2561\">Nome da empresa<\/p><\/li><li data-start=\"2562\" data-end=\"2579\"><p data-start=\"2564\" data-end=\"2579\">Endere\u00e7o de correio eletr\u00f3nico<\/p><\/li><li data-start=\"2580\" data-end=\"2596\"><p data-start=\"2582\" data-end=\"2596\">N\u00famero de telefone<\/p><\/li><li data-start=\"2597\" data-end=\"2615\"><p data-start=\"2599\" data-end=\"2615\">Pa\u00eds\/Regi\u00e3o<\/p><\/li><li data-start=\"2616\" data-end=\"2744\"><p data-start=\"2618\" data-end=\"2744\">Detalhes e requisitos da mensagem (incluindo interesse no produto, como auxiliares de alum\u00ednio, equipamento, mat\u00e9rias-primas ou perfis).<\/p><\/li><\/ul><p data-start=\"2746\" data-end=\"2781\"><strong>4.2 Como utilizamos estas informa\u00e7\u00f5es<\/strong><\/p><p data-start=\"2782\" data-end=\"2837\">Utilizamos os dados submetidos pelo utilizador apenas com o objetivo de:<\/p><ul data-start=\"2838\" data-end=\"2995\"><li data-start=\"2838\" data-end=\"2871\"><p data-start=\"2840\" data-end=\"2871\">Responder aos seus pedidos de informa\u00e7\u00e3o.<\/p><\/li><li data-start=\"2872\" data-end=\"2930\"><p data-start=\"2874\" data-end=\"2930\">Fornecer informa\u00e7\u00f5es sobre os nossos produtos e servi\u00e7os.<\/p><\/li><li data-start=\"2931\" data-end=\"2995\"><p data-start=\"2933\" data-end=\"2995\">Manter um registo das comunica\u00e7\u00f5es para fins comerciais.<\/p><\/li><\/ul><p data-start=\"2997\" data-end=\"3086\">Iremos <strong data-start=\"3005\" data-end=\"3035\">nunca vender, alugar ou trocar<\/strong> os seus dados a terceiros para fins de marketing.<\/p><p data-start=\"3088\" data-end=\"3111\"><strong>4.3 Autoriza\u00e7\u00e3o de dados<\/strong><\/p><p data-start=\"3112\" data-end=\"3275\">Ao enviar as suas informa\u00e7\u00f5es atrav\u00e9s do s\u00edtio Web, o utilizador concede expressamente <strong data-start=\"3180\" data-end=\"3194\">Boss Metal<\/strong> autoriza\u00e7\u00e3o para armazenar, processar e utilizar os dados do utilizador para os fins acima descritos.<\/p><p data-start=\"3277\" data-end=\"3300\"><strong>4.4 Restri\u00e7\u00e3o de idade<\/strong><\/p><p data-start=\"3301\" data-end=\"3446\">Ao submeter o formul\u00e1rio, o utilizador confirma que \u00e9 <strong data-start=\"3350\" data-end=\"3374\">mais de 18 anos de idade<\/strong>. N\u00e3o recolhemos nem processamos intencionalmente dados de pessoas com menos de 18 anos.<\/p><p data-start=\"3448\" data-end=\"3476\"><strong>4.5 Cookies e rastreio<\/strong><\/p><p data-start=\"3477\" data-end=\"3584\">O nosso s\u00edtio Web pode utilizar <strong data-start=\"3497\" data-end=\"3514\">biscoitos b\u00e1sicos<\/strong> para melhorar a funcionalidade (por exemplo, guardar p\u00e1ginas em cache, guardar prefer\u00eancias).<\/p><ul data-start=\"3585\" data-end=\"3819\"><li data-start=\"3585\" data-end=\"3642\"><p data-start=\"3587\" data-end=\"3642\">Estes cookies n\u00e3o recolhem dados financeiros pessoais.<\/p><\/li><li data-start=\"3643\" data-end=\"3716\"><p data-start=\"3645\" data-end=\"3716\">Ao utilizar o s\u00edtio Web, o utilizador concorda com a utiliza\u00e7\u00e3o de cookies conforme descrito.<\/p><\/li><li data-start=\"3717\" data-end=\"3819\"><p data-start=\"3719\" data-end=\"3819\">Pode desativar os cookies nas defini\u00e7\u00f5es do seu browser, embora algumas funcionalidades do Website possam ser afectadas.<\/p><\/li><\/ul><p data-start=\"3821\" data-end=\"3851\"><strong>4.6 Visitantes globais e RGPD<\/strong><\/p><p data-start=\"3852\" data-end=\"4091\">Uma vez que o nosso s\u00edtio Web est\u00e1 acess\u00edvel a n\u00edvel mundial, os utilizadores do <strong data-start=\"3906\" data-end=\"3929\">Uni\u00e3o Europeia (UE)<\/strong> ou outras jurisdi\u00e7\u00f5es podem estar sujeitos a direitos adicionais de prote\u00e7\u00e3o de dados ao abrigo de <strong data-start=\"4011\" data-end=\"4019\">RGPD<\/strong> ou leis semelhantes.<br data-start=\"4036\" data-end=\"4039\" \/>Se estiver estabelecido na UE, tem direito a:<\/p><ul data-start=\"4092\" data-end=\"4233\"><li data-start=\"4092\" data-end=\"4141\"><p data-start=\"4094\" data-end=\"4141\">Aceder, modificar ou apagar os seus dados pessoais.<\/p><\/li><li data-start=\"4142\" data-end=\"4233\"><p data-start=\"4144\" data-end=\"4233\">Retirar o consentimento em qualquer altura.<br data-start=\"4173\" data-end=\"4176\" \/>Os pedidos podem ser enviados para o nosso e-mail de contacto indicado abaixo.<\/p><\/li><\/ul><p data-start=\"4240\" data-end=\"4263\"><strong>5. Liga\u00e7\u00f5es de terceiros<\/strong><\/p><ul data-start=\"4264\" data-end=\"4559\"><li data-start=\"4264\" data-end=\"4323\"><p data-start=\"4266\" data-end=\"4323\">Este s\u00edtio Web pode conter liga\u00e7\u00f5es a s\u00edtios Web de terceiros.<\/p><\/li><li data-start=\"4324\" data-end=\"4433\"><p data-start=\"4326\" data-end=\"4433\">Boss Metal \u00e9 <strong data-start=\"4340\" data-end=\"4369\">n\u00e3o \u00e9 respons\u00e1vel<\/strong> pelo conte\u00fado, exatid\u00e3o ou pr\u00e1ticas de s\u00edtios Web externos.<\/p><\/li><li data-start=\"4434\" data-end=\"4559\"><p data-start=\"4436\" data-end=\"4559\">O acesso a s\u00edtios Web de terceiros \u00e9 feito por sua conta e risco e o utilizador deve analisar os respectivos termos e pol\u00edticas de privacidade de forma independente.<\/p><\/li><\/ul><p data-start=\"4566\" data-end=\"4596\"><strong>6. Exclus\u00e3o de garantias<\/strong><\/p><ul data-start=\"4597\" data-end=\"5103\"><li data-start=\"4597\" data-end=\"4685\"><p data-start=\"4599\" data-end=\"4685\">O s\u00edtio Web e o seu conte\u00fado s\u00e3o fornecidos numa base <strong data-start=\"4646\" data-end=\"4676\">\"tal como est\u00e1\" e \"conforme dispon\u00edvel\"<\/strong> base.<\/p><\/li><li data-start=\"4686\" data-end=\"4937\"><p data-start=\"4688\" data-end=\"4752\">Boss Metal produz <strong data-start=\"4705\" data-end=\"4722\">sem garantias<\/strong> ou representa\u00e7\u00f5es relativas a:<\/p><ul data-start=\"4755\" data-end=\"4937\"><li data-start=\"4755\" data-end=\"4821\"><p data-start=\"4757\" data-end=\"4821\">A exatid\u00e3o, fiabilidade ou integridade do conte\u00fado do Website.<\/p><\/li><li data-start=\"4824\" data-end=\"4881\"><p data-start=\"4826\" data-end=\"4881\">Funcionamento ininterrupto ou sem erros do s\u00edtio Web.<\/p><\/li><li data-start=\"4884\" data-end=\"4937\"><p data-start=\"4886\" data-end=\"4937\">Livre de v\u00edrus ou outros componentes nocivos.<\/p><\/li><\/ul><\/li><li data-start=\"4938\" data-end=\"5103\"><p data-start=\"4940\" data-end=\"5103\">As informa\u00e7\u00f5es no s\u00edtio Web s\u00e3o fornecidas para <strong data-start=\"4983\" data-end=\"5022\">apenas para fins de informa\u00e7\u00e3o geral<\/strong> e n\u00e3o deve ser considerado como aconselhamento profissional, financeiro ou t\u00e9cnico.<\/p><\/li><\/ul><p data-start=\"5110\" data-end=\"5139\"><strong>7. Limita\u00e7\u00e3o da responsabilidade<\/strong><\/p><p data-start=\"5140\" data-end=\"5181\">Em toda a extens\u00e3o permitida por lei:<\/p><ul data-start=\"5182\" data-end=\"5610\"><li data-start=\"5182\" data-end=\"5484\"><p data-start=\"5184\" data-end=\"5263\">A Boss Metal n\u00e3o ser\u00e1 respons\u00e1vel por quaisquer danos, perdas ou reclama\u00e7\u00f5es decorrentes de:<\/p><ul data-start=\"5266\" data-end=\"5484\"><li data-start=\"5266\" data-end=\"5304\"><p data-start=\"5268\" data-end=\"5304\">O seu acesso ou utiliza\u00e7\u00e3o do s\u00edtio Web.<\/p><\/li><li data-start=\"5307\" data-end=\"5365\"><p data-start=\"5309\" data-end=\"5365\">Imprecis\u00f5es, omiss\u00f5es ou erros no conte\u00fado do s\u00edtio Web.<\/p><\/li><li data-start=\"5368\" data-end=\"5419\"><p data-start=\"5370\" data-end=\"5419\">Tempo de inatividade, interrup\u00e7\u00f5es ou falhas t\u00e9cnicas.<\/p><\/li><li data-start=\"5422\" data-end=\"5484\"><p data-start=\"5424\" data-end=\"5484\">A sua confian\u00e7a nas informa\u00e7\u00f5es fornecidas atrav\u00e9s do s\u00edtio Web.<\/p><\/li><\/ul><\/li><li data-start=\"5485\" data-end=\"5610\"><p data-start=\"5487\" data-end=\"5610\">Esta limita\u00e7\u00e3o aplica-se a todas as formas de responsabilidade, quer seja contratual, extracontratual, neglig\u00eancia, responsabilidade objetiva ou outra.<\/p><\/li><\/ul><p data-start=\"5617\" data-end=\"5651\"><strong>8. Direito aplic\u00e1vel e jurisdi\u00e7\u00e3o<\/strong><\/p><p data-start=\"5652\" data-end=\"5872\">As presentes Condi\u00e7\u00f5es ser\u00e3o regidas e interpretadas de acordo com as leis de <strong data-start=\"5730\" data-end=\"5739\">Egito<\/strong>.<br data-start=\"5740\" data-end=\"5743\" \/>Quaisquer lit\u00edgios decorrentes ou relacionados com as presentes condi\u00e7\u00f5es est\u00e3o sujeitos ao <strong data-start=\"5820\" data-end=\"5869\">compet\u00eancia exclusiva dos tribunais eg\u00edpcios<\/strong>.<\/p><p data-start=\"5879\" data-end=\"5905\"><strong>9. Altera\u00e7\u00f5es \u00e0s Condi\u00e7\u00f5es Gerais<\/strong><\/p><p data-start=\"5906\" data-end=\"5992\">A Boss Metal reserva-se o direito de atualizar, modificar ou substituir estes Termos em qualquer altura.<\/p><ul data-start=\"5993\" data-end=\"6175\"><li data-start=\"5993\" data-end=\"6074\"><p data-start=\"5995\" data-end=\"6074\">Quaisquer altera\u00e7\u00f5es ser\u00e3o publicadas nesta p\u00e1gina com a data da \"\u00daltima atualiza\u00e7\u00e3o\" revista.<\/p><\/li><li data-start=\"6075\" data-end=\"6175\"><p data-start=\"6077\" data-end=\"6175\">A utiliza\u00e7\u00e3o continuada do s\u00edtio Web ap\u00f3s tais altera\u00e7\u00f5es constitui a aceita\u00e7\u00e3o dos Termos actualizados.<\/p><\/li><\/ul><p data-start=\"6182\" data-end=\"6199\"><strong>10. Contactar-nos<\/strong><\/p><p data-start=\"6200\" data-end=\"6280\">Se tiver alguma quest\u00e3o ou d\u00favida sobre estes Termos, contacte-nos atrav\u00e9s do endere\u00e7o<\/p><p data-start=\"6282\" data-end=\"6406\"><strong data-start=\"6282\" data-end=\"6296\">Boss Metal<\/strong><br data-start=\"6296\" data-end=\"6299\" \/>Correio eletr\u00f3nico: <a href=\"mailto:info@bossmetal.net\">info@bossmetal.net<\/a><br data-start=\"6328\" data-end=\"6331\" \/>S\u00edtio Web: <a class=\"decorated-link\" href=\"https:\/\/bossmetal.net\/pt\/?utm_source=chatgpt.com\" target=\"_new\" rel=\"noopener\" data-start=\"6340\" data-end=\"6386\">https:\/\/bossmetal.net<\/a><br data-start=\"6386\" data-end=\"6389\" \/>Localiza\u00e7\u00e3o: Egito<\/p>\t\t\t\t\t\t\t\t<\/div>\n\t\t\t\t<\/div>\n\t\t\t\t<\/div>","protected":false},"excerpt":{"rendered":"<p>Terms &amp; Conditions Last Updated: 28\/08\/2025 Welcome to Boss Metal. These Terms and Conditions (&#8220;Terms&#8221;) govern your use of our website https:\/\/bossmetal.net (&#8220;Website&#8221;). By accessing or using this Website, you agree to comply with and be bound by these Terms. If you do not agree, you should discontinue use immediately. 1. Company Information The Website [&hellip;]<\/p>\n","protected":false},"author":1,"featured_media":0,"parent":0,"menu_order":0,"comment_status":"closed","ping_status":"closed","template":"","meta":{"_acf_changed":false,"footnotes":""},"class_list":["post-708","page","type-page","status-publish","hentry"],"blocksy_meta":[],"acf":[],"_links":{"self":[{"href":"https:\/\/bossmetal.net\/pt\/wp-json\/wp\/v2\/pages\/708","targetHints":{"allow":["GET"]}}],"collection":[{"href":"https:\/\/bossmetal.net\/pt\/wp-json\/wp\/v2\/pages"}],"about":[{"href":"https:\/\/bossmetal.net\/pt\/wp-json\/wp\/v2\/types\/page"}],"author":[{"embeddable":true,"href":"https:\/\/bossmetal.net\/pt\/wp-json\/wp\/v2\/users\/1"}],"replies":[{"embeddable":true,"href":"https:\/\/bossmetal.net\/pt\/wp-json\/wp\/v2\/comments?post=708"}],"version-history":[{"count":7,"href":"https:\/\/bossmetal.net\/pt\/wp-json\/wp\/v2\/pages\/708\/revisions"}],"predecessor-version":[{"id":1122,"href":"https:\/\/bossmetal.net\/pt\/wp-json\/wp\/v2\/pages\/708\/revisions\/1122"}],"wp:attachment":[{"href":"https:\/\/bossmetal.net\/pt\/wp-json\/wp\/v2\/media?parent=708"}],"curies":[{"name":"wp","href":"https:\/\/api.w.org\/{rel}","templated":true}]}}