{"id":1113,"date":"2025-08-24T01:54:14","date_gmt":"2025-08-23T22:54:14","guid":{"rendered":"https:\/\/bossmetal.net\/?page_id=1113"},"modified":"2025-08-29T19:41:51","modified_gmt":"2025-08-29T16:41:51","slug":"materiais","status":"publish","type":"page","link":"https:\/\/bossmetal.net\/pt\/produtos\/materiais\/","title":{"rendered":"Materiais"},"content":{"rendered":"<div data-elementor-type=\"wp-page\" data-elementor-id=\"1113\" class=\"elementor elementor-1113\" data-elementor-post-type=\"page\">\n\t\t\t\t<div class=\"elementor-element elementor-element-a1c2b50 e-con-full e-flex e-con e-parent\" data-id=\"a1c2b50\" data-element_type=\"container\" data-e-type=\"container\">\n\t\t\t\t<div class=\"elementor-element elementor-element-174fc70 elementor-widget__width-initial elementor-widget elementor-widget-heading\" data-id=\"174fc70\" data-element_type=\"widget\" data-e-type=\"widget\" data-widget_type=\"heading.default\">\n\t\t\t\t\t<h2 class=\"elementor-heading-title elementor-size-default\">Materiais<\/h2>\t\t\t\t<\/div>\n\t\t<div class=\"elementor-element elementor-element-25e1732 e-con-full e-flex e-con e-child\" data-id=\"25e1732\" data-element_type=\"container\" data-e-type=\"container\">\n\t\t\t\t<div class=\"elementor-element elementor-element-a126572 elementor-widget__width-initial elementor-widget elementor-widget-heading\" data-id=\"a126572\" data-element_type=\"widget\" data-e-type=\"widget\" data-widget_type=\"heading.default\">\n\t\t\t\t\t<h2 class=\"elementor-heading-title elementor-size-default\">Desde o in\u00edcio, a Boss Metal foi constru\u00edda com uma vis\u00e3o clara: tornar-se um supermercado \u00fanico para f\u00e1bricas de alum\u00ednio e fundi\u00e7\u00f5es.\nEm vez de os fabricantes se esfor\u00e7arem por obter cada mat\u00e9ria-prima separadamente de diferentes comerciantes - e esperar longos per\u00edodos pelas importa\u00e7\u00f5es - a Boss Metal disponibiliza tudo num \u00fanico local, com a mais alta qualidade e a entrega mais r\u00e1pida.<\/h2>\t\t\t\t<\/div>\n\t\t\t\t<div class=\"elementor-element elementor-element-884e9e1 elementor-widget elementor-widget-heading\" data-id=\"884e9e1\" data-element_type=\"widget\" data-e-type=\"widget\" data-widget_type=\"heading.default\">\n\t\t\t\t\t<h2 class=\"elementor-heading-title elementor-size-default\">Explorar \u2193<\/h2>\t\t\t\t<\/div>\n\t\t\t\t<\/div>\n\t\t\t\t<\/div>\n\t\t<div class=\"elementor-element elementor-element-581b6b8 e-con-full e-flex e-con e-parent\" data-id=\"581b6b8\" data-element_type=\"container\" data-e-type=\"container\">\n\t\t<div class=\"elementor-element elementor-element-74a5507 e-con-full e-flex e-con e-child\" data-id=\"74a5507\" data-element_type=\"container\" data-e-type=\"container\" data-settings=\"{&quot;background_background&quot;:&quot;classic&quot;}\">\n\t\t\t\t<\/div>\n\t\t\t\t<\/div>\n\t\t<div class=\"elementor-element elementor-element-65c2096 e-con-full e-flex e-con e-parent\" data-id=\"65c2096\" data-element_type=\"container\" data-e-type=\"container\">\n\t\t<div class=\"elementor-element elementor-element-2f13a3d e-con-full e-flex e-con e-child\" data-id=\"2f13a3d\" data-element_type=\"container\" data-e-type=\"container\">\n\t\t\t\t<div class=\"elementor-element elementor-element-80f7759 elementor-widget__width-initial elementor-widget elementor-widget-heading\" data-id=\"80f7759\" data-element_type=\"widget\" data-e-type=\"widget\" data-widget_type=\"heading.default\">\n\t\t\t\t\t<h2 class=\"elementor-heading-title elementor-size-default\">Veja os nossos materiais<\/h2>\t\t\t\t<\/div>\n\t\t\t\t<div class=\"elementor-element elementor-element-c63cb6d elementor-widget__width-initial elementor-widget elementor-widget-text-editor\" data-id=\"c63cb6d\" data-element_type=\"widget\" data-e-type=\"widget\" data-widget_type=\"text-editor.default\">\n\t\t\t\t\t\t\t\t\t<p>O nosso objetivo \u00e9 simplificar o processo, poupar tempo e apoiar o crescimento de toda a ind\u00fastria do alum\u00ednio.<\/p>\t\t\t\t\t\t\t\t<\/div>\n\t\t\t\t<\/div>\n\t\t<div class=\"elementor-element elementor-element-d7a4bf2 e-con-full e-flex e-con e-child\" data-id=\"d7a4bf2\" data-element_type=\"container\" data-e-type=\"container\">\n\t\t\t\t<div class=\"elementor-element elementor-element-4a647cb elementor-widget elementor-widget-image\" data-id=\"4a647cb\" data-element_type=\"widget\" data-e-type=\"widget\" data-widget_type=\"image.default\">\n\t\t\t\t\t\t\t\t\t\t\t\t\t\t\t<img fetchpriority=\"high\" decoding=\"async\" width=\"1024\" height=\"576\" src=\"https:\/\/bossmetal.net\/wp-content\/uploads\/2025\/08\/081310-1024x576.png\" class=\"attachment-large size-large wp-image-1245\" alt=\"\" srcset=\"https:\/\/bossmetal.net\/wp-content\/uploads\/2025\/08\/081310-1024x576.png 1024w, https:\/\/bossmetal.net\/wp-content\/uploads\/2025\/08\/081310-300x169.png 300w, https:\/\/bossmetal.net\/wp-content\/uploads\/2025\/08\/081310-768x432.png 768w, https:\/\/bossmetal.net\/wp-content\/uploads\/2025\/08\/081310-1536x864.png 1536w, https:\/\/bossmetal.net\/wp-content\/uploads\/2025\/08\/081310.png 1920w\" sizes=\"(max-width: 1024px) 100vw, 1024px\" \/>\t\t\t\t\t\t\t\t\t\t\t\t\t\t\t<\/div>\n\t\t\t\t<\/div>\n\t\t\t\t<\/div>\n\t\t<div class=\"elementor-element elementor-element-fabe49d e-con-full e-flex e-con e-child\" data-id=\"fabe49d\" data-element_type=\"container\" data-e-type=\"container\">\n\t\t\t\t<div class=\"elementor-element elementor-element-b1cfba2 elementor-widget__width-initial elementor-widget elementor-widget-heading\" data-id=\"b1cfba2\" data-element_type=\"widget\" data-e-type=\"widget\" data-widget_type=\"heading.default\">\n\t\t\t\t\t<h2 class=\"elementor-heading-title elementor-size-default\">Os nossos materiais<\/h2>\t\t\t\t<\/div>\n\t\t\t\t<div class=\"elementor-element elementor-element-ce2a270 e-n-tabs-none elementor-widget elementor-widget-n-tabs\" data-id=\"ce2a270\" data-element_type=\"widget\" data-e-type=\"widget\" data-settings=\"{&quot;tabs_justify_horizontal&quot;:&quot;start&quot;,&quot;tabs_justify_horizontal_mobile&quot;:&quot;stretch&quot;,&quot;horizontal_scroll_mobile&quot;:&quot;enable&quot;,&quot;horizontal_scroll&quot;:&quot;disable&quot;}\" data-widget_type=\"nested-tabs.default\">\n\t\t\t\t\t\t\t<div class=\"e-n-tabs\" data-widget-number=\"216179312\" aria-label=\"Separadores. Abra itens com Enter ou Espa\u00e7o, feche com Escape e navegue utilizando as teclas de seta.\">\n\t\t\t<div class=\"e-n-tabs-heading\" role=\"tablist\">\n\t\t\t\t\t<button id=\"e-n-tab-title-2161793121\" data-tab-title-id=\"e-n-tab-title-2161793121\" class=\"e-n-tab-title\" aria-selected=\"true\" data-tab-index=\"1\" role=\"tab\" tabindex=\"0\" aria-controls=\"e-n-tab-content-2161793121\" style=\"--n-tabs-title-order: 1;\">\n\t\t\t\t\t\t<span class=\"e-n-tab-title-text\">\n\t\t\t\tBillet de alum\u00ednio\t\t\t<\/span>\n\t\t<\/button>\n\t\t\t\t<button id=\"e-n-tab-title-2161793122\" data-tab-title-id=\"e-n-tab-title-2161793122\" class=\"e-n-tab-title\" aria-selected=\"false\" data-tab-index=\"2\" role=\"tab\" tabindex=\"-1\" aria-controls=\"e-n-tab-content-2161793122\" style=\"--n-tabs-title-order: 2;\">\n\t\t\t\t\t\t<span class=\"e-n-tab-title-text\">\n\t\t\t\tDisco de alum\u00ednio\t\t\t<\/span>\n\t\t<\/button>\n\t\t\t\t<button id=\"e-n-tab-title-2161793123\" data-tab-title-id=\"e-n-tab-title-2161793123\" class=\"e-n-tab-title\" aria-selected=\"false\" data-tab-index=\"3\" role=\"tab\" tabindex=\"-1\" aria-controls=\"e-n-tab-content-2161793123\" style=\"--n-tabs-title-order: 3;\">\n\t\t\t\t\t\t<span class=\"e-n-tab-title-text\">\n\t\t\t\tFiltro de espuma cer\u00e2mica de alum\u00ednio\t\t\t<\/span>\n\t\t<\/button>\n\t\t\t\t<button id=\"e-n-tab-title-2161793124\" data-tab-title-id=\"e-n-tab-title-2161793124\" class=\"e-n-tab-title\" aria-selected=\"false\" data-tab-index=\"4\" role=\"tab\" tabindex=\"-1\" aria-controls=\"e-n-tab-content-2161793124\" style=\"--n-tabs-title-order: 4;\">\n\t\t\t\t\t\t<span class=\"e-n-tab-title-text\">\n\t\t\t\tRefinadores de gr\u00e3os\t\t\t<\/span>\n\t\t<\/button>\n\t\t\t\t<button id=\"e-n-tab-title-2161793125\" data-tab-title-id=\"e-n-tab-title-2161793125\" class=\"e-n-tab-title\" aria-selected=\"false\" data-tab-index=\"5\" role=\"tab\" tabindex=\"-1\" aria-controls=\"e-n-tab-content-2161793125\" style=\"--n-tabs-title-order: 5;\">\n\t\t\t\t\t\t<span class=\"e-n-tab-title-text\">\n\t\t\t\tMetais puros e aditivos de liga\t\t\t<\/span>\n\t\t<\/button>\n\t\t\t\t<button id=\"e-n-tab-title-2161793126\" data-tab-title-id=\"e-n-tab-title-2161793126\" class=\"e-n-tab-title\" aria-selected=\"false\" data-tab-index=\"6\" role=\"tab\" tabindex=\"-1\" aria-controls=\"e-n-tab-content-2161793126\" style=\"--n-tabs-title-order: 6;\">\n\t\t\t\t\t\t<span class=\"e-n-tab-title-text\">\n\t\t\t\tTratamento de metais n\u00e3o ferrosos\t\t\t<\/span>\n\t\t<\/button>\n\t\t\t\t\t<\/div>\n\t\t\t<div class=\"e-n-tabs-content\">\n\t\t\t\t<div id=\"e-n-tab-content-2161793121\" role=\"tabpanel\" aria-labelledby=\"e-n-tab-title-2161793121\" data-tab-index=\"1\" style=\"--n-tabs-title-order: 1;\" class=\"e-active elementor-element elementor-element-e224373 e-con-full e-flex e-con e-child\" data-id=\"e224373\" data-element_type=\"container\" data-e-type=\"container\">\n\t\t<div class=\"elementor-element elementor-element-d5a427f e-con-full e-flex e-con e-child\" data-id=\"d5a427f\" data-element_type=\"container\" data-e-type=\"container\">\n\t\t\t\t<div class=\"elementor-element elementor-element-71cb348 elementor-widget__width-initial elementor-widget elementor-widget-heading\" data-id=\"71cb348\" data-element_type=\"widget\" data-e-type=\"widget\" data-widget_type=\"heading.default\">\n\t\t\t\t\t<h2 class=\"elementor-heading-title elementor-size-default\">Os biletes de alum\u00ednio s\u00e3o produtos semi-acabados utilizados em v\u00e1rias ind\u00fastrias, nomeadamente no fabrico de produtos de alum\u00ednio extrudido. Estes biletes t\u00eam normalmente uma forma cil\u00edndrica e s\u00e3o produzidos atrav\u00e9s de um processo de fundi\u00e7\u00e3o ou extrus\u00e3o. Os biletes de alum\u00ednio oferecem excelentes propriedades, como leveza, resist\u00eancia \u00e0 corros\u00e3o e elevada rela\u00e7\u00e3o resist\u00eancia\/peso, tornando-os ideais para aplica\u00e7\u00f5es na ind\u00fastria aeroespacial, autom\u00f3vel, constru\u00e7\u00e3o e muitas outras ind\u00fastrias.\n\n <br><br>\n\nOs nossos tarugos de alum\u00ednio s\u00e3o fabricados utilizando mat\u00e9rias-primas de alta qualidade e t\u00e9cnicas de produ\u00e7\u00e3o avan\u00e7adas para garantir qualidade e desempenho consistentes. Com dimens\u00f5es precisas e acabamento de superf\u00edcie suave, os nossos biletes de alum\u00ednio est\u00e3o prontos para serem processados atrav\u00e9s de extrus\u00e3o ou maquina\u00e7\u00e3o para criar uma vasta gama de produtos de alum\u00ednio.\n\n<br><br> \n\nQuer se trate de componentes estruturais, perfis arquitect\u00f3nicos ou pe\u00e7as para autom\u00f3veis, os nossos biletes de alum\u00ednio fornecem a base para produtos de alum\u00ednio de alta qualidade, fi\u00e1veis e duradouros.<\/h2>\t\t\t\t<\/div>\n\t\t\t\t<\/div>\n\t\t\t\t<\/div>\n\t\t<div id=\"e-n-tab-content-2161793122\" role=\"tabpanel\" aria-labelledby=\"e-n-tab-title-2161793122\" data-tab-index=\"2\" style=\"--n-tabs-title-order: 2;\" class=\"elementor-element elementor-element-6091fba e-con-full e-flex e-con e-child\" data-id=\"6091fba\" data-element_type=\"container\" data-e-type=\"container\">\n\t\t<div class=\"elementor-element elementor-element-7e7cdc2 e-con-full e-flex e-con e-child\" data-id=\"7e7cdc2\" data-element_type=\"container\" data-e-type=\"container\">\n\t\t\t\t<div class=\"elementor-element elementor-element-62bcaaf elementor-widget__width-initial elementor-widget elementor-widget-heading\" data-id=\"62bcaaf\" data-element_type=\"widget\" data-e-type=\"widget\" data-widget_type=\"heading.default\">\n\t\t\t\t\t<h2 class=\"elementor-heading-title elementor-size-default\">Os discos de alum\u00ednio s\u00e3o pe\u00e7as met\u00e1licas em bruto de forma circular, normalmente utilizadas em v\u00e1rias ind\u00fastrias para uma vasta gama de aplica\u00e7\u00f5es. Estes discos s\u00e3o normalmente produzidos atrav\u00e9s de um processo de corte ou estampagem de folhas ou biletes de alum\u00ednio para obter o di\u00e2metro e a espessura pretendidos. Os discos de alum\u00ednio oferecem uma versatilidade excecional, propriedades de leveza e uma excelente resist\u00eancia \u00e0 corros\u00e3o, tornando-os adequados para utiliza\u00e7\u00e3o em utens\u00edlios de cozinha, componentes autom\u00f3veis, sinaliza\u00e7\u00e3o, eletr\u00f3nica e muito mais.\n\n \n<br><br>\nOs nossos discos de alum\u00ednio s\u00e3o fabricados com precis\u00e3o e aten\u00e7\u00e3o aos detalhes, garantindo uma espessura uniforme e arestas suaves para uma integra\u00e7\u00e3o perfeita nos seus processos de fabrico. Quer seja para formar panelas, ornamentos decorativos ou componentes funcionais, os nossos discos de alum\u00ednio fornecem a base para produtos de alta qualidade, duradouros e esteticamente agrad\u00e1veis.\n<br><br>\n \n\nCom v\u00e1rios tamanhos e ligas dispon\u00edveis, os nossos discos de alum\u00ednio podem ser personalizados para satisfazer os seus requisitos espec\u00edficos, oferecendo infinitas possibilidades de inova\u00e7\u00e3o e criatividade nos seus projectos.<\/h2>\t\t\t\t<\/div>\n\t\t\t\t<\/div>\n\t\t\t\t<\/div>\n\t\t<div id=\"e-n-tab-content-2161793123\" role=\"tabpanel\" aria-labelledby=\"e-n-tab-title-2161793123\" data-tab-index=\"3\" style=\"--n-tabs-title-order: 3;\" class=\"elementor-element elementor-element-e77e47b e-con-full e-flex e-con e-child\" data-id=\"e77e47b\" data-element_type=\"container\" data-e-type=\"container\">\n\t\t<div class=\"elementor-element elementor-element-d39818d e-con-full e-flex e-con e-child\" data-id=\"d39818d\" data-element_type=\"container\" data-e-type=\"container\">\n\t\t\t\t<div class=\"elementor-element elementor-element-6fe8c0b elementor-widget__width-initial elementor-widget elementor-widget-heading\" data-id=\"6fe8c0b\" data-element_type=\"widget\" data-e-type=\"widget\" data-widget_type=\"heading.default\">\n\t\t\t\t\t<h2 class=\"elementor-heading-title elementor-size-default\">O nosso filtro de espuma cer\u00e2mica de carboneto de sil\u00edcio utiliza uma esponja de espuma de poliuretano importada da Alemanha como suporte, infundida com carboneto de sil\u00edcio. Este processo inovador envolve a incorpora\u00e7\u00e3o da esponja de espuma com uma pasta de carboneto de sil\u00edcio, que forma uma estrutura cer\u00e2mica robusta ap\u00f3s secagem e cozedura a alta temperatura. A decomposi\u00e7\u00e3o do poliuretano deixa para tr\u00e1s um meio filtrante altamente eficiente.\n\n \n<br><br>\nCom uma estrutura de interliga\u00e7\u00e3o de malha tridimensional, o nosso Filtro de espuma cer\u00e2mica de carboneto de sil\u00edcio melhora a filtragem de l\u00edquidos met\u00e1licos atrav\u00e9s de mecanismos como a retifica\u00e7\u00e3o, o rastreio mec\u00e2nico e a adsor\u00e7\u00e3o. Isto melhora efetivamente a pureza do metal, reduz os res\u00edduos e minimiza as perdas de processamento mec\u00e2nico, aumentando assim a efici\u00eancia da produ\u00e7\u00e3o e reduzindo os custos.\n\n <br><br>\n\nA elevada resist\u00eancia do filtro, a estabilidade t\u00e9rmica, a grande \u00e1rea de superf\u00edcie e o dimensionamento preciso tornam-no ideal para filtrar e purificar ferro fundido d\u00factil, ferro fundido cinzento, alum\u00ednio, cobre e outros l\u00edquidos de ligas met\u00e1licas. Remove eficazmente grandes inclus\u00f5es, adsorve impurezas e reduz o teor de g\u00e1s, melhorando assim as propriedades mec\u00e2nicas das pe\u00e7as fundidas e melhorando a qualidade geral do produto.<\/h2>\t\t\t\t<\/div>\n\t\t\t\t<\/div>\n\t\t\t\t<\/div>\n\t\t<div id=\"e-n-tab-content-2161793124\" role=\"tabpanel\" aria-labelledby=\"e-n-tab-title-2161793124\" data-tab-index=\"4\" style=\"--n-tabs-title-order: 4;\" class=\"elementor-element elementor-element-078bd52 e-con-full e-flex e-con e-child\" data-id=\"078bd52\" data-element_type=\"container\" data-e-type=\"container\">\n\t\t<div class=\"elementor-element elementor-element-1e069a6 e-con-full e-flex e-con e-child\" data-id=\"1e069a6\" data-element_type=\"container\" data-e-type=\"container\">\n\t\t\t\t<div class=\"elementor-element elementor-element-ed68dde elementor-widget__width-initial elementor-widget elementor-widget-heading\" data-id=\"ed68dde\" data-element_type=\"widget\" data-e-type=\"widget\" data-widget_type=\"heading.default\">\n\t\t\t\t\t<h2 class=\"elementor-heading-title elementor-size-default\">Os refinadores de gr\u00e3o de alum\u00ednio s\u00e3o aditivos utilizados nos processos de fundi\u00e7\u00e3o e extrus\u00e3o de alum\u00ednio para melhorar a microestrutura e as propriedades mec\u00e2nicas das ligas de alum\u00ednio. Estes refinadores de gr\u00e3o consistem em materiais cuidadosamente selecionados que promovem a forma\u00e7\u00e3o de gr\u00e3os finos e equiaxiais durante a solidifica\u00e7\u00e3o, conduzindo a uma maior resist\u00eancia, ductilidade e acabamento superficial no produto final.\n\n \n<br><br>\nOs nossos refinadores de gr\u00e3os de alum\u00ednio s\u00e3o formulados com precis\u00e3o para garantir um desempenho e consist\u00eancia \u00f3ptimos numa vasta gama de ligas de alum\u00ednio. S\u00e3o concebidos para controlar eficazmente o tamanho e a morfologia do gr\u00e3o, resultando numa melhor integridade da fundi\u00e7\u00e3o, redu\u00e7\u00e3o da porosidade e melhor maquinabilidade. Ao refinar a estrutura do gr\u00e3o das ligas de alum\u00ednio, os nossos refinadores de gr\u00e3o facilitam propriedades mec\u00e2nicas e carater\u00edsticas de superf\u00edcie superiores, tornando-os ideais para aplica\u00e7\u00f5es exigentes nas ind\u00fastrias autom\u00f3vel, aeroespacial e de eletr\u00f3nica de consumo.\n\n \n<br><br>\nCom composi\u00e7\u00f5es e tamanhos de part\u00edculas personaliz\u00e1veis, os nossos refinadores de gr\u00e3o de alum\u00ednio podem ser adaptados a sistemas de ligas e condi\u00e7\u00f5es de processamento espec\u00edficos, proporcionando aos fabricantes a flexibilidade e o controlo de que necessitam para atingir as propriedades e os n\u00edveis de desempenho desejados.<\/h2>\t\t\t\t<\/div>\n\t\t\t\t<\/div>\n\t\t\t\t<\/div>\n\t\t<div id=\"e-n-tab-content-2161793125\" role=\"tabpanel\" aria-labelledby=\"e-n-tab-title-2161793125\" data-tab-index=\"5\" style=\"--n-tabs-title-order: 5;\" class=\"elementor-element elementor-element-f7e3b36 e-con-full e-flex e-con e-child\" data-id=\"f7e3b36\" data-element_type=\"container\" data-e-type=\"container\">\n\t\t<div class=\"elementor-element elementor-element-139c52a e-con-full e-flex e-con e-child\" data-id=\"139c52a\" data-element_type=\"container\" data-e-type=\"container\">\n\t\t\t\t<div class=\"elementor-element elementor-element-cca3c38 elementor-widget__width-initial elementor-widget elementor-widget-text-editor\" data-id=\"cca3c38\" data-element_type=\"widget\" data-e-type=\"widget\" data-widget_type=\"text-editor.default\">\n\t\t\t\t\t\t\t\t\t<p>Na Boss Metal, asseguramos a disponibilidade de todos os metais puros essenciais e aditivos exigidos por qualquer fundi\u00e7\u00e3o de alum\u00ednio para afinar as suas ligas.<\/p><p>De:<\/p><ul><li>Sil\u00edcio puro<\/li><li>Magn\u00e9sio puro<\/li><li>N\u00edquel puro<\/li><li>Tit\u00e2nio<\/li><\/ul><p>fornecemos mat\u00e9rias-primas da mais alta qualidade que garantem consist\u00eancia e precis\u00e3o na produ\u00e7\u00e3o de ligas.<\/p><p>O que quer que a sua fundi\u00e7\u00e3o necessite para ajustar e aperfei\u00e7oar a sua composi\u00e7\u00e3o de ligas, encontr\u00e1-lo-\u00e1 sempre num \u00fanico local - Boss Metal.<\/p>\t\t\t\t\t\t\t\t<\/div>\n\t\t\t\t<\/div>\n\t\t\t\t<\/div>\n\t\t<div id=\"e-n-tab-content-2161793126\" role=\"tabpanel\" aria-labelledby=\"e-n-tab-title-2161793126\" data-tab-index=\"6\" style=\"--n-tabs-title-order: 6;\" class=\"elementor-element elementor-element-0fa7aab e-con-full e-flex e-con e-child\" data-id=\"0fa7aab\" data-element_type=\"container\" data-e-type=\"container\">\n\t\t<div class=\"elementor-element elementor-element-2050aa4 e-con-full e-flex e-con e-child\" data-id=\"2050aa4\" data-element_type=\"container\" data-e-type=\"container\">\n\t\t\t\t<div class=\"elementor-element elementor-element-7273bcb elementor-widget__width-initial elementor-widget elementor-widget-heading\" data-id=\"7273bcb\" data-element_type=\"widget\" data-e-type=\"widget\" data-widget_type=\"heading.default\">\n\t\t\t\t\t<h2 class=\"elementor-heading-title elementor-size-default\">As solu\u00e7\u00f5es de tratamento de metais n\u00e3o ferrosos englobam uma variedade de processos e tratamentos concebidos para melhorar as propriedades e o desempenho de metais n\u00e3o ferrosos e ligas. Estes tratamentos s\u00e3o essenciais para melhorar a resist\u00eancia mec\u00e2nica, a resist\u00eancia \u00e0 corros\u00e3o, o acabamento da superf\u00edcie e outras carater\u00edsticas cr\u00edticas dos metais n\u00e3o ferrosos, garantindo que cumprem os requisitos exigentes de v\u00e1rias ind\u00fastrias.\n\n \n<br><br>\nAs nossas solu\u00e7\u00f5es de tratamento de metais n\u00e3o ferrosos s\u00e3o adaptadas para enfrentar desafios e objectivos espec\u00edficos no processamento e fabrico de metais. Elas abrangem uma gama de t\u00e9cnicas, incluindo tratamento t\u00e9rmico, acabamento de superf\u00edcie, liga, revestimento e reciclagem, entre outras. Estes tratamentos s\u00e3o meticulosamente concebidos e implementados pela nossa equipa de especialistas para obter resultados precisos e maximizar o valor dos metais n\u00e3o ferrosos em aplica\u00e7\u00f5es de fabrico.\n<br><br>\n \n\nQuer se trate de aumentar a resist\u00eancia das ligas de alum\u00ednio para componentes aeroespaciais, de melhorar a resist\u00eancia \u00e0 corros\u00e3o do cobre para aplica\u00e7\u00f5es mar\u00edtimas ou de refinar o acabamento da superf\u00edcie de pe\u00e7as fundidas de zinco para fins arquitect\u00f3nicos, as nossas solu\u00e7\u00f5es de tratamento fornecem aos fabricantes as ferramentas e a experi\u00eancia necess\u00e1rias para otimizar o desempenho e a durabilidade dos metais n\u00e3o ferrosos numa vasta gama de aplica\u00e7\u00f5es.<\/h2>\t\t\t\t<\/div>\n\t\t\t\t<\/div>\n\t\t\t\t<\/div>\n\t\t\t\t\t<\/div>\n\t\t<\/div>\n\t\t\t\t\t\t<\/div>\n\t\t\t\t<\/div>\n\t\t<div class=\"elementor-element elementor-element-52682db e-con-full e-flex e-con e-parent\" data-id=\"52682db\" data-element_type=\"container\" data-e-type=\"container\">\n\t\t<div class=\"elementor-element elementor-element-b14ee73 e-con-full e-flex e-con e-child\" data-id=\"b14ee73\" data-element_type=\"container\" data-e-type=\"container\" data-settings=\"{&quot;background_background&quot;:&quot;gradient&quot;}\">\n\t\t<div class=\"elementor-element elementor-element-8f68bed e-con-full e-flex e-con e-child\" data-id=\"8f68bed\" data-element_type=\"container\" data-e-type=\"container\">\n\t\t\t\t<div class=\"elementor-element elementor-element-3395e61 elementor-widget__width-initial elementor-widget elementor-widget-heading\" data-id=\"3395e61\" data-element_type=\"widget\" data-e-type=\"widget\" data-widget_type=\"heading.default\">\n\t\t\t\t\t<h2 class=\"elementor-heading-title elementor-size-default\">Pronto para come\u00e7ar?<\/h2>\t\t\t\t<\/div>\n\t\t\t\t<div class=\"elementor-element elementor-element-237cf33 elementor-widget elementor-widget-button\" data-id=\"237cf33\" data-element_type=\"widget\" data-e-type=\"widget\" data-widget_type=\"button.default\">\n\t\t\t\t\t\t\t\t\t\t<a class=\"elementor-button elementor-button-link elementor-size-sm\" href=\"https:\/\/bossmetal.net\/pt\/contacto\/\">\n\t\t\t\t\t\t<span class=\"elementor-button-content-wrapper\">\n\t\t\t\t\t\t\t\t\t<span class=\"elementor-button-text\">Contactar-nos<\/span>\n\t\t\t\t\t<\/span>\n\t\t\t\t\t<\/a>\n\t\t\t\t\t\t\t\t<\/div>\n\t\t\t\t<\/div>\n\t\t<div class=\"elementor-element elementor-element-2fa2407 e-con-full e-flex e-con e-child\" data-id=\"2fa2407\" data-element_type=\"container\" data-e-type=\"container\">\n\t\t\t\t<div class=\"elementor-element elementor-element-69509cc elementor-widget__width-inherit elementor-widget elementor-widget-heading\" data-id=\"69509cc\" data-element_type=\"widget\" data-e-type=\"widget\" data-widget_type=\"heading.default\">\n\t\t\t\t\t<h2 class=\"elementor-heading-title elementor-size-default\">Solu\u00e7\u00f5es em alum\u00ednio para fundi\u00e7\u00f5es e clientes industriais.\n<\/h2>\t\t\t\t<\/div>\n\t\t\t\t<div class=\"elementor-element elementor-element-d17b6d2 elementor-widget__width-initial elementor-widget-mobile__width-inherit elementor-widget elementor-widget-heading\" data-id=\"d17b6d2\" data-element_type=\"widget\" data-e-type=\"widget\" data-widget_type=\"heading.default\">\n\t\t\t\t\t<h2 class=\"elementor-heading-title elementor-size-default\">Compreendemos as suas necessidades de produ\u00e7\u00e3o, recomendamos os materiais certos e fornecemos produtos de elevado desempenho concebidos para um sucesso a longo prazo.\n\n<\/h2>\t\t\t\t<\/div>\n\t\t\t\t<\/div>\n\t\t\t\t<\/div>\n\t\t\t\t<\/div>\n\t\t\t\t<\/div>","protected":false},"excerpt":{"rendered":"<p>From the very beginning, Boss Metal was built with a clear vision: to become a one-stop supermarket for aluminum factories and foundries. Instead of manufacturers struggling to source every raw material separately from different traders \u2014 and waiting long periods for imports \u2014 Boss Metal makes everything available in one place, with the highest quality [&hellip;]<\/p>\n","protected":false},"author":1,"featured_media":0,"parent":508,"menu_order":0,"comment_status":"closed","ping_status":"closed","template":"","meta":{"_acf_changed":false,"footnotes":""},"class_list":["post-1113","page","type-page","status-publish","hentry"],"blocksy_meta":[],"acf":[],"_links":{"self":[{"href":"https:\/\/bossmetal.net\/pt\/wp-json\/wp\/v2\/pages\/1113","targetHints":{"allow":["GET"]}}],"collection":[{"href":"https:\/\/bossmetal.net\/pt\/wp-json\/wp\/v2\/pages"}],"about":[{"href":"https:\/\/bossmetal.net\/pt\/wp-json\/wp\/v2\/types\/page"}],"author":[{"embeddable":true,"href":"https:\/\/bossmetal.net\/pt\/wp-json\/wp\/v2\/users\/1"}],"replies":[{"embeddable":true,"href":"https:\/\/bossmetal.net\/pt\/wp-json\/wp\/v2\/comments?post=1113"}],"version-history":[{"count":16,"href":"https:\/\/bossmetal.net\/pt\/wp-json\/wp\/v2\/pages\/1113\/revisions"}],"predecessor-version":[{"id":1451,"href":"https:\/\/bossmetal.net\/pt\/wp-json\/wp\/v2\/pages\/1113\/revisions\/1451"}],"up":[{"embeddable":true,"href":"https:\/\/bossmetal.net\/pt\/wp-json\/wp\/v2\/pages\/508"}],"wp:attachment":[{"href":"https:\/\/bossmetal.net\/pt\/wp-json\/wp\/v2\/media?parent=1113"}],"curies":[{"name":"wp","href":"https:\/\/api.w.org\/{rel}","templated":true}]}}