{"id":710,"date":"2025-07-24T07:22:30","date_gmt":"2025-07-24T04:22:30","guid":{"rendered":"https:\/\/bossmetal.net\/?page_id=710"},"modified":"2025-08-28T16:15:57","modified_gmt":"2025-08-28T13:15:57","slug":"datenschutzbestimmungen","status":"publish","type":"page","link":"https:\/\/bossmetal.net\/de\/datenschutzbestimmungen\/","title":{"rendered":"Datenschutzbestimmungen"},"content":{"rendered":"<div data-elementor-type=\"wp-page\" data-elementor-id=\"710\" class=\"elementor elementor-710\" data-elementor-post-type=\"page\">\n\t\t\t\t<div class=\"elementor-element elementor-element-c9c7911 e-con-full e-flex e-con e-parent\" data-id=\"c9c7911\" data-element_type=\"container\" data-e-type=\"container\">\n\t\t\t\t<div class=\"elementor-element elementor-element-fe30687 elementor-widget__width-initial elementor-widget elementor-widget-heading\" data-id=\"fe30687\" data-element_type=\"widget\" data-e-type=\"widget\" data-widget_type=\"heading.default\">\n\t\t\t\t\t<h2 class=\"elementor-heading-title elementor-size-default\">Datenschutzbestimmungen<\/h2>\t\t\t\t<\/div>\n\t\t\t\t<div class=\"elementor-element elementor-element-b2fc090 elementor-widget__width-initial elementor-widget-mobile__width-inherit elementor-widget elementor-widget-text-editor\" data-id=\"b2fc090\" data-element_type=\"widget\" data-e-type=\"widget\" data-widget_type=\"text-editor.default\">\n\t\t\t\t\t\t\t\t\t<p>Zuletzt aktualisiert: 28\/08\/2025<\/p>\t\t\t\t\t\t\t\t<\/div>\n\t\t\t\t<\/div>\n\t\t<div class=\"elementor-element elementor-element-2981868 e-con-full e-flex e-con e-parent\" data-id=\"2981868\" data-element_type=\"container\" data-e-type=\"container\">\n\t\t\t\t<div class=\"elementor-element elementor-element-bb17069 elementor-widget__width-initial elementor-widget-mobile__width-inherit elementor-widget elementor-widget-text-editor\" data-id=\"bb17069\" data-element_type=\"widget\" data-e-type=\"widget\" data-widget_type=\"text-editor.default\">\n\t\t\t\t\t\t\t\t\t<p data-start=\"379\" data-end=\"664\">Unter <strong data-start=\"382\" data-end=\"396\">Boss Metall<\/strong> (\"wir\", \"unser\", \"uns\"), respektieren wir Ihre Privatsph\u00e4re und verpflichten uns, die pers\u00f6nlichen Daten, die Sie uns mitteilen, zu sch\u00fctzen. Diese Datenschutzrichtlinie erkl\u00e4rt, wie wir Ihre Daten sammeln, verwenden und sch\u00fctzen, wenn Sie unsere Website besuchen <strong data-start=\"624\" data-end=\"649\"><a class=\"decorated-link\" href=\"https:\/\/bossmetal.net\/de\/?utm_source=chatgpt.com\" target=\"_new\" rel=\"noopener\" data-start=\"626\" data-end=\"647\">https:\/\/bossmetal.net<\/a><\/strong> (\"Website\").<\/p><p data-start=\"666\" data-end=\"795\">Durch die Nutzung dieser Website erkl\u00e4ren Sie sich mit den Bedingungen dieser Datenschutzrichtlinie einverstanden. Wenn Sie nicht einverstanden sind, stellen Sie bitte die Nutzung unserer Website ein.<\/p><p data-start=\"802\" data-end=\"830\"><strong>1. Informationen, die wir sammeln<\/strong><\/p><p data-start=\"831\" data-end=\"955\">Wir k\u00f6nnen die folgenden Informationen sammeln, wenn Sie mit unserer Website interagieren, insbesondere wenn Sie die <strong data-start=\"936\" data-end=\"952\">Kontakt-Formular<\/strong>:<\/p><ul data-start=\"957\" data-end=\"1116\"><li data-start=\"957\" data-end=\"970\"><p data-start=\"959\" data-end=\"970\">Vollst\u00e4ndiger Name<\/p><\/li><li data-start=\"971\" data-end=\"987\"><p data-start=\"973\" data-end=\"987\">Name des Unternehmens<\/p><\/li><li data-start=\"988\" data-end=\"1005\"><p data-start=\"990\" data-end=\"1005\">E-Mail Adresse<\/p><\/li><li data-start=\"1006\" data-end=\"1022\"><p data-start=\"1008\" data-end=\"1022\">Rufnummer<\/p><\/li><li data-start=\"1023\" data-end=\"1041\"><p data-start=\"1025\" data-end=\"1041\">Land\/Region<\/p><\/li><li data-start=\"1042\" data-end=\"1116\"><p data-start=\"1044\" data-end=\"1116\">Details zur Nachricht und Anforderungen (einschlie\u00dflich der gew\u00e4hlten Produktkategorie)<\/p><\/li><\/ul><p data-start=\"1118\" data-end=\"1222\">Dar\u00fcber hinaus k\u00f6nnen wir, wie die meisten Websites, in begrenztem Umfang automatisch technische Informationen erfassen, wie z. B.:<\/p><ul data-start=\"1223\" data-end=\"1376\"><li data-start=\"1223\" data-end=\"1242\"><p data-start=\"1225\" data-end=\"1242\">Ihre IP-Adresse<\/p><\/li><li data-start=\"1243\" data-end=\"1271\"><p data-start=\"1245\" data-end=\"1271\">Browsertyp und -version<\/p><\/li><li data-start=\"1272\" data-end=\"1308\"><p data-start=\"1274\" data-end=\"1308\">Ger\u00e4tetyp und Betriebssystem<\/p><\/li><li data-start=\"1309\" data-end=\"1376\"><p data-start=\"1311\" data-end=\"1376\">Basis-Cookies (zum Zwischenspeichern und zur Verbesserung der Website-Funktionalit\u00e4t)<\/p><\/li><\/ul><p data-start=\"1383\" data-end=\"1416\"><strong>2. Wie wir Ihre Informationen verwenden<\/strong><\/p><p data-start=\"1417\" data-end=\"1472\">Wir verwenden die gesammelten Daten f\u00fcr die folgenden Zwecke:<\/p><ul data-start=\"1474\" data-end=\"1728\"><li data-start=\"1474\" data-end=\"1519\"><p data-start=\"1476\" data-end=\"1519\">Um auf Ihre Anfragen oder Antr\u00e4ge zu antworten.<\/p><\/li><li data-start=\"1520\" data-end=\"1579\"><p data-start=\"1522\" data-end=\"1579\">Zur Bereitstellung von Informationen \u00fcber unsere Produkte und Dienstleistungen.<\/p><\/li><li data-start=\"1580\" data-end=\"1666\"><p data-start=\"1582\" data-end=\"1666\">F\u00fchrung interner Aufzeichnungen \u00fcber die Kommunikation mit potenziellen und bestehenden Kunden.<\/p><\/li><li data-start=\"1667\" data-end=\"1728\"><p data-start=\"1669\" data-end=\"1728\">Um die Funktionalit\u00e4t unserer Website und die Benutzerfreundlichkeit zu verbessern.<\/p><\/li><\/ul><p data-start=\"1730\" data-end=\"1828\">Wir werden <strong data-start=\"1738\" data-end=\"1768\">niemals verkaufen, vermieten oder tauschen<\/strong> Ihre Daten zu Marketingzwecken an Dritte weitergeben.<\/p><p data-start=\"1835\" data-end=\"1881\"><strong>3. Rechtsgrundlage f\u00fcr die Verarbeitung (GDPR-Hinweis)<\/strong><\/p><p data-start=\"1882\" data-end=\"1979\">F\u00fcr Besucher aus dem <strong data-start=\"1904\" data-end=\"1927\">Europ\u00e4ische Union (EU)<\/strong>ist unsere Rechtsgrundlage f\u00fcr die Verarbeitung personenbezogener Daten:<\/p><ul data-start=\"1980\" data-end=\"2214\"><li data-start=\"1980\" data-end=\"2089\"><p data-start=\"1982\" data-end=\"2089\"><strong data-start=\"1982\" data-end=\"1993\">Zustimmung<\/strong>: Sie geben Ihre ausdr\u00fcckliche Zustimmung, indem Sie vor dem Absenden des Formulars das K\u00e4stchen f\u00fcr die Datenerlaubnis ankreuzen.<\/p><\/li><li data-start=\"2090\" data-end=\"2214\"><p data-start=\"2092\" data-end=\"2214\"><strong data-start=\"2092\" data-end=\"2115\">Legitimes Interesse<\/strong>: Wir bearbeiten Anfragen und f\u00fchren Kommunikationsaufzeichnungen zum Zweck der Gesch\u00e4ftsabwicklung.<\/p><\/li><\/ul><p data-start=\"2221\" data-end=\"2241\"><strong>4. Vorratsdatenspeicherung<\/strong><\/p><p data-start=\"2242\" data-end=\"2302\">Wir bewahren Ihre personenbezogenen Daten nur so lange auf, wie es notwendig ist, um:<\/p><ul data-start=\"2303\" data-end=\"2413\"><li data-start=\"2303\" data-end=\"2333\"><p data-start=\"2305\" data-end=\"2333\">Beantworten Sie Ihre Anfragen.<\/p><\/li><li data-start=\"2334\" data-end=\"2368\"><p data-start=\"2336\" data-end=\"2368\">Einhaltung der gesetzlichen Verpflichtungen.<\/p><\/li><li data-start=\"2369\" data-end=\"2413\"><p data-start=\"2371\" data-end=\"2413\">Unterst\u00fctzung der laufenden Gesch\u00e4ftskommunikation.<\/p><\/li><\/ul><p data-start=\"2415\" data-end=\"2478\">Wenn die Daten nicht mehr ben\u00f6tigt werden, werden sie sicher gel\u00f6scht.<\/p><p data-start=\"2485\" data-end=\"2511\"><strong>5. Cookies und Tracking<\/strong><\/p><p data-start=\"2512\" data-end=\"2592\">Unsere Website verwendet <strong data-start=\"2529\" data-end=\"2546\">Basis-Cookies<\/strong> um die Leistung und die Ladezeiten der Website zu verbessern.<\/p><ul data-start=\"2593\" data-end=\"2769\"><li data-start=\"2593\" data-end=\"2657\"><p data-start=\"2595\" data-end=\"2657\">Diese Cookies sammeln keine sensiblen pers\u00f6nlichen Daten.<\/p><\/li><li data-start=\"2658\" data-end=\"2769\"><p data-start=\"2660\" data-end=\"2769\">Sie k\u00f6nnen Cookies in den Einstellungen Ihres Browsers deaktivieren; einige Funktionen der Website funktionieren dann jedoch m\u00f6glicherweise nicht richtig.<\/p><\/li><\/ul><p data-start=\"2771\" data-end=\"2827\">Wir verwenden keine fortschrittlichen Tracking-Tools f\u00fcr Werbung.<\/p><p data-start=\"2834\" data-end=\"2862\"><strong>6. Weitergabe von Informationen<\/strong><\/p><p data-start=\"2863\" data-end=\"2925\">Wir d\u00fcrfen Ihre personenbezogenen Daten nur in den folgenden F\u00e4llen weitergeben:<\/p><ul data-start=\"2926\" data-end=\"3145\"><li data-start=\"2926\" data-end=\"3005\"><p data-start=\"2928\" data-end=\"3005\">Mit internem autorisiertem Personal von <strong data-start=\"2966\" data-end=\"2980\">Boss Metall<\/strong> f\u00fcr gesch\u00e4ftliche Zwecke.<\/p><\/li><li data-start=\"3006\" data-end=\"3059\"><p data-start=\"3008\" data-end=\"3059\">Wenn dies aufgrund von Gesetzen, Vorschriften oder rechtlichen Verfahren erforderlich ist.<\/p><\/li><li data-start=\"3060\" data-end=\"3145\"><p data-start=\"3062\" data-end=\"3145\">Um die Rechte, das Eigentum oder die Sicherheit von Boss Metal, unseren Kunden oder anderen zu sch\u00fctzen.<\/p><\/li><\/ul><p data-start=\"3147\" data-end=\"3208\">Wir geben keine personenbezogenen Daten an unbeteiligte Dritte weiter.<\/p><p data-start=\"3215\" data-end=\"3234\"><strong>7. Datensicherheit<\/strong><\/p><p data-start=\"3235\" data-end=\"3512\">Wir treffen angemessene technische und organisatorische Ma\u00dfnahmen, um Ihre personenbezogenen Daten vor unbefugtem Zugriff, Verlust, Missbrauch oder Ver\u00e4nderung zu sch\u00fctzen.<br data-start=\"3379\" data-end=\"3382\" \/>Bitte beachten Sie jedoch, dass keine Methode der \u00dcbertragung \u00fcber das Internet 100% sicher ist und wir keine absolute Sicherheit garantieren k\u00f6nnen.<\/p><p data-start=\"3519\" data-end=\"3540\"><strong>8. Altersbeschr\u00e4nkung<\/strong><\/p><p data-start=\"3541\" data-end=\"3686\">Unsere Website ist f\u00fcr Einzelpersonen bestimmt <strong data-start=\"3581\" data-end=\"3603\">18 Jahre und \u00e4lter<\/strong>.<br data-start=\"3604\" data-end=\"3607\" \/>Wir sammeln nicht wissentlich Informationen von Personen unter 18 Jahren.<\/p><p data-start=\"3693\" data-end=\"3721\"><strong>9. Internationale Besucher<\/strong><\/p><p data-start=\"3722\" data-end=\"3796\">Da unsere Website weltweit zug\u00e4nglich ist, sollten Nutzer au\u00dferhalb \u00c4gyptens dies beachten:<\/p><ul data-start=\"3797\" data-end=\"3926\"><li data-start=\"3797\" data-end=\"3852\"><p data-start=\"3799\" data-end=\"3852\">Ihre Daten k\u00f6nnen verarbeitet und gespeichert werden in <strong data-start=\"3840\" data-end=\"3849\">\u00c4gypten<\/strong>.<\/p><\/li><li data-start=\"3853\" data-end=\"3926\"><p data-start=\"3855\" data-end=\"3926\">Mit der \u00dcbermittlung Ihrer Daten erkl\u00e4ren Sie sich mit dieser \u00dcbertragung und Verarbeitung einverstanden.<\/p><\/li><\/ul><p data-start=\"3933\" data-end=\"3951\"><strong>10. Deine Rechte<\/strong><\/p><p data-start=\"3952\" data-end=\"4016\">Je nach Ihrem Wohnort haben Sie unter Umst\u00e4nden die folgenden Rechte:<\/p><ul data-start=\"4018\" data-end=\"4269\"><li data-start=\"4018\" data-end=\"4079\"><p data-start=\"4020\" data-end=\"4079\"><strong data-start=\"4020\" data-end=\"4030\">Zugang<\/strong>: Sie k\u00f6nnen eine Kopie der Daten anfordern, die wir \u00fcber Sie gespeichert haben.<\/p><\/li><li data-start=\"4080\" data-end=\"4142\"><p data-start=\"4082\" data-end=\"4142\"><strong data-start=\"4082\" data-end=\"4096\">Berichtigung<\/strong>: Beantragen Sie die Berichtigung Ihrer pers\u00f6nlichen Daten.<\/p><\/li><li data-start=\"4143\" data-end=\"4203\"><p data-start=\"4145\" data-end=\"4203\"><strong data-start=\"4145\" data-end=\"4157\">L\u00f6schung<\/strong>: Sie k\u00f6nnen die L\u00f6schung Ihrer personenbezogenen Daten verlangen.<\/p><\/li><li data-start=\"4204\" data-end=\"4269\"><p data-start=\"4206\" data-end=\"4269\"><strong data-start=\"4206\" data-end=\"4231\">Entzug der Zustimmung<\/strong>: Widerruf der zuvor erteilten Zustimmung.<\/p><\/li><\/ul><p data-start=\"4271\" data-end=\"4328\">Um Ihre Rechte auszu\u00fcben, kontaktieren Sie uns unter der unten angegebenen E-Mail-Adresse.<\/p><p data-start=\"4335\" data-end=\"4372\"><strong>11. \u00c4nderungen an dieser Datenschutzrichtlinie<\/strong><\/p><p data-start=\"4373\" data-end=\"4427\">Wir k\u00f6nnen diese Datenschutzrichtlinie von Zeit zu Zeit aktualisieren.<\/p><ul data-start=\"4428\" data-end=\"4596\"><li data-start=\"4428\" data-end=\"4505\"><p data-start=\"4430\" data-end=\"4505\">Aktualisierungen werden auf dieser Seite mit dem ge\u00e4nderten Datum \"Zuletzt aktualisiert\" ver\u00f6ffentlicht.<\/p><\/li><li data-start=\"4506\" data-end=\"4596\"><p data-start=\"4508\" data-end=\"4596\">Die fortgesetzte Nutzung der Website nach den \u00c4nderungen bedeutet, dass Sie die \u00fcberarbeitete Richtlinie akzeptieren.<\/p><\/li><\/ul><p data-start=\"4603\" data-end=\"4620\"><strong>12. Kontakt<\/strong><\/p><p data-start=\"4621\" data-end=\"4737\">Wenn Sie Fragen oder W\u00fcnsche zu dieser Datenschutzrichtlinie oder zum Umgang mit Ihren Daten haben, wenden Sie sich bitte an uns:<\/p><p data-start=\"4739\" data-end=\"4863\"><strong data-start=\"4739\" data-end=\"4753\">Boss Metall<\/strong><br data-start=\"4753\" data-end=\"4756\" \/>E-Mail: <a href=\"mailto:info@bossmetal.net\">info@bossmetal.net<\/a><br data-start=\"4785\" data-end=\"4788\" \/>Website: <a class=\"decorated-link\" href=\"https:\/\/bossmetal.net\/de\/?utm_source=chatgpt.com\" target=\"_new\" rel=\"noopener\" data-start=\"4797\" data-end=\"4843\">https:\/\/bossmetal.net<\/a><br data-start=\"4843\" data-end=\"4846\" \/>Standort: \u00c4gypten<\/p>\t\t\t\t\t\t\t\t<\/div>\n\t\t\t\t<\/div>\n\t\t\t\t<\/div>","protected":false},"excerpt":{"rendered":"<p>Privacy Policy Last Updated: 28\/08\/2025 At Boss Metal (&#8220;we,&#8221; &#8220;our,&#8221; &#8220;us&#8221;), we respect your privacy and are committed to protecting the personal information you share with us. This Privacy Policy explains how we collect, use, and protect your information when you visit our website https:\/\/bossmetal.net (&#8220;Website&#8221;). By using this Website, you agree to the terms [&hellip;]<\/p>\n","protected":false},"author":1,"featured_media":0,"parent":0,"menu_order":0,"comment_status":"closed","ping_status":"closed","template":"","meta":{"_acf_changed":false,"footnotes":""},"class_list":["post-710","page","type-page","status-publish","hentry"],"blocksy_meta":[],"acf":[],"_links":{"self":[{"href":"https:\/\/bossmetal.net\/de\/wp-json\/wp\/v2\/pages\/710","targetHints":{"allow":["GET"]}}],"collection":[{"href":"https:\/\/bossmetal.net\/de\/wp-json\/wp\/v2\/pages"}],"about":[{"href":"https:\/\/bossmetal.net\/de\/wp-json\/wp\/v2\/types\/page"}],"author":[{"embeddable":true,"href":"https:\/\/bossmetal.net\/de\/wp-json\/wp\/v2\/users\/1"}],"replies":[{"embeddable":true,"href":"https:\/\/bossmetal.net\/de\/wp-json\/wp\/v2\/comments?post=710"}],"version-history":[{"count":4,"href":"https:\/\/bossmetal.net\/de\/wp-json\/wp\/v2\/pages\/710\/revisions"}],"predecessor-version":[{"id":1125,"href":"https:\/\/bossmetal.net\/de\/wp-json\/wp\/v2\/pages\/710\/revisions\/1125"}],"wp:attachment":[{"href":"https:\/\/bossmetal.net\/de\/wp-json\/wp\/v2\/media?parent=710"}],"curies":[{"name":"wp","href":"https:\/\/api.w.org\/{rel}","templated":true}]}}