{"id":708,"date":"2025-07-24T07:22:20","date_gmt":"2025-07-24T04:22:20","guid":{"rendered":"https:\/\/bossmetal.net\/?page_id=708"},"modified":"2025-08-28T16:12:40","modified_gmt":"2025-08-28T13:12:40","slug":"bedingungen","status":"publish","type":"page","link":"https:\/\/bossmetal.net\/de\/bedingungen\/","title":{"rendered":"Bedingungen und Konditionen"},"content":{"rendered":"<div data-elementor-type=\"wp-page\" data-elementor-id=\"708\" class=\"elementor elementor-708\" data-elementor-post-type=\"page\">\n\t\t\t\t<div class=\"elementor-element elementor-element-cc0c6bf e-con-full e-flex e-con e-parent\" data-id=\"cc0c6bf\" data-element_type=\"container\" data-e-type=\"container\">\n\t\t\t\t<div class=\"elementor-element elementor-element-43434bb elementor-widget__width-initial elementor-widget elementor-widget-heading\" data-id=\"43434bb\" data-element_type=\"widget\" data-e-type=\"widget\" data-widget_type=\"heading.default\">\n\t\t\t\t\t<h2 class=\"elementor-heading-title elementor-size-default\">Bedingungen und Konditionen<\/h2>\t\t\t\t<\/div>\n\t\t\t\t<div class=\"elementor-element elementor-element-9e7da20 elementor-widget__width-initial elementor-widget-mobile__width-inherit elementor-widget elementor-widget-text-editor\" data-id=\"9e7da20\" data-element_type=\"widget\" data-e-type=\"widget\" data-widget_type=\"text-editor.default\">\n\t\t\t\t\t\t\t\t\t<p>Zuletzt aktualisiert: 28\/08\/2025<\/p>\t\t\t\t\t\t\t\t<\/div>\n\t\t\t\t<\/div>\n\t\t<div class=\"elementor-element elementor-element-43a995c e-con-full e-flex e-con e-parent\" data-id=\"43a995c\" data-element_type=\"container\" data-e-type=\"container\">\n\t\t\t\t<div class=\"elementor-element elementor-element-5ec582a elementor-widget__width-initial elementor-widget-mobile__width-inherit elementor-widget elementor-widget-text-editor\" data-id=\"5ec582a\" data-element_type=\"widget\" data-e-type=\"widget\" data-widget_type=\"text-editor.default\">\n\t\t\t\t\t\t\t\t\t<p data-start=\"340\" data-end=\"624\" class=\"translation-block\">Willkommen bei <strong data-start=\"351\" data-end=\"365\">Boss Metal<\/strong>. Diese Allgemeinen Gesch\u00e4ftsbedingungen (\"Bedingungen\") regeln Ihre Nutzung unserer Website <a href=\"https:\/\/bossmetal.net\/de\/\" target=\"_self\"><strong data-start=\"435\" data-end=\"460\">https:\/\/bossmetal.net<\/strong><\/a> (\"Website\"). Indem Sie auf diese Website zugreifen oder sie nutzen, erkl\u00e4ren Sie sich damit einverstanden, diese Bedingungen einzuhalten und an sie gebunden zu sein. Wenn Sie nicht einverstanden sind, sollten Sie die Nutzung unverz\u00fcglich einstellen.<\/p><p data-start=\"631\" data-end=\"656\"><strong>1. Informationen zum Unternehmen<\/strong><\/p><p data-start=\"657\" data-end=\"862\" class=\"translation-block\">Die Website wird von <strong data-start=\"684\" data-end=\"698\">Boss Metal<\/strong> betrieben, einer Fabrik und einem Unternehmen mit Sitz in <strong data-start=\"739\" data-end=\"748\">\u00c4gypten<\/strong>.<br data-start=\"749\" data-end=\"752\">Diese Website soll allgemeine Informationen \u00fcber unser Unternehmen, unsere Produkte und unsere T\u00e4tigkeiten liefern.<\/p><p data-start=\"864\" data-end=\"1062\">Boss Metal bietet keinen direkten Online-Kauf \u00fcber diese Website an. Alle Verk\u00e4ufe und gesch\u00e4ftlichen Transaktionen werden \u00fcber traditionelle Kommunikationskan\u00e4le und nicht \u00fcber diese Website abgewickelt.<\/p><p data-start=\"1069\" data-end=\"1093\"><strong>2. Nutzung der Website<\/strong><\/p><ul data-start=\"1094\" data-end=\"1637\"><li data-start=\"1094\" data-end=\"1158\"><p data-start=\"1096\" data-end=\"1158\" class=\"translation-block\">Die Website wird nur zu <strong data-start=\"1124\" data-end=\"1155\">Informationszwecken<\/strong> bereitgestellt.<\/p><\/li><li data-start=\"1159\" data-end=\"1227\"><p data-start=\"1161\" data-end=\"1227\">Sie k\u00f6nnen die Website ansehen, durchsuchen und \u00fcber die bereitgestellten Formulare Kontakt mit uns aufnehmen.<\/p><\/li><li data-start=\"1228\" data-end=\"1531\"><p data-start=\"1230\" data-end=\"1297\">Sie erkl\u00e4ren sich damit einverstanden, diese Website nicht zu missbrauchen, einschlie\u00dflich, aber nicht beschr\u00e4nkt auf:<\/p><ul data-start=\"1300\" data-end=\"1531\"><li data-start=\"1300\" data-end=\"1368\"><p data-start=\"1302\" data-end=\"1368\">Hochladen oder \u00dcbertragen von sch\u00e4dlichem Code (Viren, Malware, usw.).<\/p><\/li><li data-start=\"1371\" data-end=\"1434\"><p data-start=\"1373\" data-end=\"1434\">Versuch, sich unbefugten Zugang zu gesperrten Bereichen zu verschaffen.<\/p><\/li><li data-start=\"1437\" data-end=\"1531\"><p data-start=\"1439\" data-end=\"1531\">Kopieren, Weiterverbreiten oder kommerzielle Verwertung von Website-Inhalten ohne Genehmigung.<\/p><\/li><\/ul><\/li><li data-start=\"1532\" data-end=\"1637\"><p data-start=\"1534\" data-end=\"1637\">Sie sind daf\u00fcr verantwortlich, dass Ihr Zugriff auf diese Website mit allen geltenden lokalen Gesetzen \u00fcbereinstimmt.<\/p><\/li><\/ul><p data-start=\"1644\" data-end=\"1678\"><strong>3. Rechte an geistigem Eigentum<\/strong><\/p><ul data-start=\"1679\" data-end=\"2345\"><li data-start=\"1679\" data-end=\"1959\"><p data-start=\"1681\" data-end=\"1959\" class=\"translation-block\">Sofern nicht anders angegeben, ist der gesamte <strong data-start=\"1713\" data-end=\"1740\">Inhalt dieser Website<\/strong> - einschlie\u00dflich Text, Produktbeschreibungen, Fotografien, Bilder, Grafiken, Designs und Logos - das <strong data-start=\"1840\" data-end=\"1866\">Eigentum von Boss Metal<\/strong> und durch das Urheberrecht, das Markenrecht und andere anwendbare Gesetze \u00fcber geistiges Eigentum gesch\u00fctzt.<\/p><\/li><li data-start=\"1960\" data-end=\"2084\"><p data-start=\"1962\" data-end=\"2084\">Inhalte, die nicht das Eigentum von Boss Metal sind, werden mit Genehmigung oder unter Lizenz verwendet und sind gegebenenfalls als solche gekennzeichnet.<\/p><\/li><li data-start=\"2085\" data-end=\"2257\"><p data-start=\"2087\" data-end=\"2257\" class=\"translation-block\"><strong data-start=\"2087\" data-end=\"2110\">Strenges Verbot:<\/strong> Kein Inhalt darf ohne vorherige schriftliche Zustimmung von Boss Metal kopiert, reproduziert, verteilt, \u00fcbertragen, angezeigt oder anderweitig verwertet werden.<\/p><\/li><li data-start=\"2258\" data-end=\"2345\"><p data-start=\"2260\" data-end=\"2345\">Sie d\u00fcrfen unseren Handelsnamen, unsere Marken oder Logos nicht ohne ausdr\u00fcckliche Genehmigung verwenden.<\/p><\/li><\/ul><p data-start=\"2352\" data-end=\"2383\"><strong>4. Datenerhebung und Datenschutz<\/strong><\/p><p data-start=\"2384\" data-end=\"2414\"><strong>4.1 Von uns gesammelte Informationen<\/strong><\/p><p data-start=\"2415\" data-end=\"2530\">Wenn Sie mit unserer Website interagieren, k\u00f6nnen wir die folgenden personenbezogenen Daten \u00fcber die Website erfassen <strong data-start=\"2513\" data-end=\"2529\">Kontakt-Formular<\/strong>:<\/p><ul data-start=\"2531\" data-end=\"2744\"><li data-start=\"2531\" data-end=\"2544\"><p data-start=\"2533\" data-end=\"2544\">Vollst\u00e4ndiger Name<\/p><\/li><li data-start=\"2545\" data-end=\"2561\"><p data-start=\"2547\" data-end=\"2561\">Name des Unternehmens<\/p><\/li><li data-start=\"2562\" data-end=\"2579\"><p data-start=\"2564\" data-end=\"2579\">E-Mail Adresse<\/p><\/li><li data-start=\"2580\" data-end=\"2596\"><p data-start=\"2582\" data-end=\"2596\">Rufnummer<\/p><\/li><li data-start=\"2597\" data-end=\"2615\"><p data-start=\"2599\" data-end=\"2615\">Land\/Region<\/p><\/li><li data-start=\"2616\" data-end=\"2744\"><p data-start=\"2618\" data-end=\"2744\">Details und Anforderungen der Nachricht (einschlie\u00dflich Produktinteresse, z. B. Aluminiumhilfsmittel, Ausr\u00fcstung, Rohmaterialien oder Profile).<\/p><\/li><\/ul><p data-start=\"2746\" data-end=\"2781\"><strong>4.2 Wie wir diese Informationen verwenden<\/strong><\/p><p data-start=\"2782\" data-end=\"2837\">Wir verwenden die von Ihnen \u00fcbermittelten Daten ausschlie\u00dflich zum Zweck der:<\/p><ul data-start=\"2838\" data-end=\"2995\"><li data-start=\"2838\" data-end=\"2871\"><p data-start=\"2840\" data-end=\"2871\">Beantwortung Ihrer Anfragen.<\/p><\/li><li data-start=\"2872\" data-end=\"2930\"><p data-start=\"2874\" data-end=\"2930\">Bereitstellung von Informationen \u00fcber unsere Produkte und Dienstleistungen.<\/p><\/li><li data-start=\"2931\" data-end=\"2995\"><p data-start=\"2933\" data-end=\"2995\">Aufzeichnung der Kommunikation f\u00fcr Gesch\u00e4ftszwecke.<\/p><\/li><\/ul><p data-start=\"2997\" data-end=\"3086\">Wir werden <strong data-start=\"3005\" data-end=\"3035\">niemals verkaufen, vermieten oder tauschen<\/strong> Ihre Daten zu Marketingzwecken an Dritte weitergeben.<\/p><p data-start=\"3088\" data-end=\"3111\"><strong>4.3 Datenerlaubnis<\/strong><\/p><p data-start=\"3112\" data-end=\"3275\">Mit der \u00dcbermittlung Ihrer Daten \u00fcber die Website gew\u00e4hren Sie ausdr\u00fccklich <strong data-start=\"3180\" data-end=\"3194\">Boss Metall<\/strong> die Erlaubnis, Ihre Daten f\u00fcr die oben genannten Zwecke zu speichern, zu verarbeiten und zu nutzen.<\/p><p data-start=\"3277\" data-end=\"3300\"><strong>4.4 Altersbeschr\u00e4nkung<\/strong><\/p><p data-start=\"3301\" data-end=\"3446\">Mit dem Absenden des Formulars best\u00e4tigen Sie, dass Sie <strong data-start=\"3350\" data-end=\"3374\">\u00fcber 18 Jahre alt<\/strong>. Wir sammeln und verarbeiten nicht wissentlich Daten von Personen unter 18 Jahren.<\/p><p data-start=\"3448\" data-end=\"3476\"><strong>4.5 Cookies und Tracking<\/strong><\/p><p data-start=\"3477\" data-end=\"3584\">Unsere Website kann verwenden <strong data-start=\"3497\" data-end=\"3514\">Basis-Cookies<\/strong> zur Verbesserung der Funktionalit\u00e4t (z. B. Zwischenspeichern von Seiten, Speichern von Einstellungen).<\/p><ul data-start=\"3585\" data-end=\"3819\"><li data-start=\"3585\" data-end=\"3642\"><p data-start=\"3587\" data-end=\"3642\">Diese Cookies sammeln keine pers\u00f6nlichen Finanzdaten.<\/p><\/li><li data-start=\"3643\" data-end=\"3716\"><p data-start=\"3645\" data-end=\"3716\">Durch die Nutzung der Website erkl\u00e4ren Sie sich mit der Verwendung von Cookies wie beschrieben einverstanden.<\/p><\/li><li data-start=\"3717\" data-end=\"3819\"><p data-start=\"3719\" data-end=\"3819\">Sie k\u00f6nnen Cookies in den Einstellungen Ihres Browsers deaktivieren, allerdings k\u00f6nnen dadurch bestimmte Funktionen der Website beeintr\u00e4chtigt werden.<\/p><\/li><\/ul><p data-start=\"3821\" data-end=\"3851\"><strong>4.6 Globale Besucher und GDPR<\/strong><\/p><p data-start=\"3852\" data-end=\"4091\">Da unsere Website weltweit zug\u00e4nglich ist, k\u00f6nnen Nutzer aus der <strong data-start=\"3906\" data-end=\"3929\">Europ\u00e4ische Union (EU)<\/strong> oder anderen Rechtsordnungen k\u00f6nnen zus\u00e4tzliche Datenschutzrechte nach <strong data-start=\"4011\" data-end=\"4019\">GDPR<\/strong> oder \u00e4hnliche Gesetze.<br data-start=\"4036\" data-end=\"4039\" \/>Wenn Sie in der EU ans\u00e4ssig sind, haben Sie das Recht auf:<\/p><ul data-start=\"4092\" data-end=\"4233\"><li data-start=\"4092\" data-end=\"4141\"><p data-start=\"4094\" data-end=\"4141\">auf Ihre personenbezogenen Daten zuzugreifen, sie zu \u00e4ndern oder zu l\u00f6schen.<\/p><\/li><li data-start=\"4142\" data-end=\"4233\"><p data-start=\"4144\" data-end=\"4233\">Sie k\u00f6nnen Ihre Einwilligung jederzeit widerrufen.<br data-start=\"4173\" data-end=\"4176\" \/>Anfragen k\u00f6nnen an unsere unten aufgef\u00fchrte Kontakt-E-Mail gesendet werden.<\/p><\/li><\/ul><p data-start=\"4240\" data-end=\"4263\"><strong>5. Links von Drittanbietern<\/strong><\/p><ul data-start=\"4264\" data-end=\"4559\"><li data-start=\"4264\" data-end=\"4323\"><p data-start=\"4266\" data-end=\"4323\">Diese Website kann Links zu Websites Dritter enthalten.<\/p><\/li><li data-start=\"4324\" data-end=\"4433\"><p data-start=\"4326\" data-end=\"4433\">Boss Metal ist <strong data-start=\"4340\" data-end=\"4369\">nicht verantwortlich oder haftbar<\/strong> f\u00fcr den Inhalt, die Richtigkeit oder die Praktiken externer Websites.<\/p><\/li><li data-start=\"4434\" data-end=\"4559\"><p data-start=\"4436\" data-end=\"4559\">Der Zugriff auf die Websites Dritter erfolgt auf eigene Gefahr, und Sie sollten deren Bedingungen und Datenschutzrichtlinien unabh\u00e4ngig \u00fcberpr\u00fcfen.<\/p><\/li><\/ul><p data-start=\"4566\" data-end=\"4596\"><strong>6. Ausschluss von Garantien<\/strong><\/p><ul data-start=\"4597\" data-end=\"5103\"><li data-start=\"4597\" data-end=\"4685\"><p data-start=\"4599\" data-end=\"4685\">Die Website und ihr Inhalt werden auf einer <strong data-start=\"4646\" data-end=\"4676\">\"wie besehen\" und \"wie verf\u00fcgbar\"<\/strong> Basis.<\/p><\/li><li data-start=\"4686\" data-end=\"4937\"><p data-start=\"4688\" data-end=\"4752\">Boss Metal macht <strong data-start=\"4705\" data-end=\"4722\">keine Gew\u00e4hrleistungen<\/strong> oder Zusicherungen bez\u00fcglich:<\/p><ul data-start=\"4755\" data-end=\"4937\"><li data-start=\"4755\" data-end=\"4821\"><p data-start=\"4757\" data-end=\"4821\">Die Genauigkeit, Zuverl\u00e4ssigkeit oder Vollst\u00e4ndigkeit des Inhalts der Website.<\/p><\/li><li data-start=\"4824\" data-end=\"4881\"><p data-start=\"4826\" data-end=\"4881\">Ununterbrochener oder fehlerfreier Betrieb der Website.<\/p><\/li><li data-start=\"4884\" data-end=\"4937\"><p data-start=\"4886\" data-end=\"4937\">Freiheit von Viren oder anderen sch\u00e4dlichen Komponenten.<\/p><\/li><\/ul><\/li><li data-start=\"4938\" data-end=\"5103\"><p data-start=\"4940\" data-end=\"5103\">Die Informationen auf der Website werden bereitgestellt f\u00fcr <strong data-start=\"4983\" data-end=\"5022\">nur f\u00fcr allgemeine Informationszwecke<\/strong> und sollte nicht als professionelle, finanzielle oder technische Beratung angesehen werden.<\/p><\/li><\/ul><p data-start=\"5110\" data-end=\"5139\"><strong>7. Begrenzung der Haftung<\/strong><\/p><p data-start=\"5140\" data-end=\"5181\">Im gr\u00f6\u00dftm\u00f6glichen gesetzlich zul\u00e4ssigen Umfang:<\/p><ul data-start=\"5182\" data-end=\"5610\"><li data-start=\"5182\" data-end=\"5484\"><p data-start=\"5184\" data-end=\"5263\">Boss Metal haftet nicht f\u00fcr Sch\u00e4den, Verluste oder Anspr\u00fcche, die sich daraus ergeben:<\/p><ul data-start=\"5266\" data-end=\"5484\"><li data-start=\"5266\" data-end=\"5304\"><p data-start=\"5268\" data-end=\"5304\">Ihr Zugang oder Ihre Nutzung der Website.<\/p><\/li><li data-start=\"5307\" data-end=\"5365\"><p data-start=\"5309\" data-end=\"5365\">Ungenauigkeiten, Auslassungen oder Fehler im Inhalt der Website.<\/p><\/li><li data-start=\"5368\" data-end=\"5419\"><p data-start=\"5370\" data-end=\"5419\">Ausfallzeiten, Unterbrechungen oder technische Ausf\u00e4lle.<\/p><\/li><li data-start=\"5422\" data-end=\"5484\"><p data-start=\"5424\" data-end=\"5484\">Ihr Vertrauen in die \u00fcber die Website bereitgestellten Informationen.<\/p><\/li><\/ul><\/li><li data-start=\"5485\" data-end=\"5610\"><p data-start=\"5487\" data-end=\"5610\">Diese Haftungsbeschr\u00e4nkung gilt f\u00fcr alle Formen der Haftung, unabh\u00e4ngig davon, ob diese aus Vertrag, unerlaubter Handlung, Fahrl\u00e4ssigkeit, Gef\u00e4hrdungshaftung oder anderweitig resultieren.<\/p><\/li><\/ul><p data-start=\"5617\" data-end=\"5651\"><strong>8. Geltendes Recht und Gerichtsstand<\/strong><\/p><p data-start=\"5652\" data-end=\"5872\">Diese Bedingungen unterliegen den Gesetzen der folgenden L\u00e4nder und sind nach diesen auszulegen <strong data-start=\"5730\" data-end=\"5739\">\u00c4gypten<\/strong>.<br data-start=\"5740\" data-end=\"5743\" \/>Alle Streitigkeiten, die sich aus oder im Zusammenhang mit diesen Bedingungen ergeben, unterliegen dem <strong data-start=\"5820\" data-end=\"5869\">die ausschlie\u00dfliche Zust\u00e4ndigkeit der \u00e4gyptischen Gerichte<\/strong>.<\/p><p data-start=\"5879\" data-end=\"5905\"><strong>9. \u00c4nderungen der Bedingungen<\/strong><\/p><p data-start=\"5906\" data-end=\"5992\">Boss Metal beh\u00e4lt sich das Recht vor, diese Bedingungen jederzeit zu aktualisieren, zu \u00e4ndern oder zu ersetzen.<\/p><ul data-start=\"5993\" data-end=\"6175\"><li data-start=\"5993\" data-end=\"6074\"><p data-start=\"5995\" data-end=\"6074\">Alle \u00c4nderungen werden auf dieser Seite ver\u00f6ffentlicht und das Datum der letzten Aktualisierung ge\u00e4ndert.<\/p><\/li><li data-start=\"6075\" data-end=\"6175\"><p data-start=\"6077\" data-end=\"6175\">Die fortgesetzte Nutzung der Website nach solchen \u00c4nderungen gilt als Zustimmung zu den aktualisierten Bedingungen.<\/p><\/li><\/ul><p data-start=\"6182\" data-end=\"6199\"><strong>10. Kontakt<\/strong><\/p><p data-start=\"6200\" data-end=\"6280\">Wenn Sie Fragen oder Bedenken bez\u00fcglich dieser Bedingungen haben, kontaktieren Sie uns bitte unter:<\/p><p data-start=\"6282\" data-end=\"6406\"><strong data-start=\"6282\" data-end=\"6296\">Boss Metall<\/strong><br data-start=\"6296\" data-end=\"6299\" \/>E-Mail: <a href=\"mailto:info@bossmetal.net\">info@bossmetal.net<\/a><br data-start=\"6328\" data-end=\"6331\" \/>Website: <a class=\"decorated-link\" href=\"https:\/\/bossmetal.net\/de\/?utm_source=chatgpt.com\" target=\"_new\" rel=\"noopener\" data-start=\"6340\" data-end=\"6386\">https:\/\/bossmetal.net<\/a><br data-start=\"6386\" data-end=\"6389\" \/>Standort: \u00c4gypten<\/p>\t\t\t\t\t\t\t\t<\/div>\n\t\t\t\t<\/div>\n\t\t\t\t<\/div>","protected":false},"excerpt":{"rendered":"<p>Terms &amp; Conditions Last Updated: 28\/08\/2025 Welcome to Boss Metal. These Terms and Conditions (&#8220;Terms&#8221;) govern your use of our website https:\/\/bossmetal.net (&#8220;Website&#8221;). By accessing or using this Website, you agree to comply with and be bound by these Terms. If you do not agree, you should discontinue use immediately. 1. Company Information The Website [&hellip;]<\/p>\n","protected":false},"author":1,"featured_media":0,"parent":0,"menu_order":0,"comment_status":"closed","ping_status":"closed","template":"","meta":{"_acf_changed":false,"footnotes":""},"class_list":["post-708","page","type-page","status-publish","hentry"],"blocksy_meta":[],"acf":[],"_links":{"self":[{"href":"https:\/\/bossmetal.net\/de\/wp-json\/wp\/v2\/pages\/708","targetHints":{"allow":["GET"]}}],"collection":[{"href":"https:\/\/bossmetal.net\/de\/wp-json\/wp\/v2\/pages"}],"about":[{"href":"https:\/\/bossmetal.net\/de\/wp-json\/wp\/v2\/types\/page"}],"author":[{"embeddable":true,"href":"https:\/\/bossmetal.net\/de\/wp-json\/wp\/v2\/users\/1"}],"replies":[{"embeddable":true,"href":"https:\/\/bossmetal.net\/de\/wp-json\/wp\/v2\/comments?post=708"}],"version-history":[{"count":7,"href":"https:\/\/bossmetal.net\/de\/wp-json\/wp\/v2\/pages\/708\/revisions"}],"predecessor-version":[{"id":1122,"href":"https:\/\/bossmetal.net\/de\/wp-json\/wp\/v2\/pages\/708\/revisions\/1122"}],"wp:attachment":[{"href":"https:\/\/bossmetal.net\/de\/wp-json\/wp\/v2\/media?parent=708"}],"curies":[{"name":"wp","href":"https:\/\/api.w.org\/{rel}","templated":true}]}}