{"id":673,"date":"2025-07-24T07:10:46","date_gmt":"2025-07-24T04:10:46","guid":{"rendered":"https:\/\/bossmetal.net\/?page_id=673"},"modified":"2025-08-29T18:17:40","modified_gmt":"2025-08-29T15:17:40","slug":"schmelztiegel","status":"publish","type":"page","link":"https:\/\/bossmetal.net\/de\/produkte\/schmelztiegel\/","title":{"rendered":"Tiegel"},"content":{"rendered":"<div data-elementor-type=\"wp-page\" data-elementor-id=\"673\" class=\"elementor elementor-673\" data-elementor-post-type=\"page\">\n\t\t\t\t<div class=\"elementor-element elementor-element-47fa94f e-con-full e-flex e-con e-parent\" data-id=\"47fa94f\" data-element_type=\"container\" data-e-type=\"container\">\n\t\t\t\t<div class=\"elementor-element elementor-element-bbf4865 elementor-widget__width-initial elementor-widget elementor-widget-heading\" data-id=\"bbf4865\" data-element_type=\"widget\" data-e-type=\"widget\" data-widget_type=\"heading.default\">\n\t\t\t\t\t<h2 class=\"elementor-heading-title elementor-size-default\">Tiegel<\/h2>\t\t\t\t<\/div>\n\t\t<div class=\"elementor-element elementor-element-a1e484b e-con-full e-flex e-con e-child\" data-id=\"a1e484b\" data-element_type=\"container\" data-e-type=\"container\">\n\t\t\t\t<div class=\"elementor-element elementor-element-3a1b1e4 elementor-widget__width-initial elementor-widget elementor-widget-heading\" data-id=\"3a1b1e4\" data-element_type=\"widget\" data-e-type=\"widget\" data-widget_type=\"heading.default\">\n\t\t\t\t\t<h2 class=\"elementor-heading-title elementor-size-default\">Bei Boss Metal geht es beim Handel mit Schmelztiegeln nicht nur um den Import. Unser Weg begann mit Forschung, Experimenten und Reisen durch verschiedene L\u00e4nder, bei denen wir die gr\u00f6\u00dften Fabriken weltweit besuchten, bis wir die besten Tiegel gefunden hatten, die perfekt auf den lokalen Markt zugeschnitten sind und die industriellen Anforderungen mit maximaler Effizienz erf\u00fcllen.<\/h2>\t\t\t\t<\/div>\n\t\t\t\t<div class=\"elementor-element elementor-element-74368fd elementor-widget elementor-widget-heading\" data-id=\"74368fd\" data-element_type=\"widget\" data-e-type=\"widget\" data-widget_type=\"heading.default\">\n\t\t\t\t\t<h2 class=\"elementor-heading-title elementor-size-default\">Erforschen \u2193<\/h2>\t\t\t\t<\/div>\n\t\t\t\t<\/div>\n\t\t\t\t<\/div>\n\t\t<div class=\"elementor-element elementor-element-c8624ec e-con-full e-flex e-con e-parent\" data-id=\"c8624ec\" data-element_type=\"container\" data-e-type=\"container\">\n\t\t<div class=\"elementor-element elementor-element-ed9f4bf e-con-full e-flex e-con e-child\" data-id=\"ed9f4bf\" data-element_type=\"container\" data-e-type=\"container\" data-settings=\"{&quot;background_background&quot;:&quot;classic&quot;}\">\n\t\t\t\t<\/div>\n\t\t\t\t<\/div>\n\t\t<div class=\"elementor-element elementor-element-123ca09 e-con-full e-flex e-con e-parent\" data-id=\"123ca09\" data-element_type=\"container\" data-e-type=\"container\">\n\t\t<div class=\"elementor-element elementor-element-d658eee e-con-full e-flex e-con e-child\" data-id=\"d658eee\" data-element_type=\"container\" data-e-type=\"container\">\n\t\t\t\t<div class=\"elementor-element elementor-element-65c3774 elementor-widget__width-initial elementor-widget elementor-widget-heading\" data-id=\"65c3774\" data-element_type=\"widget\" data-e-type=\"widget\" data-widget_type=\"heading.default\">\n\t\t\t\t\t<h2 class=\"elementor-heading-title elementor-size-default\">Von Anfang an waren unsere Ziele klar<\/h2>\t\t\t\t<\/div>\n\t\t\t\t<div class=\"elementor-element elementor-element-a008ec2 elementor-widget__width-initial elementor-widget elementor-widget-text-editor\" data-id=\"a008ec2\" data-element_type=\"widget\" data-e-type=\"widget\" data-widget_type=\"text-editor.default\">\n\t\t\t\t\t\t\t\t\t<ul><li>L\u00e4ngere Lebensdauer des Tiegels.<br \/><br \/><\/li><li>Geringerer Gasverbrauch w\u00e4hrend des Betriebs.<br \/><br \/><\/li><li>Bessere W\u00e4rmespeicherung \u00fcber l\u00e4ngere Zeitr\u00e4ume, weniger Abfall und h\u00f6here Produktivit\u00e4t.<br \/><br \/><\/li><li>Da wir davon \u00fcberzeugt sind, dass unser Erfolg mit dem Service f\u00fcr die Fabriken zusammenh\u00e4ngt, bieten wir kostenlos einen Tiegelboden aus demselben Material an, der eine bessere Leistung und eine l\u00e4ngere Lebensdauer des Tiegels gew\u00e4hrleistet.<br \/><br \/><\/li><li>Schmelztiegel von weltweit f\u00fchrenden Unternehmen<\/li><\/ul>\t\t\t\t\t\t\t\t<\/div>\n\t\t\t\t<\/div>\n\t\t<div class=\"elementor-element elementor-element-5557b92 e-con-full e-flex e-con e-child\" data-id=\"5557b92\" data-element_type=\"container\" data-e-type=\"container\">\n\t\t\t\t<div class=\"elementor-element elementor-element-4bad1b7 elementor-widget elementor-widget-image\" data-id=\"4bad1b7\" data-element_type=\"widget\" data-e-type=\"widget\" data-widget_type=\"image.default\">\n\t\t\t\t\t\t\t\t\t\t\t\t\t\t\t<img fetchpriority=\"high\" decoding=\"async\" width=\"1920\" height=\"944\" src=\"https:\/\/bossmetal.net\/wp-content\/uploads\/2025\/08\/08133-e1756416483916.png\" class=\"attachment-full size-full wp-image-1230\" alt=\"\" srcset=\"https:\/\/bossmetal.net\/wp-content\/uploads\/2025\/08\/08133-e1756416483916.png 1920w, https:\/\/bossmetal.net\/wp-content\/uploads\/2025\/08\/08133-e1756416483916-300x148.png 300w, https:\/\/bossmetal.net\/wp-content\/uploads\/2025\/08\/08133-e1756416483916-1024x503.png 1024w, https:\/\/bossmetal.net\/wp-content\/uploads\/2025\/08\/08133-e1756416483916-768x378.png 768w, https:\/\/bossmetal.net\/wp-content\/uploads\/2025\/08\/08133-e1756416483916-1536x755.png 1536w\" sizes=\"(max-width: 1920px) 100vw, 1920px\" \/>\t\t\t\t\t\t\t\t\t\t\t\t\t\t\t<\/div>\n\t\t\t\t<\/div>\n\t\t\t\t<\/div>\n\t\t<div class=\"elementor-element elementor-element-763a3c8 e-con-full e-flex e-con e-parent\" data-id=\"763a3c8\" data-element_type=\"container\" data-e-type=\"container\">\n\t\t<div class=\"elementor-element elementor-element-b15b477 e-con-full e-flex e-con e-child\" data-id=\"b15b477\" data-element_type=\"container\" data-e-type=\"container\">\n\t\t\t\t<div class=\"elementor-element elementor-element-c739e80 elementor-widget__width-initial elementor-widget elementor-widget-heading\" data-id=\"c739e80\" data-element_type=\"widget\" data-e-type=\"widget\" data-widget_type=\"heading.default\">\n\t\t\t\t\t<h2 class=\"elementor-heading-title elementor-size-default\">Wir bei Boss Metal beziehen unsere Tiegel von einigen der weltweit gr\u00f6\u00dften und vertrauensw\u00fcrdigsten Hersteller, u.a. aus folgenden L\u00e4ndern:\n<\/h2>\t\t\t\t<\/div>\n\t\t<div class=\"elementor-element elementor-element-3f7f0c9 e-con-full e-flex e-con e-child\" data-id=\"3f7f0c9\" data-element_type=\"container\" data-e-type=\"container\">\n\t\t<div class=\"elementor-element elementor-element-ef9c7e2 e-con-full e-flex e-con e-child\" data-id=\"ef9c7e2\" data-element_type=\"container\" data-e-type=\"container\">\n\t\t\t\t<div class=\"elementor-element elementor-element-8bb0d6b elementor-widget__width-initial elementor-widget elementor-widget-heading\" data-id=\"8bb0d6b\" data-element_type=\"widget\" data-e-type=\"widget\" data-widget_type=\"heading.default\">\n\t\t\t\t\t<h2 class=\"elementor-heading-title elementor-size-default\">Japan<\/h2>\t\t\t\t<\/div>\n\t\t\t\t<div class=\"elementor-element elementor-element-878e41c elementor-widget elementor-widget-heading\" data-id=\"878e41c\" data-element_type=\"widget\" data-e-type=\"widget\" data-widget_type=\"heading.default\">\n\t\t\t\t\t<h2 class=\"elementor-heading-title elementor-size-default\">01<\/h2>\t\t\t\t<\/div>\n\t\t\t\t<\/div>\n\t\t<div class=\"elementor-element elementor-element-be47251 e-con-full e-flex e-con e-child\" data-id=\"be47251\" data-element_type=\"container\" data-e-type=\"container\">\n\t\t\t\t<div class=\"elementor-element elementor-element-8b4676d elementor-widget__width-initial elementor-widget elementor-widget-heading\" data-id=\"8b4676d\" data-element_type=\"widget\" data-e-type=\"widget\" data-widget_type=\"heading.default\">\n\t\t\t\t\t<h2 class=\"elementor-heading-title elementor-size-default\">Brasilien<\/h2>\t\t\t\t<\/div>\n\t\t\t\t<div class=\"elementor-element elementor-element-7d15f29 elementor-widget elementor-widget-heading\" data-id=\"7d15f29\" data-element_type=\"widget\" data-e-type=\"widget\" data-widget_type=\"heading.default\">\n\t\t\t\t\t<h2 class=\"elementor-heading-title elementor-size-default\">02<\/h2>\t\t\t\t<\/div>\n\t\t\t\t<\/div>\n\t\t<div class=\"elementor-element elementor-element-4cdefb7 e-con-full e-flex e-con e-child\" data-id=\"4cdefb7\" data-element_type=\"container\" data-e-type=\"container\">\n\t\t\t\t<div class=\"elementor-element elementor-element-8447756 elementor-widget__width-initial elementor-widget elementor-widget-heading\" data-id=\"8447756\" data-element_type=\"widget\" data-e-type=\"widget\" data-widget_type=\"heading.default\">\n\t\t\t\t\t<h2 class=\"elementor-heading-title elementor-size-default\">Deutschland<\/h2>\t\t\t\t<\/div>\n\t\t\t\t<div class=\"elementor-element elementor-element-e744f85 elementor-widget elementor-widget-heading\" data-id=\"e744f85\" data-element_type=\"widget\" data-e-type=\"widget\" data-widget_type=\"heading.default\">\n\t\t\t\t\t<h2 class=\"elementor-heading-title elementor-size-default\">03<\/h2>\t\t\t\t<\/div>\n\t\t\t\t<\/div>\n\t\t<div class=\"elementor-element elementor-element-1f7836f e-con-full e-flex e-con e-child\" data-id=\"1f7836f\" data-element_type=\"container\" data-e-type=\"container\">\n\t\t\t\t<div class=\"elementor-element elementor-element-3d99c38 elementor-widget__width-initial elementor-widget elementor-widget-heading\" data-id=\"3d99c38\" data-element_type=\"widget\" data-e-type=\"widget\" data-widget_type=\"heading.default\">\n\t\t\t\t\t<h2 class=\"elementor-heading-title elementor-size-default\">Indien<\/h2>\t\t\t\t<\/div>\n\t\t\t\t<div class=\"elementor-element elementor-element-399ca43 elementor-widget elementor-widget-heading\" data-id=\"399ca43\" data-element_type=\"widget\" data-e-type=\"widget\" data-widget_type=\"heading.default\">\n\t\t\t\t\t<h2 class=\"elementor-heading-title elementor-size-default\">04<\/h2>\t\t\t\t<\/div>\n\t\t\t\t<\/div>\n\t\t\t\t<\/div>\n\t\t\t\t<div class=\"elementor-element elementor-element-b62e0d8 elementor-widget__width-initial elementor-widget elementor-widget-heading\" data-id=\"b62e0d8\" data-element_type=\"widget\" data-e-type=\"widget\" data-widget_type=\"heading.default\">\n\t\t\t\t\t<h2 class=\"elementor-heading-title elementor-size-default\">So k\u00f6nnen wir alle Kundenanforderungen in verschiedenen Branchen erf\u00fcllen und sicherstellen, dass sie Produkte erhalten, die in puncto Qualit\u00e4t, Effizienz und Langlebigkeit Weltklasse sind.<\/h2>\t\t\t\t<\/div>\n\t\t\t\t<\/div>\n\t\t\t\t<\/div>\n\t\t<div class=\"elementor-element elementor-element-6875b22 e-con-full e-flex e-con e-parent\" data-id=\"6875b22\" data-element_type=\"container\" data-e-type=\"container\">\n\t\t\t\t<div class=\"elementor-element elementor-element-bd10785 elementor-widget__width-initial elementor-widget elementor-widget-heading\" data-id=\"bd10785\" data-element_type=\"widget\" data-e-type=\"widget\" data-widget_type=\"heading.default\">\n\t\t\t\t\t<h2 class=\"elementor-heading-title elementor-size-default\">Warum BOSS METAL?<\/h2>\t\t\t\t<\/div>\n\t\t\t\t<div class=\"elementor-element elementor-element-67c2f56 e-n-tabs-none elementor-widget elementor-widget-n-tabs\" data-id=\"67c2f56\" data-element_type=\"widget\" data-e-type=\"widget\" data-widget_type=\"nested-tabs.default\">\n\t\t\t\t\t\t\t<div class=\"e-n-tabs\" data-widget-number=\"108801878\" aria-label=\"Registerkarten. \u00d6ffnen Sie Elemente mit Enter oder Space, schlie\u00dfen Sie sie mit Escape und navigieren Sie mit den Pfeiltasten.\" data-no-translation-aria-label=\"\">\n\t\t\t<div class=\"e-n-tabs-heading\" role=\"tablist\">\n\t\t\t\t\t<button id=\"e-n-tab-title-1088018781\" data-tab-title-id=\"e-n-tab-title-1088018781\" class=\"e-n-tab-title\" aria-selected=\"true\" data-tab-index=\"1\" role=\"tab\" tabindex=\"0\" aria-controls=\"e-n-tab-content-1088018781\" style=\"--n-tabs-title-order: 1;\">\n\t\t\t\t\t\t<span class=\"e-n-tab-title-text\">\n\t\t\t\tGarantie\t\t\t<\/span>\n\t\t<\/button>\n\t\t\t\t<button id=\"e-n-tab-title-1088018782\" data-tab-title-id=\"e-n-tab-title-1088018782\" class=\"e-n-tab-title\" aria-selected=\"false\" data-tab-index=\"2\" role=\"tab\" tabindex=\"-1\" aria-controls=\"e-n-tab-content-1088018782\" style=\"--n-tabs-title-order: 2;\">\n\t\t\t\t\t\t<span class=\"e-n-tab-title-text\">\n\t\t\t\tQR-Code\t\t\t<\/span>\n\t\t<\/button>\n\t\t\t\t<button id=\"e-n-tab-title-1088018783\" data-tab-title-id=\"e-n-tab-title-1088018783\" class=\"e-n-tab-title\" aria-selected=\"false\" data-tab-index=\"3\" role=\"tab\" tabindex=\"-1\" aria-controls=\"e-n-tab-content-1088018783\" style=\"--n-tabs-title-order: 3;\">\n\t\t\t\t\t\t<span class=\"e-n-tab-title-text\">\n\t\t\t\tGr\u00f6\u00dfen\t\t\t<\/span>\n\t\t<\/button>\n\t\t\t\t<button id=\"e-n-tab-title-1088018784\" data-tab-title-id=\"e-n-tab-title-1088018784\" class=\"e-n-tab-title\" aria-selected=\"false\" data-tab-index=\"4\" role=\"tab\" tabindex=\"-1\" aria-controls=\"e-n-tab-content-1088018784\" style=\"--n-tabs-title-order: 4;\">\n\t\t\t\t\t\t<span class=\"e-n-tab-title-text\">\n\t\t\t\tSpezialisierung\t\t\t<\/span>\n\t\t<\/button>\n\t\t\t\t\t<\/div>\n\t\t\t<div class=\"e-n-tabs-content\">\n\t\t\t\t<div id=\"e-n-tab-content-1088018781\" role=\"tabpanel\" aria-labelledby=\"e-n-tab-title-1088018781\" data-tab-index=\"1\" style=\"--n-tabs-title-order: 1;\" class=\"e-active elementor-element elementor-element-73b18d5 e-con-full e-flex e-con e-child\" data-id=\"73b18d5\" data-element_type=\"container\" data-e-type=\"container\">\n\t\t<div class=\"elementor-element elementor-element-d8ae7f9 e-con-full e-flex e-con e-child\" data-id=\"d8ae7f9\" data-element_type=\"container\" data-e-type=\"container\">\n\t\t\t\t<div class=\"elementor-element elementor-element-f64e94b elementor-widget__width-inherit elementor-widget elementor-widget-heading\" data-id=\"f64e94b\" data-element_type=\"widget\" data-e-type=\"widget\" data-widget_type=\"heading.default\">\n\t\t\t\t\t<h2 class=\"elementor-heading-title elementor-size-default\">Das einzige Unternehmen auf dem lokalen Markt, das eine echte Garantie auf Schmelztiegel anbietet, denn wir haben volles Vertrauen in unsere Produkte.\n<\/h2>\t\t\t\t<\/div>\n\t\t\t\t<\/div>\n\t\t\t\t<div class=\"elementor-element elementor-element-5d109e0 elementor-widget-mobile__width-inherit elementor-widget elementor-widget-image\" data-id=\"5d109e0\" data-element_type=\"widget\" data-e-type=\"widget\" data-widget_type=\"image.default\">\n\t\t\t\t\t\t\t\t\t\t\t\t\t\t\t<img decoding=\"async\" width=\"1024\" height=\"467\" src=\"https:\/\/bossmetal.net\/wp-content\/uploads\/2025\/08\/Screenshot-from-2025-08-29-00-23-44-1024x467.png\" class=\"attachment-large size-large wp-image-1226\" alt=\"\" srcset=\"https:\/\/bossmetal.net\/wp-content\/uploads\/2025\/08\/Screenshot-from-2025-08-29-00-23-44-1024x467.png 1024w, https:\/\/bossmetal.net\/wp-content\/uploads\/2025\/08\/Screenshot-from-2025-08-29-00-23-44-300x137.png 300w, https:\/\/bossmetal.net\/wp-content\/uploads\/2025\/08\/Screenshot-from-2025-08-29-00-23-44-768x350.png 768w, https:\/\/bossmetal.net\/wp-content\/uploads\/2025\/08\/Screenshot-from-2025-08-29-00-23-44-1536x700.png 1536w, https:\/\/bossmetal.net\/wp-content\/uploads\/2025\/08\/Screenshot-from-2025-08-29-00-23-44.png 1920w\" sizes=\"(max-width: 1024px) 100vw, 1024px\" \/>\t\t\t\t\t\t\t\t\t\t\t\t\t\t\t<\/div>\n\t\t\t\t<\/div>\n\t\t<div id=\"e-n-tab-content-1088018782\" role=\"tabpanel\" aria-labelledby=\"e-n-tab-title-1088018782\" data-tab-index=\"2\" style=\"--n-tabs-title-order: 2;\" class=\"elementor-element elementor-element-6967e53 e-con-full e-flex e-con e-child\" data-id=\"6967e53\" data-element_type=\"container\" data-e-type=\"container\">\n\t\t<div class=\"elementor-element elementor-element-127d3e4 e-con-full e-flex e-con e-child\" data-id=\"127d3e4\" data-element_type=\"container\" data-e-type=\"container\">\n\t\t\t\t<div class=\"elementor-element elementor-element-bc04eb8 elementor-widget__width-inherit elementor-widget elementor-widget-heading\" data-id=\"bc04eb8\" data-element_type=\"widget\" data-e-type=\"widget\" data-widget_type=\"heading.default\">\n\t\t\t\t\t<h2 class=\"elementor-heading-title elementor-size-default\">Jeder Tiegel wird mit einem QR-Code-Etikett geliefert, mit dem die Kunden die Produktdetails und den Garantiestatus leicht \u00fcberpr\u00fcfen k\u00f6nnen.\n<\/h2>\t\t\t\t<\/div>\n\t\t\t\t<\/div>\n\t\t\t\t<div class=\"elementor-element elementor-element-3acf27a elementor-widget-mobile__width-inherit elementor-widget elementor-widget-image\" data-id=\"3acf27a\" data-element_type=\"widget\" data-e-type=\"widget\" data-widget_type=\"image.default\">\n\t\t\t\t\t\t\t\t\t\t\t\t\t\t\t<img decoding=\"async\" width=\"1024\" height=\"467\" src=\"https:\/\/bossmetal.net\/wp-content\/uploads\/2025\/08\/Screenshot-from-2025-08-29-00-23-37-1024x467.png\" class=\"attachment-large size-large wp-image-1225\" alt=\"\" srcset=\"https:\/\/bossmetal.net\/wp-content\/uploads\/2025\/08\/Screenshot-from-2025-08-29-00-23-37-1024x467.png 1024w, https:\/\/bossmetal.net\/wp-content\/uploads\/2025\/08\/Screenshot-from-2025-08-29-00-23-37-300x137.png 300w, https:\/\/bossmetal.net\/wp-content\/uploads\/2025\/08\/Screenshot-from-2025-08-29-00-23-37-768x350.png 768w, https:\/\/bossmetal.net\/wp-content\/uploads\/2025\/08\/Screenshot-from-2025-08-29-00-23-37-1536x700.png 1536w, https:\/\/bossmetal.net\/wp-content\/uploads\/2025\/08\/Screenshot-from-2025-08-29-00-23-37.png 1920w\" sizes=\"(max-width: 1024px) 100vw, 1024px\" \/>\t\t\t\t\t\t\t\t\t\t\t\t\t\t\t<\/div>\n\t\t\t\t<\/div>\n\t\t<div id=\"e-n-tab-content-1088018783\" role=\"tabpanel\" aria-labelledby=\"e-n-tab-title-1088018783\" data-tab-index=\"3\" style=\"--n-tabs-title-order: 3;\" class=\"elementor-element elementor-element-024b3ad e-con-full e-flex e-con e-child\" data-id=\"024b3ad\" data-element_type=\"container\" data-e-type=\"container\">\n\t\t<div class=\"elementor-element elementor-element-dd03fbc e-con-full e-flex e-con e-child\" data-id=\"dd03fbc\" data-element_type=\"container\" data-e-type=\"container\">\n\t\t\t\t<div class=\"elementor-element elementor-element-8b5958a elementor-widget__width-inherit elementor-widget elementor-widget-heading\" data-id=\"8b5958a\" data-element_type=\"widget\" data-e-type=\"widget\" data-widget_type=\"heading.default\">\n\t\t\t\t\t<h2 class=\"elementor-heading-title elementor-size-default\">Wir bieten alle Gr\u00f6\u00dfen f\u00fcr verschiedene Produktionslinien an.<\/h2>\t\t\t\t<\/div>\n\t\t\t\t<\/div>\n\t\t\t\t<div class=\"elementor-element elementor-element-0ce68f2 elementor-widget-mobile__width-inherit elementor-widget elementor-widget-image\" data-id=\"0ce68f2\" data-element_type=\"widget\" data-e-type=\"widget\" data-widget_type=\"image.default\">\n\t\t\t\t\t\t\t\t\t\t\t\t\t\t\t<img loading=\"lazy\" decoding=\"async\" width=\"1024\" height=\"467\" src=\"https:\/\/bossmetal.net\/wp-content\/uploads\/2025\/08\/Screenshot-from-2025-08-29-00-21-42-1024x467.png\" class=\"attachment-large size-large wp-image-1222\" alt=\"\" srcset=\"https:\/\/bossmetal.net\/wp-content\/uploads\/2025\/08\/Screenshot-from-2025-08-29-00-21-42-1024x467.png 1024w, https:\/\/bossmetal.net\/wp-content\/uploads\/2025\/08\/Screenshot-from-2025-08-29-00-21-42-300x137.png 300w, https:\/\/bossmetal.net\/wp-content\/uploads\/2025\/08\/Screenshot-from-2025-08-29-00-21-42-768x350.png 768w, https:\/\/bossmetal.net\/wp-content\/uploads\/2025\/08\/Screenshot-from-2025-08-29-00-21-42-1536x700.png 1536w, https:\/\/bossmetal.net\/wp-content\/uploads\/2025\/08\/Screenshot-from-2025-08-29-00-21-42.png 1920w\" sizes=\"(max-width: 1024px) 100vw, 1024px\" \/>\t\t\t\t\t\t\t\t\t\t\t\t\t\t\t<\/div>\n\t\t\t\t<\/div>\n\t\t<div id=\"e-n-tab-content-1088018784\" role=\"tabpanel\" aria-labelledby=\"e-n-tab-title-1088018784\" data-tab-index=\"4\" style=\"--n-tabs-title-order: 4;\" class=\"elementor-element elementor-element-a75b6b7 e-con-full e-flex e-con e-child\" data-id=\"a75b6b7\" data-element_type=\"container\" data-e-type=\"container\">\n\t\t<div class=\"elementor-element elementor-element-2888470 e-con-full e-flex e-con e-child\" data-id=\"2888470\" data-element_type=\"container\" data-e-type=\"container\">\n\t\t\t\t<div class=\"elementor-element elementor-element-60deefd elementor-widget__width-inherit elementor-widget elementor-widget-heading\" data-id=\"60deefd\" data-element_type=\"widget\" data-e-type=\"widget\" data-widget_type=\"heading.default\">\n\t\t\t\t\t<h2 class=\"elementor-heading-title elementor-size-default\">Spezialisierte Tiegel f\u00fcr die Aluminiumproduktion und andere, die auf Kupfer zugeschnitten sind, alle nach den h\u00f6chsten internationalen Standards hergestellt.<\/h2>\t\t\t\t<\/div>\n\t\t\t\t<\/div>\n\t\t\t\t<div class=\"elementor-element elementor-element-25784d2 elementor-widget-mobile__width-inherit elementor-widget elementor-widget-image\" data-id=\"25784d2\" data-element_type=\"widget\" data-e-type=\"widget\" data-widget_type=\"image.default\">\n\t\t\t\t\t\t\t\t\t\t\t\t\t\t\t<img loading=\"lazy\" decoding=\"async\" width=\"1024\" height=\"467\" src=\"https:\/\/bossmetal.net\/wp-content\/uploads\/2025\/08\/Screenshot-from-2025-08-29-00-22-56-1024x467.png\" class=\"attachment-large size-large wp-image-1223\" alt=\"\" srcset=\"https:\/\/bossmetal.net\/wp-content\/uploads\/2025\/08\/Screenshot-from-2025-08-29-00-22-56-1024x467.png 1024w, https:\/\/bossmetal.net\/wp-content\/uploads\/2025\/08\/Screenshot-from-2025-08-29-00-22-56-300x137.png 300w, https:\/\/bossmetal.net\/wp-content\/uploads\/2025\/08\/Screenshot-from-2025-08-29-00-22-56-768x350.png 768w, https:\/\/bossmetal.net\/wp-content\/uploads\/2025\/08\/Screenshot-from-2025-08-29-00-22-56-1536x700.png 1536w, https:\/\/bossmetal.net\/wp-content\/uploads\/2025\/08\/Screenshot-from-2025-08-29-00-22-56.png 1920w\" sizes=\"(max-width: 1024px) 100vw, 1024px\" \/>\t\t\t\t\t\t\t\t\t\t\t\t\t\t\t<\/div>\n\t\t\t\t<\/div>\n\t\t\t\t\t<\/div>\n\t\t<\/div>\n\t\t\t\t\t\t<\/div>\n\t\t\t\t<\/div>\n\t\t<div class=\"elementor-element elementor-element-05fcf02 e-con-full e-flex e-con e-parent\" data-id=\"05fcf02\" data-element_type=\"container\" data-e-type=\"container\">\n\t\t<div class=\"elementor-element elementor-element-defe803 e-con-full e-flex e-con e-child\" data-id=\"defe803\" data-element_type=\"container\" data-e-type=\"container\" data-settings=\"{&quot;background_background&quot;:&quot;gradient&quot;}\">\n\t\t<div class=\"elementor-element elementor-element-9715f69 e-con-full e-flex e-con e-child\" data-id=\"9715f69\" data-element_type=\"container\" data-e-type=\"container\">\n\t\t\t\t<div class=\"elementor-element elementor-element-6336225 elementor-widget__width-initial elementor-widget elementor-widget-heading\" data-id=\"6336225\" data-element_type=\"widget\" data-e-type=\"widget\" data-widget_type=\"heading.default\">\n\t\t\t\t\t<h2 class=\"elementor-heading-title elementor-size-default\">Sind Sie bereit, loszulegen?<\/h2>\t\t\t\t<\/div>\n\t\t\t\t<div class=\"elementor-element elementor-element-ab5300b elementor-widget elementor-widget-button\" data-id=\"ab5300b\" data-element_type=\"widget\" data-e-type=\"widget\" data-widget_type=\"button.default\">\n\t\t\t\t\t\t\t\t\t\t<a class=\"elementor-button elementor-button-link elementor-size-sm\" href=\"https:\/\/bossmetal.net\/de\/kontakt\/\">\n\t\t\t\t\t\t<span class=\"elementor-button-content-wrapper\">\n\t\t\t\t\t\t\t\t\t<span class=\"elementor-button-text\">Kontakt<\/span>\n\t\t\t\t\t<\/span>\n\t\t\t\t\t<\/a>\n\t\t\t\t\t\t\t\t<\/div>\n\t\t\t\t<\/div>\n\t\t<div class=\"elementor-element elementor-element-f4a0c47 e-con-full e-flex e-con e-child\" data-id=\"f4a0c47\" data-element_type=\"container\" data-e-type=\"container\">\n\t\t\t\t<div class=\"elementor-element elementor-element-97295f9 elementor-widget__width-inherit elementor-widget elementor-widget-heading\" data-id=\"97295f9\" data-element_type=\"widget\" data-e-type=\"widget\" data-widget_type=\"heading.default\">\n\t\t\t\t\t<h2 class=\"elementor-heading-title elementor-size-default\">Aluminiuml\u00f6sungen f\u00fcr Gie\u00dfereien und Industriekunden.\n<\/h2>\t\t\t\t<\/div>\n\t\t\t\t<div class=\"elementor-element elementor-element-b67775a elementor-widget__width-initial elementor-widget-mobile__width-inherit elementor-widget elementor-widget-heading\" data-id=\"b67775a\" data-element_type=\"widget\" data-e-type=\"widget\" data-widget_type=\"heading.default\">\n\t\t\t\t\t<h2 class=\"elementor-heading-title elementor-size-default\">Wir kennen Ihre Produktionsanforderungen, empfehlen die richtigen Materialien und liefern Hochleistungsprodukte, die auf langfristigen Erfolg ausgelegt sind.\n\n<\/h2>\t\t\t\t<\/div>\n\t\t\t\t<\/div>\n\t\t\t\t<\/div>\n\t\t\t\t<\/div>\n\t\t\t\t<\/div>","protected":false},"excerpt":{"rendered":"<p>At Boss Metal, trading in melting crucibles is not just about importing, Our journey started with research, experiments, and travels across different countries, visiting the largest factories worldwide, until we reached the finest crucibles that perfectly fit the local market and meet industrial needs with maximum efficiency. Explore \u2193 From the very beginning, our goals [&hellip;]<\/p>\n","protected":false},"author":1,"featured_media":0,"parent":508,"menu_order":0,"comment_status":"closed","ping_status":"closed","template":"","meta":{"_acf_changed":false,"footnotes":""},"class_list":["post-673","page","type-page","status-publish","hentry"],"blocksy_meta":[],"acf":[],"_links":{"self":[{"href":"https:\/\/bossmetal.net\/de\/wp-json\/wp\/v2\/pages\/673","targetHints":{"allow":["GET"]}}],"collection":[{"href":"https:\/\/bossmetal.net\/de\/wp-json\/wp\/v2\/pages"}],"about":[{"href":"https:\/\/bossmetal.net\/de\/wp-json\/wp\/v2\/types\/page"}],"author":[{"embeddable":true,"href":"https:\/\/bossmetal.net\/de\/wp-json\/wp\/v2\/users\/1"}],"replies":[{"embeddable":true,"href":"https:\/\/bossmetal.net\/de\/wp-json\/wp\/v2\/comments?post=673"}],"version-history":[{"count":28,"href":"https:\/\/bossmetal.net\/de\/wp-json\/wp\/v2\/pages\/673\/revisions"}],"predecessor-version":[{"id":1421,"href":"https:\/\/bossmetal.net\/de\/wp-json\/wp\/v2\/pages\/673\/revisions\/1421"}],"up":[{"embeddable":true,"href":"https:\/\/bossmetal.net\/de\/wp-json\/wp\/v2\/pages\/508"}],"wp:attachment":[{"href":"https:\/\/bossmetal.net\/de\/wp-json\/wp\/v2\/media?parent=673"}],"curies":[{"name":"wp","href":"https:\/\/api.w.org\/{rel}","templated":true}]}}